{"id":58448,"date":"2024-05-27T08:35:11","date_gmt":"2024-05-27T06:40:21","guid":{"rendered":"https:\/\/www.twinnyload.com\/product\/twinny-load-support-mural-pour-porte-velos\/"},"modified":"2024-05-27T08:40:21","modified_gmt":"2024-05-27T06:40:21","slug":"twinny-load-support-mural-pour-porte-velos","status":"publish","type":"product","link":"https:\/\/www.twinnyload.com\/fr\/produit\/twinny-load-support-mural-pour-porte-velos\/","title":{"rendered":"Twinny load Support mural pour Porte-velos"},"content":{"rendered":"<p>Twinny load Support mural pour Porte-velos<\/p>\n<p>Ce support mural Twinny Load permet de suspendre facilement un porte-v\u00e9los dans le garage. Le support mural en acier convient \u00e0 presque tous les porte-v\u00e9los pouvant \u00eatre mont\u00e9s sur une barre d&rsquo;attelage. Le porte-v\u00e9los est mont\u00e9 sur le support de la m\u00eame mani\u00e8re qu&rsquo;il est plac\u00e9 sur la barre d&rsquo;attelage. Le support mural a une taille de 17,4x16cm et peut supporter une charge maximale de 50KG.<\/p>\n","protected":false},"excerpt":{"rendered":"<p>Twinny load Support mural pour Porte-velos<\/p>\n","protected":false},"featured_media":58437,"comment_status":"closed","ping_status":"closed","template":"","meta":{"_acf_changed":false,"_et_pb_use_builder":"","_et_pb_old_content":"","_et_gb_content_width":""},"product_brand":[],"product_cat":[210],"product_tag":[334],"class_list":{"0":"post-58448","1":"product","2":"type-product","3":"status-publish","4":"has-post-thumbnail","6":"product_cat-accessoires-fr","7":"product_tag-porte-velos-fr","8":"pa_couleur-argent","9":"pa_materiaal-acier","10":"pa_matiere-acier","12":"first","13":"instock","14":"taxable","15":"shipping-taxable","16":"purchasable","17":"product-type-simple"},"acf":[],"yoast_head":"<!-- This site is optimized with the Yoast SEO plugin v27.5 - https:\/\/yoast.com\/product\/yoast-seo-wordpress\/ -->\n<title>Twinny load Support mural pour Porte-velos - TwinnyLoad<\/title>\n<meta name=\"robots\" content=\"index, follow, max-snippet:-1, max-image-preview:large, max-video-preview:-1\" \/>\n<link rel=\"canonical\" href=\"https:\/\/www.twinnyload.com\/fr\/produit\/twinny-load-support-mural-pour-porte-velos\/\" \/>\n<meta property=\"og:locale\" content=\"fr_FR\" \/>\n<meta property=\"og:type\" content=\"article\" \/>\n<meta property=\"og:title\" content=\"Twinny load Support mural pour Porte-velos - TwinnyLoad\" \/>\n<meta property=\"og:description\" content=\"Twinny load Support mural pour Porte-velos\" \/>\n<meta property=\"og:url\" content=\"https:\/\/www.twinnyload.com\/fr\/produit\/twinny-load-support-mural-pour-porte-velos\/\" \/>\n<meta property=\"og:site_name\" content=\"TwinnyLoad\" \/>\n<meta property=\"og:image\" content=\"https:\/\/www.twinnyload.com\/wp-content\/uploads\/2024\/05\/TL_627913509_1.jpg\" \/>\n\t<meta property=\"og:image:width\" content=\"800\" \/>\n\t<meta property=\"og:image:height\" content=\"800\" \/>\n\t<meta property=\"og:image:type\" content=\"image\/jpeg\" \/>\n<meta name=\"twitter:card\" content=\"summary_large_image\" \/>\n<script type=\"application\/ld+json\" class=\"yoast-schema-graph\">{\"@context\":\"https:\\\/\\\/schema.org\",\"@graph\":[{\"@type\":\"WebPage\",\"@id\":\"https:\\\/\\\/www.twinnyload.com\\\/fr\\\/produit\\\/twinny-load-support-mural-pour-porte-velos\\\/\",\"url\":\"https:\\\/\\\/www.twinnyload.com\\\/fr\\\/produit\\\/twinny-load-support-mural-pour-porte-velos\\\/\",\"name\":\"Twinny load Support mural pour Porte-velos - TwinnyLoad\",\"isPartOf\":{\"@id\":\"https:\\\/\\\/www.twinnyload.com\\\/fr\\\/#website\"},\"primaryImageOfPage\":{\"@id\":\"https:\\\/\\\/www.twinnyload.com\\\/fr\\\/produit\\\/twinny-load-support-mural-pour-porte-velos\\\/#primaryimage\"},\"image\":{\"@id\":\"https:\\\/\\\/www.twinnyload.com\\\/fr\\\/produit\\\/twinny-load-support-mural-pour-porte-velos\\\/#primaryimage\"},\"thumbnailUrl\":\"https:\\\/\\\/i0.wp.com\\\/www.twinnyload.com\\\/wp-content\\\/uploads\\\/2024\\\/05\\\/TL_627913509_1.jpg?fit=800%2C800&ssl=1\",\"datePublished\":\"2024-05-27T06:40:21+00:00\",\"breadcrumb\":{\"@id\":\"https:\\\/\\\/www.twinnyload.com\\\/fr\\\/produit\\\/twinny-load-support-mural-pour-porte-velos\\\/#breadcrumb\"},\"inLanguage\":\"fr-FR\",\"potentialAction\":[{\"@type\":\"ReadAction\",\"target\":[\"https:\\\/\\\/www.twinnyload.com\\\/fr\\\/produit\\\/twinny-load-support-mural-pour-porte-velos\\\/\"]}]},{\"@type\":\"ImageObject\",\"inLanguage\":\"fr-FR\",\"@id\":\"https:\\\/\\\/www.twinnyload.com\\\/fr\\\/produit\\\/twinny-load-support-mural-pour-porte-velos\\\/#primaryimage\",\"url\":\"https:\\\/\\\/i0.wp.com\\\/www.twinnyload.com\\\/wp-content\\\/uploads\\\/2024\\\/05\\\/TL_627913509_1.jpg?fit=800%2C800&ssl=1\",\"contentUrl\":\"https:\\\/\\\/i0.wp.com\\\/www.twinnyload.com\\\/wp-content\\\/uploads\\\/2024\\\/05\\\/TL_627913509_1.jpg?fit=800%2C800&ssl=1\",\"width\":800,\"height\":800},{\"@type\":\"BreadcrumbList\",\"@id\":\"https:\\\/\\\/www.twinnyload.com\\\/fr\\\/produit\\\/twinny-load-support-mural-pour-porte-velos\\\/#breadcrumb\",\"itemListElement\":[{\"@type\":\"ListItem\",\"position\":1,\"name\":\"Home\",\"item\":\"https:\\\/\\\/www.twinnyload.com\\\/fr\\\/\"},{\"@type\":\"ListItem\",\"position\":2,\"name\":\"Boutique\",\"item\":\"https:\\\/\\\/www.twinnyload.com\\\/fr\\\/shop\\\/\"},{\"@type\":\"ListItem\",\"position\":3,\"name\":\"Twinny load Support mural pour Porte-velos\"}]},{\"@type\":\"WebSite\",\"@id\":\"https:\\\/\\\/www.twinnyload.com\\\/fr\\\/#website\",\"url\":\"https:\\\/\\\/www.twinnyload.com\\\/fr\\\/\",\"name\":\"TwinnyLoad\",\"description\":\"fietsendragers en dakkoffers\",\"publisher\":{\"@id\":\"https:\\\/\\\/www.twinnyload.com\\\/fr\\\/#organization\"},\"potentialAction\":[{\"@type\":\"SearchAction\",\"target\":{\"@type\":\"EntryPoint\",\"urlTemplate\":\"https:\\\/\\\/www.twinnyload.com\\\/fr\\\/?s={search_term_string}\"},\"query-input\":{\"@type\":\"PropertyValueSpecification\",\"valueRequired\":true,\"valueName\":\"search_term_string\"}}],\"inLanguage\":\"fr-FR\"},{\"@type\":\"Organization\",\"@id\":\"https:\\\/\\\/www.twinnyload.com\\\/fr\\\/#organization\",\"name\":\"Twinny Load\",\"url\":\"https:\\\/\\\/www.twinnyload.com\\\/fr\\\/\",\"logo\":{\"@type\":\"ImageObject\",\"inLanguage\":\"fr-FR\",\"@id\":\"https:\\\/\\\/www.twinnyload.com\\\/fr\\\/#\\\/schema\\\/logo\\\/image\\\/\",\"url\":\"https:\\\/\\\/i2.wp.com\\\/www.twinnyload.com\\\/wp-content\\\/uploads\\\/2020\\\/06\\\/Twinny-Load-logo-CMYK.png?fit=531%2C87&ssl=1\",\"contentUrl\":\"https:\\\/\\\/i2.wp.com\\\/www.twinnyload.com\\\/wp-content\\\/uploads\\\/2020\\\/06\\\/Twinny-Load-logo-CMYK.png?fit=531%2C87&ssl=1\",\"width\":531,\"height\":87,\"caption\":\"Twinny Load\"},\"image\":{\"@id\":\"https:\\\/\\\/www.twinnyload.com\\\/fr\\\/#\\\/schema\\\/logo\\\/image\\\/\"}}]}<\/script>\n<!-- \/ Yoast SEO plugin. -->","yoast_head_json":{"title":"Twinny load Support mural pour Porte-velos - TwinnyLoad","robots":{"index":"index","follow":"follow","max-snippet":"max-snippet:-1","max-image-preview":"max-image-preview:large","max-video-preview":"max-video-preview:-1"},"canonical":"https:\/\/www.twinnyload.com\/fr\/produit\/twinny-load-support-mural-pour-porte-velos\/","og_locale":"fr_FR","og_type":"article","og_title":"Twinny load Support mural pour Porte-velos - TwinnyLoad","og_description":"Twinny load Support mural pour Porte-velos","og_url":"https:\/\/www.twinnyload.com\/fr\/produit\/twinny-load-support-mural-pour-porte-velos\/","og_site_name":"TwinnyLoad","og_image":[{"width":800,"height":800,"url":"https:\/\/www.twinnyload.com\/wp-content\/uploads\/2024\/05\/TL_627913509_1.jpg","type":"image\/jpeg"}],"twitter_card":"summary_large_image","schema":{"@context":"https:\/\/schema.org","@graph":[{"@type":"WebPage","@id":"https:\/\/www.twinnyload.com\/fr\/produit\/twinny-load-support-mural-pour-porte-velos\/","url":"https:\/\/www.twinnyload.com\/fr\/produit\/twinny-load-support-mural-pour-porte-velos\/","name":"Twinny load Support mural pour Porte-velos - TwinnyLoad","isPartOf":{"@id":"https:\/\/www.twinnyload.com\/fr\/#website"},"primaryImageOfPage":{"@id":"https:\/\/www.twinnyload.com\/fr\/produit\/twinny-load-support-mural-pour-porte-velos\/#primaryimage"},"image":{"@id":"https:\/\/www.twinnyload.com\/fr\/produit\/twinny-load-support-mural-pour-porte-velos\/#primaryimage"},"thumbnailUrl":"https:\/\/i0.wp.com\/www.twinnyload.com\/wp-content\/uploads\/2024\/05\/TL_627913509_1.jpg?fit=800%2C800&ssl=1","datePublished":"2024-05-27T06:40:21+00:00","breadcrumb":{"@id":"https:\/\/www.twinnyload.com\/fr\/produit\/twinny-load-support-mural-pour-porte-velos\/#breadcrumb"},"inLanguage":"fr-FR","potentialAction":[{"@type":"ReadAction","target":["https:\/\/www.twinnyload.com\/fr\/produit\/twinny-load-support-mural-pour-porte-velos\/"]}]},{"@type":"ImageObject","inLanguage":"fr-FR","@id":"https:\/\/www.twinnyload.com\/fr\/produit\/twinny-load-support-mural-pour-porte-velos\/#primaryimage","url":"https:\/\/i0.wp.com\/www.twinnyload.com\/wp-content\/uploads\/2024\/05\/TL_627913509_1.jpg?fit=800%2C800&ssl=1","contentUrl":"https:\/\/i0.wp.com\/www.twinnyload.com\/wp-content\/uploads\/2024\/05\/TL_627913509_1.jpg?fit=800%2C800&ssl=1","width":800,"height":800},{"@type":"BreadcrumbList","@id":"https:\/\/www.twinnyload.com\/fr\/produit\/twinny-load-support-mural-pour-porte-velos\/#breadcrumb","itemListElement":[{"@type":"ListItem","position":1,"name":"Home","item":"https:\/\/www.twinnyload.com\/fr\/"},{"@type":"ListItem","position":2,"name":"Boutique","item":"https:\/\/www.twinnyload.com\/fr\/shop\/"},{"@type":"ListItem","position":3,"name":"Twinny load Support mural pour Porte-velos"}]},{"@type":"WebSite","@id":"https:\/\/www.twinnyload.com\/fr\/#website","url":"https:\/\/www.twinnyload.com\/fr\/","name":"TwinnyLoad","description":"fietsendragers en dakkoffers","publisher":{"@id":"https:\/\/www.twinnyload.com\/fr\/#organization"},"potentialAction":[{"@type":"SearchAction","target":{"@type":"EntryPoint","urlTemplate":"https:\/\/www.twinnyload.com\/fr\/?s={search_term_string}"},"query-input":{"@type":"PropertyValueSpecification","valueRequired":true,"valueName":"search_term_string"}}],"inLanguage":"fr-FR"},{"@type":"Organization","@id":"https:\/\/www.twinnyload.com\/fr\/#organization","name":"Twinny Load","url":"https:\/\/www.twinnyload.com\/fr\/","logo":{"@type":"ImageObject","inLanguage":"fr-FR","@id":"https:\/\/www.twinnyload.com\/fr\/#\/schema\/logo\/image\/","url":"https:\/\/i2.wp.com\/www.twinnyload.com\/wp-content\/uploads\/2020\/06\/Twinny-Load-logo-CMYK.png?fit=531%2C87&ssl=1","contentUrl":"https:\/\/i2.wp.com\/www.twinnyload.com\/wp-content\/uploads\/2020\/06\/Twinny-Load-logo-CMYK.png?fit=531%2C87&ssl=1","width":531,"height":87,"caption":"Twinny Load"},"image":{"@id":"https:\/\/www.twinnyload.com\/fr\/#\/schema\/logo\/image\/"}}]}},"jetpack_sharing_enabled":true,"_links":{"self":[{"href":"https:\/\/www.twinnyload.com\/fr\/wp-json\/wp\/v2\/product\/58448","targetHints":{"allow":["GET"]}}],"collection":[{"href":"https:\/\/www.twinnyload.com\/fr\/wp-json\/wp\/v2\/product"}],"about":[{"href":"https:\/\/www.twinnyload.com\/fr\/wp-json\/wp\/v2\/types\/product"}],"replies":[{"embeddable":true,"href":"https:\/\/www.twinnyload.com\/fr\/wp-json\/wp\/v2\/comments?post=58448"}],"wp:featuredmedia":[{"embeddable":true,"href":"https:\/\/www.twinnyload.com\/fr\/wp-json\/wp\/v2\/media\/58437"}],"wp:attachment":[{"href":"https:\/\/www.twinnyload.com\/fr\/wp-json\/wp\/v2\/media?parent=58448"}],"wp:term":[{"taxonomy":"product_brand","embeddable":true,"href":"https:\/\/www.twinnyload.com\/fr\/wp-json\/wp\/v2\/product_brand?post=58448"},{"taxonomy":"product_cat","embeddable":true,"href":"https:\/\/www.twinnyload.com\/fr\/wp-json\/wp\/v2\/product_cat?post=58448"},{"taxonomy":"product_tag","embeddable":true,"href":"https:\/\/www.twinnyload.com\/fr\/wp-json\/wp\/v2\/product_tag?post=58448"}],"curies":[{"name":"wp","href":"https:\/\/api.w.org\/{rel}","templated":true}]}}