{"id":58187,"date":"2024-05-03T09:40:09","date_gmt":"2024-05-03T07:53:40","guid":{"rendered":"https:\/\/www.twinnyload.com\/product\/twinny-load-coffre-de-toit-tbx-470-litres-noir-mat-avec-texture-189x78x38cm\/"},"modified":"2024-05-03T09:53:48","modified_gmt":"2024-05-03T07:53:48","slug":"twinny-load-coffre-de-toit-tbx-470-litres-noir-mat-avec-texture-189x78x38cm","status":"publish","type":"product","link":"https:\/\/www.twinnyload.com\/fr\/produit\/twinny-load-coffre-de-toit-tbx-470-litres-noir-mat-avec-texture-189x78x38cm\/","title":{"rendered":"Twinny Load Coffre de Toit TBX 470 litres Noir Mat avec Texture 189x78x38cm"},"content":{"rendered":"<p>Coffre de Toit Twinny Load TBX 470 Litre Noir-Mat avec Texture &#8211; 189x78x38cm &#8211; Attachement-U 65 &#038; 100mm<\/p>\n<p>Capacit\u00e9: 470 L<br \/>\nLongueur en cm: 189 cm<\/p>\n<p>Avec un volume de 470 l et une capacit\u00e9 de charge maximale de 75 kg, le TBX 470 livre des prestations optimales et est un des coffres de toit les plus vendus sur le march\u00e9.<\/p>\n<p>Le design a\u00e9rodynamique du coffre de toit Twinny Load garantit une conduite parfaitement agr\u00e9able et n\u2019influence gu\u00e8re la consommation de carburant. Une finition de qualit\u00e9 sup\u00e9rieure sous forme d\u2019une protection antirayures et anti-UV donne sa touche finale au coffre de toit Twinny Load.<\/p>\n<p>Le coffre de toit Twinny Load TBX 470 associe la qualit\u00e9 et la fonctionnalit\u00e9 : bref, un achat id\u00e9al pour chaque consommateur !<\/p>\n<p>Sp\u00e9cifications:<br \/>\nContenu: 470 Litre<br \/>\nMax poids: 75 Kg<br \/>\nSangles: 2<br \/>\nMontage: Attachement U 60mm &#038; 90mm<br \/>\nOuverture: \u00e0 droite<br \/>\nFermeture: Central 2 points<br \/>\nT\u00e9moignage: CityCrash, ISO 11154, TUV\/GS<br \/>\nLongueur en cm: 189<br \/>\nLargeur en cm: 78<br \/>\nHauteur en cm: 38<br \/>\nPoids: 15 Kg<br \/>\nMat\u00e9riau:ABS + PST<br \/>\nCouleur: Noir-Mat avec texture (Optique-carbon\u00e9)<\/p>\n","protected":false},"excerpt":{"rendered":"<p>Twinny Load Coffre de Toit TBX 470 litres Noir Mat avec Texture 189x78x38cm<\/p>\n","protected":false},"featured_media":58172,"comment_status":"closed","ping_status":"closed","template":"","meta":{"_acf_changed":false,"_et_pb_use_builder":"","_et_pb_old_content":"","_et_gb_content_width":""},"product_brand":[],"product_cat":[214],"product_tag":[],"class_list":{"0":"post-58187","1":"product","2":"type-product","3":"status-publish","4":"has-post-thumbnail","6":"product_cat-coffres-de-toit","7":"pa_couleur-carbone","8":"pa_couleur-noir-mat","9":"pa_matiere-abs","11":"first","12":"instock","13":"taxable","14":"shipping-taxable","15":"purchasable","16":"product-type-simple"},"acf":[],"yoast_head":"<!-- This site is optimized with the Yoast SEO plugin v27.4 - https:\/\/yoast.com\/product\/yoast-seo-wordpress\/ -->\n<title>Twinny Load Coffre de Toit TBX 470 litres Noir Mat avec Texture 189x78x38cm - TwinnyLoad<\/title>\n<meta name=\"robots\" content=\"index, follow, max-snippet:-1, max-image-preview:large, max-video-preview:-1\" \/>\n<link rel=\"canonical\" href=\"https:\/\/www.twinnyload.com\/fr\/produit\/twinny-load-coffre-de-toit-tbx-470-litres-noir-mat-avec-texture-189x78x38cm\/\" \/>\n<meta property=\"og:locale\" content=\"fr_FR\" \/>\n<meta property=\"og:type\" content=\"article\" \/>\n<meta property=\"og:title\" content=\"Twinny Load Coffre de Toit TBX 470 litres Noir Mat avec Texture 189x78x38cm - TwinnyLoad\" \/>\n<meta property=\"og:description\" content=\"Twinny Load Coffre de Toit TBX 470 litres Noir Mat avec Texture 189x78x38cm\" \/>\n<meta property=\"og:url\" content=\"https:\/\/www.twinnyload.com\/fr\/produit\/twinny-load-coffre-de-toit-tbx-470-litres-noir-mat-avec-texture-189x78x38cm\/\" \/>\n<meta property=\"og:site_name\" content=\"TwinnyLoad\" \/>\n<meta property=\"article:modified_time\" content=\"2024-05-03T07:53:48+00:00\" \/>\n<meta property=\"og:image\" content=\"https:\/\/i0.wp.com\/www.twinnyload.com\/wp-content\/uploads\/2024\/05\/TL_627915048_1.jpg?fit=800%2C800&ssl=1\" \/>\n\t<meta property=\"og:image:width\" content=\"800\" \/>\n\t<meta property=\"og:image:height\" content=\"800\" \/>\n\t<meta property=\"og:image:type\" content=\"image\/jpeg\" \/>\n<meta name=\"twitter:card\" content=\"summary_large_image\" \/>\n<meta name=\"twitter:label1\" content=\"Dur\u00e9e de lecture estim\u00e9e\" \/>\n\t<meta name=\"twitter:data1\" content=\"1 minute\" \/>\n<script type=\"application\/ld+json\" class=\"yoast-schema-graph\">{\"@context\":\"https:\\\/\\\/schema.org\",\"@graph\":[{\"@type\":\"WebPage\",\"@id\":\"https:\\\/\\\/www.twinnyload.com\\\/fr\\\/produit\\\/twinny-load-coffre-de-toit-tbx-470-litres-noir-mat-avec-texture-189x78x38cm\\\/\",\"url\":\"https:\\\/\\\/www.twinnyload.com\\\/fr\\\/produit\\\/twinny-load-coffre-de-toit-tbx-470-litres-noir-mat-avec-texture-189x78x38cm\\\/\",\"name\":\"Twinny Load Coffre de Toit TBX 470 litres Noir Mat avec Texture 189x78x38cm - TwinnyLoad\",\"isPartOf\":{\"@id\":\"https:\\\/\\\/www.twinnyload.com\\\/fr\\\/#website\"},\"primaryImageOfPage\":{\"@id\":\"https:\\\/\\\/www.twinnyload.com\\\/fr\\\/produit\\\/twinny-load-coffre-de-toit-tbx-470-litres-noir-mat-avec-texture-189x78x38cm\\\/#primaryimage\"},\"image\":{\"@id\":\"https:\\\/\\\/www.twinnyload.com\\\/fr\\\/produit\\\/twinny-load-coffre-de-toit-tbx-470-litres-noir-mat-avec-texture-189x78x38cm\\\/#primaryimage\"},\"thumbnailUrl\":\"https:\\\/\\\/i0.wp.com\\\/www.twinnyload.com\\\/wp-content\\\/uploads\\\/2024\\\/05\\\/TL_627915048_1.jpg?fit=800%2C800&ssl=1\",\"datePublished\":\"2024-05-03T07:53:40+00:00\",\"dateModified\":\"2024-05-03T07:53:48+00:00\",\"breadcrumb\":{\"@id\":\"https:\\\/\\\/www.twinnyload.com\\\/fr\\\/produit\\\/twinny-load-coffre-de-toit-tbx-470-litres-noir-mat-avec-texture-189x78x38cm\\\/#breadcrumb\"},\"inLanguage\":\"fr-FR\",\"potentialAction\":[{\"@type\":\"ReadAction\",\"target\":[\"https:\\\/\\\/www.twinnyload.com\\\/fr\\\/produit\\\/twinny-load-coffre-de-toit-tbx-470-litres-noir-mat-avec-texture-189x78x38cm\\\/\"]}]},{\"@type\":\"ImageObject\",\"inLanguage\":\"fr-FR\",\"@id\":\"https:\\\/\\\/www.twinnyload.com\\\/fr\\\/produit\\\/twinny-load-coffre-de-toit-tbx-470-litres-noir-mat-avec-texture-189x78x38cm\\\/#primaryimage\",\"url\":\"https:\\\/\\\/i0.wp.com\\\/www.twinnyload.com\\\/wp-content\\\/uploads\\\/2024\\\/05\\\/TL_627915048_1.jpg?fit=800%2C800&ssl=1\",\"contentUrl\":\"https:\\\/\\\/i0.wp.com\\\/www.twinnyload.com\\\/wp-content\\\/uploads\\\/2024\\\/05\\\/TL_627915048_1.jpg?fit=800%2C800&ssl=1\",\"width\":800,\"height\":800},{\"@type\":\"BreadcrumbList\",\"@id\":\"https:\\\/\\\/www.twinnyload.com\\\/fr\\\/produit\\\/twinny-load-coffre-de-toit-tbx-470-litres-noir-mat-avec-texture-189x78x38cm\\\/#breadcrumb\",\"itemListElement\":[{\"@type\":\"ListItem\",\"position\":1,\"name\":\"Home\",\"item\":\"https:\\\/\\\/www.twinnyload.com\\\/fr\\\/\"},{\"@type\":\"ListItem\",\"position\":2,\"name\":\"Boutique\",\"item\":\"https:\\\/\\\/www.twinnyload.com\\\/fr\\\/shop\\\/\"},{\"@type\":\"ListItem\",\"position\":3,\"name\":\"Twinny Load Coffre de Toit TBX 470 litres Noir Mat avec Texture 189x78x38cm\"}]},{\"@type\":\"WebSite\",\"@id\":\"https:\\\/\\\/www.twinnyload.com\\\/fr\\\/#website\",\"url\":\"https:\\\/\\\/www.twinnyload.com\\\/fr\\\/\",\"name\":\"TwinnyLoad\",\"description\":\"fietsendragers en dakkoffers\",\"publisher\":{\"@id\":\"https:\\\/\\\/www.twinnyload.com\\\/fr\\\/#organization\"},\"potentialAction\":[{\"@type\":\"SearchAction\",\"target\":{\"@type\":\"EntryPoint\",\"urlTemplate\":\"https:\\\/\\\/www.twinnyload.com\\\/fr\\\/?s={search_term_string}\"},\"query-input\":{\"@type\":\"PropertyValueSpecification\",\"valueRequired\":true,\"valueName\":\"search_term_string\"}}],\"inLanguage\":\"fr-FR\"},{\"@type\":\"Organization\",\"@id\":\"https:\\\/\\\/www.twinnyload.com\\\/fr\\\/#organization\",\"name\":\"Twinny Load\",\"url\":\"https:\\\/\\\/www.twinnyload.com\\\/fr\\\/\",\"logo\":{\"@type\":\"ImageObject\",\"inLanguage\":\"fr-FR\",\"@id\":\"https:\\\/\\\/www.twinnyload.com\\\/fr\\\/#\\\/schema\\\/logo\\\/image\\\/\",\"url\":\"https:\\\/\\\/i2.wp.com\\\/www.twinnyload.com\\\/wp-content\\\/uploads\\\/2020\\\/06\\\/Twinny-Load-logo-CMYK.png?fit=531%2C87&ssl=1\",\"contentUrl\":\"https:\\\/\\\/i2.wp.com\\\/www.twinnyload.com\\\/wp-content\\\/uploads\\\/2020\\\/06\\\/Twinny-Load-logo-CMYK.png?fit=531%2C87&ssl=1\",\"width\":531,\"height\":87,\"caption\":\"Twinny Load\"},\"image\":{\"@id\":\"https:\\\/\\\/www.twinnyload.com\\\/fr\\\/#\\\/schema\\\/logo\\\/image\\\/\"}}]}<\/script>\n<!-- \/ Yoast SEO plugin. -->","yoast_head_json":{"title":"Twinny Load Coffre de Toit TBX 470 litres Noir Mat avec Texture 189x78x38cm - TwinnyLoad","robots":{"index":"index","follow":"follow","max-snippet":"max-snippet:-1","max-image-preview":"max-image-preview:large","max-video-preview":"max-video-preview:-1"},"canonical":"https:\/\/www.twinnyload.com\/fr\/produit\/twinny-load-coffre-de-toit-tbx-470-litres-noir-mat-avec-texture-189x78x38cm\/","og_locale":"fr_FR","og_type":"article","og_title":"Twinny Load Coffre de Toit TBX 470 litres Noir Mat avec Texture 189x78x38cm - TwinnyLoad","og_description":"Twinny Load Coffre de Toit TBX 470 litres Noir Mat avec Texture 189x78x38cm","og_url":"https:\/\/www.twinnyload.com\/fr\/produit\/twinny-load-coffre-de-toit-tbx-470-litres-noir-mat-avec-texture-189x78x38cm\/","og_site_name":"TwinnyLoad","article_modified_time":"2024-05-03T07:53:48+00:00","og_image":[{"width":800,"height":800,"url":"https:\/\/i0.wp.com\/www.twinnyload.com\/wp-content\/uploads\/2024\/05\/TL_627915048_1.jpg?fit=800%2C800&ssl=1","type":"image\/jpeg"}],"twitter_card":"summary_large_image","twitter_misc":{"Dur\u00e9e de lecture estim\u00e9e":"1 minute"},"schema":{"@context":"https:\/\/schema.org","@graph":[{"@type":"WebPage","@id":"https:\/\/www.twinnyload.com\/fr\/produit\/twinny-load-coffre-de-toit-tbx-470-litres-noir-mat-avec-texture-189x78x38cm\/","url":"https:\/\/www.twinnyload.com\/fr\/produit\/twinny-load-coffre-de-toit-tbx-470-litres-noir-mat-avec-texture-189x78x38cm\/","name":"Twinny Load Coffre de Toit TBX 470 litres Noir Mat avec Texture 189x78x38cm - TwinnyLoad","isPartOf":{"@id":"https:\/\/www.twinnyload.com\/fr\/#website"},"primaryImageOfPage":{"@id":"https:\/\/www.twinnyload.com\/fr\/produit\/twinny-load-coffre-de-toit-tbx-470-litres-noir-mat-avec-texture-189x78x38cm\/#primaryimage"},"image":{"@id":"https:\/\/www.twinnyload.com\/fr\/produit\/twinny-load-coffre-de-toit-tbx-470-litres-noir-mat-avec-texture-189x78x38cm\/#primaryimage"},"thumbnailUrl":"https:\/\/i0.wp.com\/www.twinnyload.com\/wp-content\/uploads\/2024\/05\/TL_627915048_1.jpg?fit=800%2C800&ssl=1","datePublished":"2024-05-03T07:53:40+00:00","dateModified":"2024-05-03T07:53:48+00:00","breadcrumb":{"@id":"https:\/\/www.twinnyload.com\/fr\/produit\/twinny-load-coffre-de-toit-tbx-470-litres-noir-mat-avec-texture-189x78x38cm\/#breadcrumb"},"inLanguage":"fr-FR","potentialAction":[{"@type":"ReadAction","target":["https:\/\/www.twinnyload.com\/fr\/produit\/twinny-load-coffre-de-toit-tbx-470-litres-noir-mat-avec-texture-189x78x38cm\/"]}]},{"@type":"ImageObject","inLanguage":"fr-FR","@id":"https:\/\/www.twinnyload.com\/fr\/produit\/twinny-load-coffre-de-toit-tbx-470-litres-noir-mat-avec-texture-189x78x38cm\/#primaryimage","url":"https:\/\/i0.wp.com\/www.twinnyload.com\/wp-content\/uploads\/2024\/05\/TL_627915048_1.jpg?fit=800%2C800&ssl=1","contentUrl":"https:\/\/i0.wp.com\/www.twinnyload.com\/wp-content\/uploads\/2024\/05\/TL_627915048_1.jpg?fit=800%2C800&ssl=1","width":800,"height":800},{"@type":"BreadcrumbList","@id":"https:\/\/www.twinnyload.com\/fr\/produit\/twinny-load-coffre-de-toit-tbx-470-litres-noir-mat-avec-texture-189x78x38cm\/#breadcrumb","itemListElement":[{"@type":"ListItem","position":1,"name":"Home","item":"https:\/\/www.twinnyload.com\/fr\/"},{"@type":"ListItem","position":2,"name":"Boutique","item":"https:\/\/www.twinnyload.com\/fr\/shop\/"},{"@type":"ListItem","position":3,"name":"Twinny Load Coffre de Toit TBX 470 litres Noir Mat avec Texture 189x78x38cm"}]},{"@type":"WebSite","@id":"https:\/\/www.twinnyload.com\/fr\/#website","url":"https:\/\/www.twinnyload.com\/fr\/","name":"TwinnyLoad","description":"fietsendragers en dakkoffers","publisher":{"@id":"https:\/\/www.twinnyload.com\/fr\/#organization"},"potentialAction":[{"@type":"SearchAction","target":{"@type":"EntryPoint","urlTemplate":"https:\/\/www.twinnyload.com\/fr\/?s={search_term_string}"},"query-input":{"@type":"PropertyValueSpecification","valueRequired":true,"valueName":"search_term_string"}}],"inLanguage":"fr-FR"},{"@type":"Organization","@id":"https:\/\/www.twinnyload.com\/fr\/#organization","name":"Twinny Load","url":"https:\/\/www.twinnyload.com\/fr\/","logo":{"@type":"ImageObject","inLanguage":"fr-FR","@id":"https:\/\/www.twinnyload.com\/fr\/#\/schema\/logo\/image\/","url":"https:\/\/i2.wp.com\/www.twinnyload.com\/wp-content\/uploads\/2020\/06\/Twinny-Load-logo-CMYK.png?fit=531%2C87&ssl=1","contentUrl":"https:\/\/i2.wp.com\/www.twinnyload.com\/wp-content\/uploads\/2020\/06\/Twinny-Load-logo-CMYK.png?fit=531%2C87&ssl=1","width":531,"height":87,"caption":"Twinny Load"},"image":{"@id":"https:\/\/www.twinnyload.com\/fr\/#\/schema\/logo\/image\/"}}]}},"jetpack_sharing_enabled":true,"_links":{"self":[{"href":"https:\/\/www.twinnyload.com\/fr\/wp-json\/wp\/v2\/product\/58187","targetHints":{"allow":["GET"]}}],"collection":[{"href":"https:\/\/www.twinnyload.com\/fr\/wp-json\/wp\/v2\/product"}],"about":[{"href":"https:\/\/www.twinnyload.com\/fr\/wp-json\/wp\/v2\/types\/product"}],"replies":[{"embeddable":true,"href":"https:\/\/www.twinnyload.com\/fr\/wp-json\/wp\/v2\/comments?post=58187"}],"wp:featuredmedia":[{"embeddable":true,"href":"https:\/\/www.twinnyload.com\/fr\/wp-json\/wp\/v2\/media\/58172"}],"wp:attachment":[{"href":"https:\/\/www.twinnyload.com\/fr\/wp-json\/wp\/v2\/media?parent=58187"}],"wp:term":[{"taxonomy":"product_brand","embeddable":true,"href":"https:\/\/www.twinnyload.com\/fr\/wp-json\/wp\/v2\/product_brand?post=58187"},{"taxonomy":"product_cat","embeddable":true,"href":"https:\/\/www.twinnyload.com\/fr\/wp-json\/wp\/v2\/product_cat?post=58187"},{"taxonomy":"product_tag","embeddable":true,"href":"https:\/\/www.twinnyload.com\/fr\/wp-json\/wp\/v2\/product_tag?post=58187"}],"curies":[{"name":"wp","href":"https:\/\/api.w.org\/{rel}","templated":true}]}}