{"id":58186,"date":"2024-05-03T09:39:52","date_gmt":"2024-05-03T07:53:40","guid":{"rendered":"https:\/\/www.twinnyload.com\/product\/coffre-de-toit-twinny-load-tbx-370-litre-noir-mat-avec-texture-138x78x36cm\/"},"modified":"2024-05-03T09:53:44","modified_gmt":"2024-05-03T07:53:44","slug":"coffre-de-toit-twinny-load-tbx-370-litre-noir-mat-avec-texture-138x78x36cm","status":"publish","type":"product","link":"https:\/\/www.twinnyload.com\/fr\/produit\/coffre-de-toit-twinny-load-tbx-370-litre-noir-mat-avec-texture-138x78x36cm\/","title":{"rendered":"Coffre de to\u00eet Twinny Load TBX 370 Litre Noir Mat avec Texture 138x78x36cm"},"content":{"rendered":"<p>Coffre de to\u00eet Twinny Load TBX 370 Litre Noir-Mat avec Texture &#8211; 138x78x36cm &#8211; Attachement-U 65 &#038; 100mm<\/p>\n<p>Capacit\u00e9: 370 L<br \/>\nLongueur en cm: 138 cm<\/p>\n<p>Le Twinny Load TBX 370 est le coffre de toit le plus compact et plus abordable de la s\u00e9rie TBX de Twinny Load par ses dimensions. Mais ne sous-estimez pas la capacit\u00e9 de ce coffre de toit Twinny Load : avec un volume de 370 l et une capacit\u00e9 de charge maximale de 75 kg, le TBX 370 livre des prestations optimales et est un des coffres de toit les plus vendus sur le march\u00e9.<\/p>\n<p>Le design a\u00e9rodynamique du coffre de toit Twinny Load garantit une conduite parfaitement agr\u00e9able et n\u2019influence gu\u00e8re la consommation de carburant. Une finition de qualit\u00e9 sup\u00e9rieure sous forme d\u2019une protection antirayures et anti-UV donne sa touche finale au coffre de toit Twinny Load.<\/p>\n<p>Le coffre de toit Twinny Load RST+ 330 associe la qualit\u00e9 et la fonctionnalit\u00e9 : bref, un achat id\u00e9al pour chaque consommateur !<\/p>\n<p>Sp\u00e9cifications:<br \/>\nContenu: 370 Litre<br \/>\nMax poids: 75 Kg<br \/>\nSangles: 2<br \/>\nMontage: Attachement U 60mm &#038; 90mm<br \/>\nOuverture: \u00e0 droite<br \/>\nFermeture: Central 1 points<br \/>\nT\u00e9moignage: CityCrash, ISO 11154, TUV\/GS<br \/>\nLongueur en cm: 138<br \/>\nLargeur en cm: 78<br \/>\nHauteur en cm: 36<br \/>\nPoids: 10 Kg<br \/>\nMat\u00e9riau:ABS + PST<br \/>\nCouleur: Noir-Mat avec texture (Optique-carbon\u00e9)<\/p>\n","protected":false},"excerpt":{"rendered":"<p>Coffre de to\u00eet Twinny Load TBX 370 Litre Noir Mat avec Texture 138x78x36cm<\/p>\n","protected":false},"featured_media":58193,"comment_status":"closed","ping_status":"closed","template":"","meta":{"_acf_changed":false,"_et_pb_use_builder":"","_et_pb_old_content":"","_et_gb_content_width":""},"product_brand":[],"product_cat":[214],"product_tag":[],"class_list":{"0":"post-58186","1":"product","2":"type-product","3":"status-publish","4":"has-post-thumbnail","6":"product_cat-coffres-de-toit","7":"pa_couleur-carbone","8":"pa_couleur-noir-mat","9":"pa_matiere-abs","11":"first","12":"instock","13":"taxable","14":"shipping-taxable","15":"purchasable","16":"product-type-simple"},"acf":[],"yoast_head":"<!-- This site is optimized with the Yoast SEO plugin v27.5 - https:\/\/yoast.com\/product\/yoast-seo-wordpress\/ -->\n<title>Coffre de to\u00eet Twinny Load TBX 370 Litre Noir Mat avec Texture 138x78x36cm - TwinnyLoad<\/title>\n<meta name=\"robots\" content=\"index, follow, max-snippet:-1, max-image-preview:large, max-video-preview:-1\" \/>\n<link rel=\"canonical\" href=\"https:\/\/www.twinnyload.com\/fr\/produit\/coffre-de-toit-twinny-load-tbx-370-litre-noir-mat-avec-texture-138x78x36cm\/\" \/>\n<meta property=\"og:locale\" content=\"fr_FR\" \/>\n<meta property=\"og:type\" content=\"article\" \/>\n<meta property=\"og:title\" content=\"Coffre de to\u00eet Twinny Load TBX 370 Litre Noir Mat avec Texture 138x78x36cm - TwinnyLoad\" \/>\n<meta property=\"og:description\" content=\"Coffre de to\u00eet Twinny Load TBX 370 Litre Noir Mat avec Texture 138x78x36cm\" \/>\n<meta property=\"og:url\" content=\"https:\/\/www.twinnyload.com\/fr\/produit\/coffre-de-toit-twinny-load-tbx-370-litre-noir-mat-avec-texture-138x78x36cm\/\" \/>\n<meta property=\"og:site_name\" content=\"TwinnyLoad\" \/>\n<meta property=\"article:modified_time\" content=\"2024-05-03T07:53:44+00:00\" \/>\n<meta property=\"og:image\" content=\"https:\/\/www.twinnyload.com\/wp-content\/uploads\/2024\/05\/TL_627915047_1-1.jpg\" \/>\n\t<meta property=\"og:image:width\" content=\"800\" \/>\n\t<meta property=\"og:image:height\" content=\"800\" \/>\n\t<meta property=\"og:image:type\" content=\"image\/jpeg\" \/>\n<meta name=\"twitter:card\" content=\"summary_large_image\" \/>\n<meta name=\"twitter:label1\" content=\"Dur\u00e9e de lecture estim\u00e9e\" \/>\n\t<meta name=\"twitter:data1\" content=\"1 minute\" \/>\n<script type=\"application\/ld+json\" class=\"yoast-schema-graph\">{\"@context\":\"https:\\\/\\\/schema.org\",\"@graph\":[{\"@type\":\"WebPage\",\"@id\":\"https:\\\/\\\/www.twinnyload.com\\\/fr\\\/produit\\\/coffre-de-toit-twinny-load-tbx-370-litre-noir-mat-avec-texture-138x78x36cm\\\/\",\"url\":\"https:\\\/\\\/www.twinnyload.com\\\/fr\\\/produit\\\/coffre-de-toit-twinny-load-tbx-370-litre-noir-mat-avec-texture-138x78x36cm\\\/\",\"name\":\"Coffre de to\u00eet Twinny Load TBX 370 Litre Noir Mat avec Texture 138x78x36cm - TwinnyLoad\",\"isPartOf\":{\"@id\":\"https:\\\/\\\/www.twinnyload.com\\\/fr\\\/#website\"},\"primaryImageOfPage\":{\"@id\":\"https:\\\/\\\/www.twinnyload.com\\\/fr\\\/produit\\\/coffre-de-toit-twinny-load-tbx-370-litre-noir-mat-avec-texture-138x78x36cm\\\/#primaryimage\"},\"image\":{\"@id\":\"https:\\\/\\\/www.twinnyload.com\\\/fr\\\/produit\\\/coffre-de-toit-twinny-load-tbx-370-litre-noir-mat-avec-texture-138x78x36cm\\\/#primaryimage\"},\"thumbnailUrl\":\"https:\\\/\\\/i0.wp.com\\\/www.twinnyload.com\\\/wp-content\\\/uploads\\\/2024\\\/05\\\/TL_627915047_1-1.jpg?fit=800%2C800&ssl=1\",\"datePublished\":\"2024-05-03T07:53:40+00:00\",\"dateModified\":\"2024-05-03T07:53:44+00:00\",\"breadcrumb\":{\"@id\":\"https:\\\/\\\/www.twinnyload.com\\\/fr\\\/produit\\\/coffre-de-toit-twinny-load-tbx-370-litre-noir-mat-avec-texture-138x78x36cm\\\/#breadcrumb\"},\"inLanguage\":\"fr-FR\",\"potentialAction\":[{\"@type\":\"ReadAction\",\"target\":[\"https:\\\/\\\/www.twinnyload.com\\\/fr\\\/produit\\\/coffre-de-toit-twinny-load-tbx-370-litre-noir-mat-avec-texture-138x78x36cm\\\/\"]}]},{\"@type\":\"ImageObject\",\"inLanguage\":\"fr-FR\",\"@id\":\"https:\\\/\\\/www.twinnyload.com\\\/fr\\\/produit\\\/coffre-de-toit-twinny-load-tbx-370-litre-noir-mat-avec-texture-138x78x36cm\\\/#primaryimage\",\"url\":\"https:\\\/\\\/i0.wp.com\\\/www.twinnyload.com\\\/wp-content\\\/uploads\\\/2024\\\/05\\\/TL_627915047_1-1.jpg?fit=800%2C800&ssl=1\",\"contentUrl\":\"https:\\\/\\\/i0.wp.com\\\/www.twinnyload.com\\\/wp-content\\\/uploads\\\/2024\\\/05\\\/TL_627915047_1-1.jpg?fit=800%2C800&ssl=1\",\"width\":800,\"height\":800},{\"@type\":\"BreadcrumbList\",\"@id\":\"https:\\\/\\\/www.twinnyload.com\\\/fr\\\/produit\\\/coffre-de-toit-twinny-load-tbx-370-litre-noir-mat-avec-texture-138x78x36cm\\\/#breadcrumb\",\"itemListElement\":[{\"@type\":\"ListItem\",\"position\":1,\"name\":\"Home\",\"item\":\"https:\\\/\\\/www.twinnyload.com\\\/fr\\\/\"},{\"@type\":\"ListItem\",\"position\":2,\"name\":\"Boutique\",\"item\":\"https:\\\/\\\/www.twinnyload.com\\\/fr\\\/shop\\\/\"},{\"@type\":\"ListItem\",\"position\":3,\"name\":\"Coffre de to\u00eet Twinny Load TBX 370 Litre Noir Mat avec Texture 138x78x36cm\"}]},{\"@type\":\"WebSite\",\"@id\":\"https:\\\/\\\/www.twinnyload.com\\\/fr\\\/#website\",\"url\":\"https:\\\/\\\/www.twinnyload.com\\\/fr\\\/\",\"name\":\"TwinnyLoad\",\"description\":\"fietsendragers en dakkoffers\",\"publisher\":{\"@id\":\"https:\\\/\\\/www.twinnyload.com\\\/fr\\\/#organization\"},\"potentialAction\":[{\"@type\":\"SearchAction\",\"target\":{\"@type\":\"EntryPoint\",\"urlTemplate\":\"https:\\\/\\\/www.twinnyload.com\\\/fr\\\/?s={search_term_string}\"},\"query-input\":{\"@type\":\"PropertyValueSpecification\",\"valueRequired\":true,\"valueName\":\"search_term_string\"}}],\"inLanguage\":\"fr-FR\"},{\"@type\":\"Organization\",\"@id\":\"https:\\\/\\\/www.twinnyload.com\\\/fr\\\/#organization\",\"name\":\"Twinny Load\",\"url\":\"https:\\\/\\\/www.twinnyload.com\\\/fr\\\/\",\"logo\":{\"@type\":\"ImageObject\",\"inLanguage\":\"fr-FR\",\"@id\":\"https:\\\/\\\/www.twinnyload.com\\\/fr\\\/#\\\/schema\\\/logo\\\/image\\\/\",\"url\":\"https:\\\/\\\/i2.wp.com\\\/www.twinnyload.com\\\/wp-content\\\/uploads\\\/2020\\\/06\\\/Twinny-Load-logo-CMYK.png?fit=531%2C87&ssl=1\",\"contentUrl\":\"https:\\\/\\\/i2.wp.com\\\/www.twinnyload.com\\\/wp-content\\\/uploads\\\/2020\\\/06\\\/Twinny-Load-logo-CMYK.png?fit=531%2C87&ssl=1\",\"width\":531,\"height\":87,\"caption\":\"Twinny Load\"},\"image\":{\"@id\":\"https:\\\/\\\/www.twinnyload.com\\\/fr\\\/#\\\/schema\\\/logo\\\/image\\\/\"}}]}<\/script>\n<!-- \/ Yoast SEO plugin. -->","yoast_head_json":{"title":"Coffre de to\u00eet Twinny Load TBX 370 Litre Noir Mat avec Texture 138x78x36cm - TwinnyLoad","robots":{"index":"index","follow":"follow","max-snippet":"max-snippet:-1","max-image-preview":"max-image-preview:large","max-video-preview":"max-video-preview:-1"},"canonical":"https:\/\/www.twinnyload.com\/fr\/produit\/coffre-de-toit-twinny-load-tbx-370-litre-noir-mat-avec-texture-138x78x36cm\/","og_locale":"fr_FR","og_type":"article","og_title":"Coffre de to\u00eet Twinny Load TBX 370 Litre Noir Mat avec Texture 138x78x36cm - TwinnyLoad","og_description":"Coffre de to\u00eet Twinny Load TBX 370 Litre Noir Mat avec Texture 138x78x36cm","og_url":"https:\/\/www.twinnyload.com\/fr\/produit\/coffre-de-toit-twinny-load-tbx-370-litre-noir-mat-avec-texture-138x78x36cm\/","og_site_name":"TwinnyLoad","article_modified_time":"2024-05-03T07:53:44+00:00","og_image":[{"width":800,"height":800,"url":"https:\/\/www.twinnyload.com\/wp-content\/uploads\/2024\/05\/TL_627915047_1-1.jpg","type":"image\/jpeg"}],"twitter_card":"summary_large_image","twitter_misc":{"Dur\u00e9e de lecture estim\u00e9e":"1 minute"},"schema":{"@context":"https:\/\/schema.org","@graph":[{"@type":"WebPage","@id":"https:\/\/www.twinnyload.com\/fr\/produit\/coffre-de-toit-twinny-load-tbx-370-litre-noir-mat-avec-texture-138x78x36cm\/","url":"https:\/\/www.twinnyload.com\/fr\/produit\/coffre-de-toit-twinny-load-tbx-370-litre-noir-mat-avec-texture-138x78x36cm\/","name":"Coffre de to\u00eet Twinny Load TBX 370 Litre Noir Mat avec Texture 138x78x36cm - TwinnyLoad","isPartOf":{"@id":"https:\/\/www.twinnyload.com\/fr\/#website"},"primaryImageOfPage":{"@id":"https:\/\/www.twinnyload.com\/fr\/produit\/coffre-de-toit-twinny-load-tbx-370-litre-noir-mat-avec-texture-138x78x36cm\/#primaryimage"},"image":{"@id":"https:\/\/www.twinnyload.com\/fr\/produit\/coffre-de-toit-twinny-load-tbx-370-litre-noir-mat-avec-texture-138x78x36cm\/#primaryimage"},"thumbnailUrl":"https:\/\/i0.wp.com\/www.twinnyload.com\/wp-content\/uploads\/2024\/05\/TL_627915047_1-1.jpg?fit=800%2C800&ssl=1","datePublished":"2024-05-03T07:53:40+00:00","dateModified":"2024-05-03T07:53:44+00:00","breadcrumb":{"@id":"https:\/\/www.twinnyload.com\/fr\/produit\/coffre-de-toit-twinny-load-tbx-370-litre-noir-mat-avec-texture-138x78x36cm\/#breadcrumb"},"inLanguage":"fr-FR","potentialAction":[{"@type":"ReadAction","target":["https:\/\/www.twinnyload.com\/fr\/produit\/coffre-de-toit-twinny-load-tbx-370-litre-noir-mat-avec-texture-138x78x36cm\/"]}]},{"@type":"ImageObject","inLanguage":"fr-FR","@id":"https:\/\/www.twinnyload.com\/fr\/produit\/coffre-de-toit-twinny-load-tbx-370-litre-noir-mat-avec-texture-138x78x36cm\/#primaryimage","url":"https:\/\/i0.wp.com\/www.twinnyload.com\/wp-content\/uploads\/2024\/05\/TL_627915047_1-1.jpg?fit=800%2C800&ssl=1","contentUrl":"https:\/\/i0.wp.com\/www.twinnyload.com\/wp-content\/uploads\/2024\/05\/TL_627915047_1-1.jpg?fit=800%2C800&ssl=1","width":800,"height":800},{"@type":"BreadcrumbList","@id":"https:\/\/www.twinnyload.com\/fr\/produit\/coffre-de-toit-twinny-load-tbx-370-litre-noir-mat-avec-texture-138x78x36cm\/#breadcrumb","itemListElement":[{"@type":"ListItem","position":1,"name":"Home","item":"https:\/\/www.twinnyload.com\/fr\/"},{"@type":"ListItem","position":2,"name":"Boutique","item":"https:\/\/www.twinnyload.com\/fr\/shop\/"},{"@type":"ListItem","position":3,"name":"Coffre de to\u00eet Twinny Load TBX 370 Litre Noir Mat avec Texture 138x78x36cm"}]},{"@type":"WebSite","@id":"https:\/\/www.twinnyload.com\/fr\/#website","url":"https:\/\/www.twinnyload.com\/fr\/","name":"TwinnyLoad","description":"fietsendragers en dakkoffers","publisher":{"@id":"https:\/\/www.twinnyload.com\/fr\/#organization"},"potentialAction":[{"@type":"SearchAction","target":{"@type":"EntryPoint","urlTemplate":"https:\/\/www.twinnyload.com\/fr\/?s={search_term_string}"},"query-input":{"@type":"PropertyValueSpecification","valueRequired":true,"valueName":"search_term_string"}}],"inLanguage":"fr-FR"},{"@type":"Organization","@id":"https:\/\/www.twinnyload.com\/fr\/#organization","name":"Twinny Load","url":"https:\/\/www.twinnyload.com\/fr\/","logo":{"@type":"ImageObject","inLanguage":"fr-FR","@id":"https:\/\/www.twinnyload.com\/fr\/#\/schema\/logo\/image\/","url":"https:\/\/i2.wp.com\/www.twinnyload.com\/wp-content\/uploads\/2020\/06\/Twinny-Load-logo-CMYK.png?fit=531%2C87&ssl=1","contentUrl":"https:\/\/i2.wp.com\/www.twinnyload.com\/wp-content\/uploads\/2020\/06\/Twinny-Load-logo-CMYK.png?fit=531%2C87&ssl=1","width":531,"height":87,"caption":"Twinny Load"},"image":{"@id":"https:\/\/www.twinnyload.com\/fr\/#\/schema\/logo\/image\/"}}]}},"jetpack_sharing_enabled":true,"_links":{"self":[{"href":"https:\/\/www.twinnyload.com\/fr\/wp-json\/wp\/v2\/product\/58186","targetHints":{"allow":["GET"]}}],"collection":[{"href":"https:\/\/www.twinnyload.com\/fr\/wp-json\/wp\/v2\/product"}],"about":[{"href":"https:\/\/www.twinnyload.com\/fr\/wp-json\/wp\/v2\/types\/product"}],"replies":[{"embeddable":true,"href":"https:\/\/www.twinnyload.com\/fr\/wp-json\/wp\/v2\/comments?post=58186"}],"wp:featuredmedia":[{"embeddable":true,"href":"https:\/\/www.twinnyload.com\/fr\/wp-json\/wp\/v2\/media\/58193"}],"wp:attachment":[{"href":"https:\/\/www.twinnyload.com\/fr\/wp-json\/wp\/v2\/media?parent=58186"}],"wp:term":[{"taxonomy":"product_brand","embeddable":true,"href":"https:\/\/www.twinnyload.com\/fr\/wp-json\/wp\/v2\/product_brand?post=58186"},{"taxonomy":"product_cat","embeddable":true,"href":"https:\/\/www.twinnyload.com\/fr\/wp-json\/wp\/v2\/product_cat?post=58186"},{"taxonomy":"product_tag","embeddable":true,"href":"https:\/\/www.twinnyload.com\/fr\/wp-json\/wp\/v2\/product_tag?post=58186"}],"curies":[{"name":"wp","href":"https:\/\/api.w.org\/{rel}","templated":true}]}}