{"id":12495,"date":"2020-10-26T14:42:48","date_gmt":"2020-10-26T14:12:23","guid":{"rendered":"http:\/\/193.23.143.29\/~twinnyload\/product\/twinnyload-cadre-de-remplacement-longue-pour-e-active-e-wing-40cm\/"},"modified":"2020-10-26T15:12:29","modified_gmt":"2020-10-26T14:12:29","slug":"twinny-load-cadre-de-remplacement-longue-pour-e-active-e-wing-40cm","status":"publish","type":"product","link":"https:\/\/www.twinnyload.com\/fr\/produit\/twinny-load-cadre-de-remplacement-longue-pour-e-active-e-wing-40cm\/","title":{"rendered":"Twinny Load Cadre de remplacement longue pour E-Active\/E-Wing &#8211; 40cm"},"content":{"rendered":"<p>Bras de remplacement pour cadre. Longueur  40cm. Le bras du cadre est muni d&rsquo;une pince \u00e0 v\u00e9lo verrouillable et \u00e0 d\u00e9gagement rapide. Pour cadres de bicyclettes avec un \u00d8 25-70mm et cadres ovales 30x25mm &#8211; 60x80mm.<\/p>\n","protected":false},"excerpt":{"rendered":"<p>Twinny Load Cadre de remplacement longue pour E-Active\/E-Wing &#8211; 40cm<\/p>\n","protected":false},"featured_media":12427,"comment_status":"closed","ping_status":"closed","template":"","meta":{"_acf_changed":false,"_et_pb_use_builder":"","_et_pb_old_content":"","_et_gb_content_width":""},"product_brand":[],"product_cat":[310,318],"product_tag":[334],"class_list":{"0":"post-12495","1":"product","2":"type-product","3":"status-publish","4":"has-post-thumbnail","6":"product_cat-eactive-fr","7":"product_cat-ewing-fr","8":"product_tag-porte-velos-fr","9":"pa_couleur-aluminium","10":"pa_couleur-noir","11":"pa_kleur-aluminium-fr","12":"pa_kleur-zwart-fr","13":"pa_materiaal-aluminium-fr","14":"pa_matiere-aluminium","16":"first","17":"onbackorder","18":"taxable","19":"shipping-taxable","20":"purchasable","21":"product-type-simple"},"acf":[],"yoast_head":"<!-- This site is optimized with the Yoast SEO plugin v27.3 - https:\/\/yoast.com\/product\/yoast-seo-wordpress\/ -->\n<title>Twinny Load Cadre de remplacement longue pour E-Active\/E-Wing - 40cm - TwinnyLoad<\/title>\n<meta name=\"robots\" content=\"index, follow, max-snippet:-1, max-image-preview:large, max-video-preview:-1\" \/>\n<link rel=\"canonical\" href=\"https:\/\/www.twinnyload.com\/fr\/produit\/twinny-load-cadre-de-remplacement-longue-pour-e-active-e-wing-40cm\/\" \/>\n<meta property=\"og:locale\" content=\"fr_FR\" \/>\n<meta property=\"og:type\" content=\"article\" \/>\n<meta property=\"og:title\" content=\"Twinny Load Cadre de remplacement longue pour E-Active\/E-Wing - 40cm - TwinnyLoad\" \/>\n<meta property=\"og:description\" content=\"Twinny Load Cadre de remplacement longue pour E-Active\/E-Wing - 40cm\" \/>\n<meta property=\"og:url\" content=\"https:\/\/www.twinnyload.com\/fr\/produit\/twinny-load-cadre-de-remplacement-longue-pour-e-active-e-wing-40cm\/\" \/>\n<meta property=\"og:site_name\" content=\"TwinnyLoad\" \/>\n<meta property=\"article:modified_time\" content=\"2020-10-26T14:12:29+00:00\" \/>\n<meta property=\"og:image\" content=\"https:\/\/i1.wp.com\/www.twinnyload.com\/wp-content\/uploads\/2020\/03\/TL_627913024_1.jpg?fit=800%2C800&ssl=1\" \/>\n\t<meta property=\"og:image:width\" content=\"800\" \/>\n\t<meta property=\"og:image:height\" content=\"800\" \/>\n\t<meta property=\"og:image:type\" content=\"image\/jpeg\" \/>\n<meta name=\"twitter:card\" content=\"summary_large_image\" \/>\n<script type=\"application\/ld+json\" class=\"yoast-schema-graph\">{\"@context\":\"https:\\\/\\\/schema.org\",\"@graph\":[{\"@type\":\"WebPage\",\"@id\":\"https:\\\/\\\/www.twinnyload.com\\\/fr\\\/produit\\\/twinny-load-cadre-de-remplacement-longue-pour-e-active-e-wing-40cm\\\/\",\"url\":\"https:\\\/\\\/www.twinnyload.com\\\/fr\\\/produit\\\/twinny-load-cadre-de-remplacement-longue-pour-e-active-e-wing-40cm\\\/\",\"name\":\"Twinny Load Cadre de remplacement longue pour E-Active\\\/E-Wing - 40cm - TwinnyLoad\",\"isPartOf\":{\"@id\":\"https:\\\/\\\/www.twinnyload.com\\\/fr\\\/#website\"},\"primaryImageOfPage\":{\"@id\":\"https:\\\/\\\/www.twinnyload.com\\\/fr\\\/produit\\\/twinny-load-cadre-de-remplacement-longue-pour-e-active-e-wing-40cm\\\/#primaryimage\"},\"image\":{\"@id\":\"https:\\\/\\\/www.twinnyload.com\\\/fr\\\/produit\\\/twinny-load-cadre-de-remplacement-longue-pour-e-active-e-wing-40cm\\\/#primaryimage\"},\"thumbnailUrl\":\"https:\\\/\\\/i0.wp.com\\\/www.twinnyload.com\\\/wp-content\\\/uploads\\\/2020\\\/03\\\/TL_627913024_1.jpg?fit=800%2C800&ssl=1\",\"datePublished\":\"2020-10-26T14:12:23+00:00\",\"dateModified\":\"2020-10-26T14:12:29+00:00\",\"breadcrumb\":{\"@id\":\"https:\\\/\\\/www.twinnyload.com\\\/fr\\\/produit\\\/twinny-load-cadre-de-remplacement-longue-pour-e-active-e-wing-40cm\\\/#breadcrumb\"},\"inLanguage\":\"fr-FR\",\"potentialAction\":[{\"@type\":\"ReadAction\",\"target\":[\"https:\\\/\\\/www.twinnyload.com\\\/fr\\\/produit\\\/twinny-load-cadre-de-remplacement-longue-pour-e-active-e-wing-40cm\\\/\"]}]},{\"@type\":\"ImageObject\",\"inLanguage\":\"fr-FR\",\"@id\":\"https:\\\/\\\/www.twinnyload.com\\\/fr\\\/produit\\\/twinny-load-cadre-de-remplacement-longue-pour-e-active-e-wing-40cm\\\/#primaryimage\",\"url\":\"https:\\\/\\\/i0.wp.com\\\/www.twinnyload.com\\\/wp-content\\\/uploads\\\/2020\\\/03\\\/TL_627913024_1.jpg?fit=800%2C800&ssl=1\",\"contentUrl\":\"https:\\\/\\\/i0.wp.com\\\/www.twinnyload.com\\\/wp-content\\\/uploads\\\/2020\\\/03\\\/TL_627913024_1.jpg?fit=800%2C800&ssl=1\",\"width\":800,\"height\":800},{\"@type\":\"BreadcrumbList\",\"@id\":\"https:\\\/\\\/www.twinnyload.com\\\/fr\\\/produit\\\/twinny-load-cadre-de-remplacement-longue-pour-e-active-e-wing-40cm\\\/#breadcrumb\",\"itemListElement\":[{\"@type\":\"ListItem\",\"position\":1,\"name\":\"Home\",\"item\":\"https:\\\/\\\/www.twinnyload.com\\\/fr\\\/\"},{\"@type\":\"ListItem\",\"position\":2,\"name\":\"Boutique\",\"item\":\"https:\\\/\\\/www.twinnyload.com\\\/fr\\\/shop\\\/\"},{\"@type\":\"ListItem\",\"position\":3,\"name\":\"Twinny Load Cadre de remplacement longue pour E-Active\\\/E-Wing &#8211; 40cm\"}]},{\"@type\":\"WebSite\",\"@id\":\"https:\\\/\\\/www.twinnyload.com\\\/fr\\\/#website\",\"url\":\"https:\\\/\\\/www.twinnyload.com\\\/fr\\\/\",\"name\":\"TwinnyLoad\",\"description\":\"fietsendragers en dakkoffers\",\"publisher\":{\"@id\":\"https:\\\/\\\/www.twinnyload.com\\\/fr\\\/#organization\"},\"potentialAction\":[{\"@type\":\"SearchAction\",\"target\":{\"@type\":\"EntryPoint\",\"urlTemplate\":\"https:\\\/\\\/www.twinnyload.com\\\/fr\\\/?s={search_term_string}\"},\"query-input\":{\"@type\":\"PropertyValueSpecification\",\"valueRequired\":true,\"valueName\":\"search_term_string\"}}],\"inLanguage\":\"fr-FR\"},{\"@type\":\"Organization\",\"@id\":\"https:\\\/\\\/www.twinnyload.com\\\/fr\\\/#organization\",\"name\":\"Twinny Load\",\"url\":\"https:\\\/\\\/www.twinnyload.com\\\/fr\\\/\",\"logo\":{\"@type\":\"ImageObject\",\"inLanguage\":\"fr-FR\",\"@id\":\"https:\\\/\\\/www.twinnyload.com\\\/fr\\\/#\\\/schema\\\/logo\\\/image\\\/\",\"url\":\"https:\\\/\\\/i2.wp.com\\\/www.twinnyload.com\\\/wp-content\\\/uploads\\\/2020\\\/06\\\/Twinny-Load-logo-CMYK.png?fit=531%2C87&ssl=1\",\"contentUrl\":\"https:\\\/\\\/i2.wp.com\\\/www.twinnyload.com\\\/wp-content\\\/uploads\\\/2020\\\/06\\\/Twinny-Load-logo-CMYK.png?fit=531%2C87&ssl=1\",\"width\":531,\"height\":87,\"caption\":\"Twinny Load\"},\"image\":{\"@id\":\"https:\\\/\\\/www.twinnyload.com\\\/fr\\\/#\\\/schema\\\/logo\\\/image\\\/\"}}]}<\/script>\n<!-- \/ Yoast SEO plugin. -->","yoast_head_json":{"title":"Twinny Load Cadre de remplacement longue pour E-Active\/E-Wing - 40cm - TwinnyLoad","robots":{"index":"index","follow":"follow","max-snippet":"max-snippet:-1","max-image-preview":"max-image-preview:large","max-video-preview":"max-video-preview:-1"},"canonical":"https:\/\/www.twinnyload.com\/fr\/produit\/twinny-load-cadre-de-remplacement-longue-pour-e-active-e-wing-40cm\/","og_locale":"fr_FR","og_type":"article","og_title":"Twinny Load Cadre de remplacement longue pour E-Active\/E-Wing - 40cm - TwinnyLoad","og_description":"Twinny Load Cadre de remplacement longue pour E-Active\/E-Wing - 40cm","og_url":"https:\/\/www.twinnyload.com\/fr\/produit\/twinny-load-cadre-de-remplacement-longue-pour-e-active-e-wing-40cm\/","og_site_name":"TwinnyLoad","article_modified_time":"2020-10-26T14:12:29+00:00","og_image":[{"width":800,"height":800,"url":"https:\/\/i1.wp.com\/www.twinnyload.com\/wp-content\/uploads\/2020\/03\/TL_627913024_1.jpg?fit=800%2C800&ssl=1","type":"image\/jpeg"}],"twitter_card":"summary_large_image","schema":{"@context":"https:\/\/schema.org","@graph":[{"@type":"WebPage","@id":"https:\/\/www.twinnyload.com\/fr\/produit\/twinny-load-cadre-de-remplacement-longue-pour-e-active-e-wing-40cm\/","url":"https:\/\/www.twinnyload.com\/fr\/produit\/twinny-load-cadre-de-remplacement-longue-pour-e-active-e-wing-40cm\/","name":"Twinny Load Cadre de remplacement longue pour E-Active\/E-Wing - 40cm - TwinnyLoad","isPartOf":{"@id":"https:\/\/www.twinnyload.com\/fr\/#website"},"primaryImageOfPage":{"@id":"https:\/\/www.twinnyload.com\/fr\/produit\/twinny-load-cadre-de-remplacement-longue-pour-e-active-e-wing-40cm\/#primaryimage"},"image":{"@id":"https:\/\/www.twinnyload.com\/fr\/produit\/twinny-load-cadre-de-remplacement-longue-pour-e-active-e-wing-40cm\/#primaryimage"},"thumbnailUrl":"https:\/\/i0.wp.com\/www.twinnyload.com\/wp-content\/uploads\/2020\/03\/TL_627913024_1.jpg?fit=800%2C800&ssl=1","datePublished":"2020-10-26T14:12:23+00:00","dateModified":"2020-10-26T14:12:29+00:00","breadcrumb":{"@id":"https:\/\/www.twinnyload.com\/fr\/produit\/twinny-load-cadre-de-remplacement-longue-pour-e-active-e-wing-40cm\/#breadcrumb"},"inLanguage":"fr-FR","potentialAction":[{"@type":"ReadAction","target":["https:\/\/www.twinnyload.com\/fr\/produit\/twinny-load-cadre-de-remplacement-longue-pour-e-active-e-wing-40cm\/"]}]},{"@type":"ImageObject","inLanguage":"fr-FR","@id":"https:\/\/www.twinnyload.com\/fr\/produit\/twinny-load-cadre-de-remplacement-longue-pour-e-active-e-wing-40cm\/#primaryimage","url":"https:\/\/i0.wp.com\/www.twinnyload.com\/wp-content\/uploads\/2020\/03\/TL_627913024_1.jpg?fit=800%2C800&ssl=1","contentUrl":"https:\/\/i0.wp.com\/www.twinnyload.com\/wp-content\/uploads\/2020\/03\/TL_627913024_1.jpg?fit=800%2C800&ssl=1","width":800,"height":800},{"@type":"BreadcrumbList","@id":"https:\/\/www.twinnyload.com\/fr\/produit\/twinny-load-cadre-de-remplacement-longue-pour-e-active-e-wing-40cm\/#breadcrumb","itemListElement":[{"@type":"ListItem","position":1,"name":"Home","item":"https:\/\/www.twinnyload.com\/fr\/"},{"@type":"ListItem","position":2,"name":"Boutique","item":"https:\/\/www.twinnyload.com\/fr\/shop\/"},{"@type":"ListItem","position":3,"name":"Twinny Load Cadre de remplacement longue pour E-Active\/E-Wing &#8211; 40cm"}]},{"@type":"WebSite","@id":"https:\/\/www.twinnyload.com\/fr\/#website","url":"https:\/\/www.twinnyload.com\/fr\/","name":"TwinnyLoad","description":"fietsendragers en dakkoffers","publisher":{"@id":"https:\/\/www.twinnyload.com\/fr\/#organization"},"potentialAction":[{"@type":"SearchAction","target":{"@type":"EntryPoint","urlTemplate":"https:\/\/www.twinnyload.com\/fr\/?s={search_term_string}"},"query-input":{"@type":"PropertyValueSpecification","valueRequired":true,"valueName":"search_term_string"}}],"inLanguage":"fr-FR"},{"@type":"Organization","@id":"https:\/\/www.twinnyload.com\/fr\/#organization","name":"Twinny Load","url":"https:\/\/www.twinnyload.com\/fr\/","logo":{"@type":"ImageObject","inLanguage":"fr-FR","@id":"https:\/\/www.twinnyload.com\/fr\/#\/schema\/logo\/image\/","url":"https:\/\/i2.wp.com\/www.twinnyload.com\/wp-content\/uploads\/2020\/06\/Twinny-Load-logo-CMYK.png?fit=531%2C87&ssl=1","contentUrl":"https:\/\/i2.wp.com\/www.twinnyload.com\/wp-content\/uploads\/2020\/06\/Twinny-Load-logo-CMYK.png?fit=531%2C87&ssl=1","width":531,"height":87,"caption":"Twinny Load"},"image":{"@id":"https:\/\/www.twinnyload.com\/fr\/#\/schema\/logo\/image\/"}}]}},"jetpack_sharing_enabled":true,"_links":{"self":[{"href":"https:\/\/www.twinnyload.com\/fr\/wp-json\/wp\/v2\/product\/12495","targetHints":{"allow":["GET"]}}],"collection":[{"href":"https:\/\/www.twinnyload.com\/fr\/wp-json\/wp\/v2\/product"}],"about":[{"href":"https:\/\/www.twinnyload.com\/fr\/wp-json\/wp\/v2\/types\/product"}],"replies":[{"embeddable":true,"href":"https:\/\/www.twinnyload.com\/fr\/wp-json\/wp\/v2\/comments?post=12495"}],"wp:featuredmedia":[{"embeddable":true,"href":"https:\/\/www.twinnyload.com\/fr\/wp-json\/wp\/v2\/media\/12427"}],"wp:attachment":[{"href":"https:\/\/www.twinnyload.com\/fr\/wp-json\/wp\/v2\/media?parent=12495"}],"wp:term":[{"taxonomy":"product_brand","embeddable":true,"href":"https:\/\/www.twinnyload.com\/fr\/wp-json\/wp\/v2\/product_brand?post=12495"},{"taxonomy":"product_cat","embeddable":true,"href":"https:\/\/www.twinnyload.com\/fr\/wp-json\/wp\/v2\/product_cat?post=12495"},{"taxonomy":"product_tag","embeddable":true,"href":"https:\/\/www.twinnyload.com\/fr\/wp-json\/wp\/v2\/product_tag?post=12495"}],"curies":[{"name":"wp","href":"https:\/\/api.w.org\/{rel}","templated":true}]}}