{"id":12109,"date":"2020-10-26T14:51:50","date_gmt":"2020-10-26T14:15:12","guid":{"rendered":"http:\/\/193.23.143.29\/~twinnyload\/product\/jeu-de-barres-de-toit-universelle-twinny-aluminium-fly-bar-124cm-pour-voitures-avec-portefaix-dorigine-ouvert-et-fermee\/"},"modified":"2020-10-26T15:15:18","modified_gmt":"2020-10-26T14:15:18","slug":"jeu-de-barres-de-toit-universelle-twinny-load-aluminium-fly-bar-124cm-pour-voitures-avec-portefaix-dorigine-ouvert-et-fermee","status":"publish","type":"product","link":"https:\/\/www.twinnyload.com\/fr\/produit\/jeu-de-barres-de-toit-universelle-twinny-load-aluminium-fly-bar-124cm-pour-voitures-avec-portefaix-dorigine-ouvert-et-fermee\/","title":{"rendered":"Jeu de barres de toit universelle Twinny Load Aluminium Fly Bar 124cm pour voitures avec portefaix d&rsquo;origine ouvert et ferm\u00e9e"},"content":{"rendered":"<p>Twinny Load Jeu de barres de toit &lsquo;Fly Bar&rsquo; 124cm fait d&rsquo;alu, avec TUV, pour voitures avec portefaix d&rsquo;origine ouvert et ferm\u00e9e (all-for one).<\/p>\n<p>Le Twinny Load \u2018Fly Bar\u2019 barre de toit jeu universel, s\u2019adapte \u00e0 presque toutes les voitures \u00e9quip\u00e9es d&rsquo;un longeron de toit ouvert ou ferm\u00e9. La largeur entre les longerons de toit ne doit pas d\u00e9passer 114 cm. Capacit\u00e9 maximale de 100 kg. La conception a\u00e9rodynamique minimise les bruits du vent. Pour l&rsquo;application exacte de votre voiture, recherchez simplement notre filtre de recherche ou demandez votre revendeur AutoStyle \/ Twinny Load.<\/p>\n<p>Specifications:<br \/>\n&#8211; Pour voitures avec rail de toit ouvert et ferm\u00e9e<br \/>\n&#8211; Barres de toit en Aluminium<br \/>\n&#8211; Avec syst\u00e8me anti-vol Premium<br \/>\n&#8211; Selon les normes DIN 75302 et ISO 11154<br \/>\n&#8211; Approuve T\u00dcV-GS<br \/>\n&#8211; Montage facile et rapide<br \/>\n&#8211; 2 Ans de garantie Twinny Load<\/p>\n","protected":false},"excerpt":{"rendered":"<p>Jeu de barres de toit universelle Twinny Load Aluminium Fly Bar 124cm pour voitures avec portefaix d&rsquo;origine ouvert et ferm\u00e9e<\/p>\n","protected":false},"featured_media":15678,"comment_status":"closed","ping_status":"closed","template":"","meta":{"_acf_changed":false,"_et_pb_use_builder":"","_et_pb_old_content":"","_et_gb_content_width":""},"product_brand":[],"product_cat":[192],"product_tag":[344,121],"class_list":{"0":"post-12109","1":"product","2":"type-product","3":"status-publish","4":"has-post-thumbnail","6":"product_cat-supports-de-toit","7":"product_tag-barres-de-toit","8":"product_tag-dakdragers","9":"pa_couleur-aluminium","10":"pa_kleur-aluminium-fr","11":"pa_materiaal-aluminium-fr","12":"pa_matiere-aluminium","14":"first","15":"instock","16":"taxable","17":"shipping-taxable","18":"purchasable","19":"product-type-simple"},"acf":[],"yoast_head":"<!-- This site is optimized with the Yoast SEO plugin v27.4 - https:\/\/yoast.com\/product\/yoast-seo-wordpress\/ -->\n<title>Jeu de barres de toit universelle Twinny Load Aluminium Fly Bar 124cm pour voitures avec portefaix d&#039;origine ouvert et ferm\u00e9e - TwinnyLoad<\/title>\n<meta name=\"robots\" content=\"index, follow, max-snippet:-1, max-image-preview:large, max-video-preview:-1\" \/>\n<link rel=\"canonical\" href=\"https:\/\/www.twinnyload.com\/fr\/produit\/jeu-de-barres-de-toit-universelle-twinny-load-aluminium-fly-bar-124cm-pour-voitures-avec-portefaix-dorigine-ouvert-et-fermee\/\" \/>\n<meta property=\"og:locale\" content=\"fr_FR\" \/>\n<meta property=\"og:type\" content=\"article\" \/>\n<meta property=\"og:title\" content=\"Jeu de barres de toit universelle Twinny Load Aluminium Fly Bar 124cm pour voitures avec portefaix d&#039;origine ouvert et ferm\u00e9e - TwinnyLoad\" \/>\n<meta property=\"og:description\" content=\"Jeu de barres de toit universelle Twinny Load Aluminium Fly Bar 124cm pour voitures avec portefaix d&#039;origine ouvert et ferm\u00e9e\" \/>\n<meta property=\"og:url\" content=\"https:\/\/www.twinnyload.com\/fr\/produit\/jeu-de-barres-de-toit-universelle-twinny-load-aluminium-fly-bar-124cm-pour-voitures-avec-portefaix-dorigine-ouvert-et-fermee\/\" \/>\n<meta property=\"og:site_name\" content=\"TwinnyLoad\" \/>\n<meta property=\"article:modified_time\" content=\"2020-10-26T14:15:18+00:00\" \/>\n<meta property=\"og:image\" content=\"https:\/\/i1.wp.com\/www.twinnyload.com\/wp-content\/uploads\/2020\/08\/TL_F01_1.jpg?fit=800%2C800&ssl=1\" \/>\n\t<meta property=\"og:image:width\" content=\"800\" \/>\n\t<meta property=\"og:image:height\" content=\"800\" \/>\n\t<meta property=\"og:image:type\" content=\"image\/jpeg\" \/>\n<meta name=\"twitter:card\" content=\"summary_large_image\" \/>\n<meta name=\"twitter:label1\" content=\"Dur\u00e9e de lecture estim\u00e9e\" \/>\n\t<meta name=\"twitter:data1\" content=\"1 minute\" \/>\n<script type=\"application\/ld+json\" class=\"yoast-schema-graph\">{\"@context\":\"https:\\\/\\\/schema.org\",\"@graph\":[{\"@type\":\"WebPage\",\"@id\":\"https:\\\/\\\/www.twinnyload.com\\\/fr\\\/produit\\\/jeu-de-barres-de-toit-universelle-twinny-load-aluminium-fly-bar-124cm-pour-voitures-avec-portefaix-dorigine-ouvert-et-fermee\\\/\",\"url\":\"https:\\\/\\\/www.twinnyload.com\\\/fr\\\/produit\\\/jeu-de-barres-de-toit-universelle-twinny-load-aluminium-fly-bar-124cm-pour-voitures-avec-portefaix-dorigine-ouvert-et-fermee\\\/\",\"name\":\"Jeu de barres de toit universelle Twinny Load Aluminium Fly Bar 124cm pour voitures avec portefaix d'origine ouvert et ferm\u00e9e - TwinnyLoad\",\"isPartOf\":{\"@id\":\"https:\\\/\\\/www.twinnyload.com\\\/fr\\\/#website\"},\"primaryImageOfPage\":{\"@id\":\"https:\\\/\\\/www.twinnyload.com\\\/fr\\\/produit\\\/jeu-de-barres-de-toit-universelle-twinny-load-aluminium-fly-bar-124cm-pour-voitures-avec-portefaix-dorigine-ouvert-et-fermee\\\/#primaryimage\"},\"image\":{\"@id\":\"https:\\\/\\\/www.twinnyload.com\\\/fr\\\/produit\\\/jeu-de-barres-de-toit-universelle-twinny-load-aluminium-fly-bar-124cm-pour-voitures-avec-portefaix-dorigine-ouvert-et-fermee\\\/#primaryimage\"},\"thumbnailUrl\":\"https:\\\/\\\/i0.wp.com\\\/www.twinnyload.com\\\/wp-content\\\/uploads\\\/2020\\\/08\\\/TL_F01_1.jpg?fit=800%2C800&ssl=1\",\"datePublished\":\"2020-10-26T14:15:12+00:00\",\"dateModified\":\"2020-10-26T14:15:18+00:00\",\"breadcrumb\":{\"@id\":\"https:\\\/\\\/www.twinnyload.com\\\/fr\\\/produit\\\/jeu-de-barres-de-toit-universelle-twinny-load-aluminium-fly-bar-124cm-pour-voitures-avec-portefaix-dorigine-ouvert-et-fermee\\\/#breadcrumb\"},\"inLanguage\":\"fr-FR\",\"potentialAction\":[{\"@type\":\"ReadAction\",\"target\":[\"https:\\\/\\\/www.twinnyload.com\\\/fr\\\/produit\\\/jeu-de-barres-de-toit-universelle-twinny-load-aluminium-fly-bar-124cm-pour-voitures-avec-portefaix-dorigine-ouvert-et-fermee\\\/\"]}]},{\"@type\":\"ImageObject\",\"inLanguage\":\"fr-FR\",\"@id\":\"https:\\\/\\\/www.twinnyload.com\\\/fr\\\/produit\\\/jeu-de-barres-de-toit-universelle-twinny-load-aluminium-fly-bar-124cm-pour-voitures-avec-portefaix-dorigine-ouvert-et-fermee\\\/#primaryimage\",\"url\":\"https:\\\/\\\/i0.wp.com\\\/www.twinnyload.com\\\/wp-content\\\/uploads\\\/2020\\\/08\\\/TL_F01_1.jpg?fit=800%2C800&ssl=1\",\"contentUrl\":\"https:\\\/\\\/i0.wp.com\\\/www.twinnyload.com\\\/wp-content\\\/uploads\\\/2020\\\/08\\\/TL_F01_1.jpg?fit=800%2C800&ssl=1\",\"width\":800,\"height\":800},{\"@type\":\"BreadcrumbList\",\"@id\":\"https:\\\/\\\/www.twinnyload.com\\\/fr\\\/produit\\\/jeu-de-barres-de-toit-universelle-twinny-load-aluminium-fly-bar-124cm-pour-voitures-avec-portefaix-dorigine-ouvert-et-fermee\\\/#breadcrumb\",\"itemListElement\":[{\"@type\":\"ListItem\",\"position\":1,\"name\":\"Home\",\"item\":\"https:\\\/\\\/www.twinnyload.com\\\/fr\\\/\"},{\"@type\":\"ListItem\",\"position\":2,\"name\":\"Boutique\",\"item\":\"https:\\\/\\\/www.twinnyload.com\\\/fr\\\/shop\\\/\"},{\"@type\":\"ListItem\",\"position\":3,\"name\":\"Jeu de barres de toit universelle Twinny Load Aluminium Fly Bar 124cm pour voitures avec portefaix d&#8217;origine ouvert et ferm\u00e9e\"}]},{\"@type\":\"WebSite\",\"@id\":\"https:\\\/\\\/www.twinnyload.com\\\/fr\\\/#website\",\"url\":\"https:\\\/\\\/www.twinnyload.com\\\/fr\\\/\",\"name\":\"TwinnyLoad\",\"description\":\"fietsendragers en dakkoffers\",\"publisher\":{\"@id\":\"https:\\\/\\\/www.twinnyload.com\\\/fr\\\/#organization\"},\"potentialAction\":[{\"@type\":\"SearchAction\",\"target\":{\"@type\":\"EntryPoint\",\"urlTemplate\":\"https:\\\/\\\/www.twinnyload.com\\\/fr\\\/?s={search_term_string}\"},\"query-input\":{\"@type\":\"PropertyValueSpecification\",\"valueRequired\":true,\"valueName\":\"search_term_string\"}}],\"inLanguage\":\"fr-FR\"},{\"@type\":\"Organization\",\"@id\":\"https:\\\/\\\/www.twinnyload.com\\\/fr\\\/#organization\",\"name\":\"Twinny Load\",\"url\":\"https:\\\/\\\/www.twinnyload.com\\\/fr\\\/\",\"logo\":{\"@type\":\"ImageObject\",\"inLanguage\":\"fr-FR\",\"@id\":\"https:\\\/\\\/www.twinnyload.com\\\/fr\\\/#\\\/schema\\\/logo\\\/image\\\/\",\"url\":\"https:\\\/\\\/i2.wp.com\\\/www.twinnyload.com\\\/wp-content\\\/uploads\\\/2020\\\/06\\\/Twinny-Load-logo-CMYK.png?fit=531%2C87&ssl=1\",\"contentUrl\":\"https:\\\/\\\/i2.wp.com\\\/www.twinnyload.com\\\/wp-content\\\/uploads\\\/2020\\\/06\\\/Twinny-Load-logo-CMYK.png?fit=531%2C87&ssl=1\",\"width\":531,\"height\":87,\"caption\":\"Twinny Load\"},\"image\":{\"@id\":\"https:\\\/\\\/www.twinnyload.com\\\/fr\\\/#\\\/schema\\\/logo\\\/image\\\/\"}}]}<\/script>\n<!-- \/ Yoast SEO plugin. -->","yoast_head_json":{"title":"Jeu de barres de toit universelle Twinny Load Aluminium Fly Bar 124cm pour voitures avec portefaix d'origine ouvert et ferm\u00e9e - TwinnyLoad","robots":{"index":"index","follow":"follow","max-snippet":"max-snippet:-1","max-image-preview":"max-image-preview:large","max-video-preview":"max-video-preview:-1"},"canonical":"https:\/\/www.twinnyload.com\/fr\/produit\/jeu-de-barres-de-toit-universelle-twinny-load-aluminium-fly-bar-124cm-pour-voitures-avec-portefaix-dorigine-ouvert-et-fermee\/","og_locale":"fr_FR","og_type":"article","og_title":"Jeu de barres de toit universelle Twinny Load Aluminium Fly Bar 124cm pour voitures avec portefaix d'origine ouvert et ferm\u00e9e - TwinnyLoad","og_description":"Jeu de barres de toit universelle Twinny Load Aluminium Fly Bar 124cm pour voitures avec portefaix d'origine ouvert et ferm\u00e9e","og_url":"https:\/\/www.twinnyload.com\/fr\/produit\/jeu-de-barres-de-toit-universelle-twinny-load-aluminium-fly-bar-124cm-pour-voitures-avec-portefaix-dorigine-ouvert-et-fermee\/","og_site_name":"TwinnyLoad","article_modified_time":"2020-10-26T14:15:18+00:00","og_image":[{"width":800,"height":800,"url":"https:\/\/i1.wp.com\/www.twinnyload.com\/wp-content\/uploads\/2020\/08\/TL_F01_1.jpg?fit=800%2C800&ssl=1","type":"image\/jpeg"}],"twitter_card":"summary_large_image","twitter_misc":{"Dur\u00e9e de lecture estim\u00e9e":"1 minute"},"schema":{"@context":"https:\/\/schema.org","@graph":[{"@type":"WebPage","@id":"https:\/\/www.twinnyload.com\/fr\/produit\/jeu-de-barres-de-toit-universelle-twinny-load-aluminium-fly-bar-124cm-pour-voitures-avec-portefaix-dorigine-ouvert-et-fermee\/","url":"https:\/\/www.twinnyload.com\/fr\/produit\/jeu-de-barres-de-toit-universelle-twinny-load-aluminium-fly-bar-124cm-pour-voitures-avec-portefaix-dorigine-ouvert-et-fermee\/","name":"Jeu de barres de toit universelle Twinny Load Aluminium Fly Bar 124cm pour voitures avec portefaix d'origine ouvert et ferm\u00e9e - TwinnyLoad","isPartOf":{"@id":"https:\/\/www.twinnyload.com\/fr\/#website"},"primaryImageOfPage":{"@id":"https:\/\/www.twinnyload.com\/fr\/produit\/jeu-de-barres-de-toit-universelle-twinny-load-aluminium-fly-bar-124cm-pour-voitures-avec-portefaix-dorigine-ouvert-et-fermee\/#primaryimage"},"image":{"@id":"https:\/\/www.twinnyload.com\/fr\/produit\/jeu-de-barres-de-toit-universelle-twinny-load-aluminium-fly-bar-124cm-pour-voitures-avec-portefaix-dorigine-ouvert-et-fermee\/#primaryimage"},"thumbnailUrl":"https:\/\/i0.wp.com\/www.twinnyload.com\/wp-content\/uploads\/2020\/08\/TL_F01_1.jpg?fit=800%2C800&ssl=1","datePublished":"2020-10-26T14:15:12+00:00","dateModified":"2020-10-26T14:15:18+00:00","breadcrumb":{"@id":"https:\/\/www.twinnyload.com\/fr\/produit\/jeu-de-barres-de-toit-universelle-twinny-load-aluminium-fly-bar-124cm-pour-voitures-avec-portefaix-dorigine-ouvert-et-fermee\/#breadcrumb"},"inLanguage":"fr-FR","potentialAction":[{"@type":"ReadAction","target":["https:\/\/www.twinnyload.com\/fr\/produit\/jeu-de-barres-de-toit-universelle-twinny-load-aluminium-fly-bar-124cm-pour-voitures-avec-portefaix-dorigine-ouvert-et-fermee\/"]}]},{"@type":"ImageObject","inLanguage":"fr-FR","@id":"https:\/\/www.twinnyload.com\/fr\/produit\/jeu-de-barres-de-toit-universelle-twinny-load-aluminium-fly-bar-124cm-pour-voitures-avec-portefaix-dorigine-ouvert-et-fermee\/#primaryimage","url":"https:\/\/i0.wp.com\/www.twinnyload.com\/wp-content\/uploads\/2020\/08\/TL_F01_1.jpg?fit=800%2C800&ssl=1","contentUrl":"https:\/\/i0.wp.com\/www.twinnyload.com\/wp-content\/uploads\/2020\/08\/TL_F01_1.jpg?fit=800%2C800&ssl=1","width":800,"height":800},{"@type":"BreadcrumbList","@id":"https:\/\/www.twinnyload.com\/fr\/produit\/jeu-de-barres-de-toit-universelle-twinny-load-aluminium-fly-bar-124cm-pour-voitures-avec-portefaix-dorigine-ouvert-et-fermee\/#breadcrumb","itemListElement":[{"@type":"ListItem","position":1,"name":"Home","item":"https:\/\/www.twinnyload.com\/fr\/"},{"@type":"ListItem","position":2,"name":"Boutique","item":"https:\/\/www.twinnyload.com\/fr\/shop\/"},{"@type":"ListItem","position":3,"name":"Jeu de barres de toit universelle Twinny Load Aluminium Fly Bar 124cm pour voitures avec portefaix d&#8217;origine ouvert et ferm\u00e9e"}]},{"@type":"WebSite","@id":"https:\/\/www.twinnyload.com\/fr\/#website","url":"https:\/\/www.twinnyload.com\/fr\/","name":"TwinnyLoad","description":"fietsendragers en dakkoffers","publisher":{"@id":"https:\/\/www.twinnyload.com\/fr\/#organization"},"potentialAction":[{"@type":"SearchAction","target":{"@type":"EntryPoint","urlTemplate":"https:\/\/www.twinnyload.com\/fr\/?s={search_term_string}"},"query-input":{"@type":"PropertyValueSpecification","valueRequired":true,"valueName":"search_term_string"}}],"inLanguage":"fr-FR"},{"@type":"Organization","@id":"https:\/\/www.twinnyload.com\/fr\/#organization","name":"Twinny Load","url":"https:\/\/www.twinnyload.com\/fr\/","logo":{"@type":"ImageObject","inLanguage":"fr-FR","@id":"https:\/\/www.twinnyload.com\/fr\/#\/schema\/logo\/image\/","url":"https:\/\/i2.wp.com\/www.twinnyload.com\/wp-content\/uploads\/2020\/06\/Twinny-Load-logo-CMYK.png?fit=531%2C87&ssl=1","contentUrl":"https:\/\/i2.wp.com\/www.twinnyload.com\/wp-content\/uploads\/2020\/06\/Twinny-Load-logo-CMYK.png?fit=531%2C87&ssl=1","width":531,"height":87,"caption":"Twinny Load"},"image":{"@id":"https:\/\/www.twinnyload.com\/fr\/#\/schema\/logo\/image\/"}}]}},"jetpack_sharing_enabled":true,"_links":{"self":[{"href":"https:\/\/www.twinnyload.com\/fr\/wp-json\/wp\/v2\/product\/12109","targetHints":{"allow":["GET"]}}],"collection":[{"href":"https:\/\/www.twinnyload.com\/fr\/wp-json\/wp\/v2\/product"}],"about":[{"href":"https:\/\/www.twinnyload.com\/fr\/wp-json\/wp\/v2\/types\/product"}],"replies":[{"embeddable":true,"href":"https:\/\/www.twinnyload.com\/fr\/wp-json\/wp\/v2\/comments?post=12109"}],"wp:featuredmedia":[{"embeddable":true,"href":"https:\/\/www.twinnyload.com\/fr\/wp-json\/wp\/v2\/media\/15678"}],"wp:attachment":[{"href":"https:\/\/www.twinnyload.com\/fr\/wp-json\/wp\/v2\/media?parent=12109"}],"wp:term":[{"taxonomy":"product_brand","embeddable":true,"href":"https:\/\/www.twinnyload.com\/fr\/wp-json\/wp\/v2\/product_brand?post=12109"},{"taxonomy":"product_cat","embeddable":true,"href":"https:\/\/www.twinnyload.com\/fr\/wp-json\/wp\/v2\/product_cat?post=12109"},{"taxonomy":"product_tag","embeddable":true,"href":"https:\/\/www.twinnyload.com\/fr\/wp-json\/wp\/v2\/product_tag?post=12109"}],"curies":[{"name":"wp","href":"https:\/\/api.w.org\/{rel}","templated":true}]}}