{"id":12106,"date":"2020-10-26T14:51:41","date_gmt":"2020-10-26T14:15:12","guid":{"rendered":"http:\/\/193.23.143.29\/~twinnyload\/product\/capuchon-dextremite-de-barre-de-toit-twinny-daluminium-60288\/"},"modified":"2020-10-26T15:15:15","modified_gmt":"2020-10-26T14:15:15","slug":"capuchon-dextremite-de-barre-de-toit-twinny-load-daluminium-60288","status":"publish","type":"product","link":"https:\/\/www.twinnyload.com\/fr\/produit\/capuchon-dextremite-de-barre-de-toit-twinny-load-daluminium-60288\/","title":{"rendered":"Capuchon d&rsquo;extr\u00e9mit\u00e9 de barre de toit Twinny Load d&rsquo;Aluminium (60288)"},"content":{"rendered":"<p>Capuchon d&rsquo;extr\u00e9mit\u00e9 de barre de toit Twinny Load d&rsquo;Aluminium &#8211; single pi\u00e8ce<\/p>\n<p>Nr. d&rsquo;origine 60288<\/p>\n","protected":false},"excerpt":{"rendered":"<p>Capuchon d&rsquo;extr\u00e9mit\u00e9 de barre de toit Twinny Load d&rsquo;Aluminium (60288)<\/p>\n","protected":false},"featured_media":10393,"comment_status":"closed","ping_status":"closed","template":"","meta":{"_acf_changed":false,"_et_pb_use_builder":"","_et_pb_old_content":"","_et_gb_content_width":""},"product_brand":[],"product_cat":[195,192],"product_tag":[344,121],"class_list":{"0":"post-12106","1":"product","2":"type-product","3":"status-publish","4":"has-post-thumbnail","6":"product_cat-pieces-support-de-toit","7":"product_cat-supports-de-toit","8":"product_tag-barres-de-toit","9":"product_tag-dakdragers","10":"pa_couleur-noir","11":"pa_kleur-zwart-fr","12":"pa_materiaal-acier","13":"pa_materiaal-staal","14":"pa_matiere-acier","16":"first","17":"instock","18":"taxable","19":"shipping-taxable","20":"purchasable","21":"product-type-simple"},"acf":[],"yoast_head":"<!-- This site is optimized with the Yoast SEO plugin v27.3 - https:\/\/yoast.com\/product\/yoast-seo-wordpress\/ -->\n<title>Capuchon d&#039;extr\u00e9mit\u00e9 de barre de toit Twinny Load d&#039;Aluminium (60288) - TwinnyLoad<\/title>\n<meta name=\"robots\" content=\"index, follow, max-snippet:-1, max-image-preview:large, max-video-preview:-1\" \/>\n<link rel=\"canonical\" href=\"https:\/\/www.twinnyload.com\/fr\/produit\/capuchon-dextremite-de-barre-de-toit-twinny-load-daluminium-60288\/\" \/>\n<meta property=\"og:locale\" content=\"fr_FR\" \/>\n<meta property=\"og:type\" content=\"article\" \/>\n<meta property=\"og:title\" content=\"Capuchon d&#039;extr\u00e9mit\u00e9 de barre de toit Twinny Load d&#039;Aluminium (60288) - TwinnyLoad\" \/>\n<meta property=\"og:description\" content=\"Capuchon d&#039;extr\u00e9mit\u00e9 de barre de toit Twinny Load d&#039;Aluminium (60288)\" \/>\n<meta property=\"og:url\" content=\"https:\/\/www.twinnyload.com\/fr\/produit\/capuchon-dextremite-de-barre-de-toit-twinny-load-daluminium-60288\/\" \/>\n<meta property=\"og:site_name\" content=\"TwinnyLoad\" \/>\n<meta property=\"article:modified_time\" content=\"2020-10-26T14:15:15+00:00\" \/>\n<meta property=\"og:image\" content=\"https:\/\/i0.wp.com\/www.twinnyload.com\/wp-content\/uploads\/2020\/02\/TL_CAPALU_1.jpg?fit=800%2C800&ssl=1\" \/>\n\t<meta property=\"og:image:width\" content=\"800\" \/>\n\t<meta property=\"og:image:height\" content=\"800\" \/>\n\t<meta property=\"og:image:type\" content=\"image\/jpeg\" \/>\n<meta name=\"twitter:card\" content=\"summary_large_image\" \/>\n<script type=\"application\/ld+json\" class=\"yoast-schema-graph\">{\"@context\":\"https:\\\/\\\/schema.org\",\"@graph\":[{\"@type\":\"WebPage\",\"@id\":\"https:\\\/\\\/www.twinnyload.com\\\/fr\\\/produit\\\/capuchon-dextremite-de-barre-de-toit-twinny-load-daluminium-60288\\\/\",\"url\":\"https:\\\/\\\/www.twinnyload.com\\\/fr\\\/produit\\\/capuchon-dextremite-de-barre-de-toit-twinny-load-daluminium-60288\\\/\",\"name\":\"Capuchon d'extr\u00e9mit\u00e9 de barre de toit Twinny Load d'Aluminium (60288) - TwinnyLoad\",\"isPartOf\":{\"@id\":\"https:\\\/\\\/www.twinnyload.com\\\/fr\\\/#website\"},\"primaryImageOfPage\":{\"@id\":\"https:\\\/\\\/www.twinnyload.com\\\/fr\\\/produit\\\/capuchon-dextremite-de-barre-de-toit-twinny-load-daluminium-60288\\\/#primaryimage\"},\"image\":{\"@id\":\"https:\\\/\\\/www.twinnyload.com\\\/fr\\\/produit\\\/capuchon-dextremite-de-barre-de-toit-twinny-load-daluminium-60288\\\/#primaryimage\"},\"thumbnailUrl\":\"https:\\\/\\\/i0.wp.com\\\/www.twinnyload.com\\\/wp-content\\\/uploads\\\/2020\\\/02\\\/TL_CAPALU_1.jpg?fit=800%2C800&ssl=1\",\"datePublished\":\"2020-10-26T14:15:12+00:00\",\"dateModified\":\"2020-10-26T14:15:15+00:00\",\"breadcrumb\":{\"@id\":\"https:\\\/\\\/www.twinnyload.com\\\/fr\\\/produit\\\/capuchon-dextremite-de-barre-de-toit-twinny-load-daluminium-60288\\\/#breadcrumb\"},\"inLanguage\":\"fr-FR\",\"potentialAction\":[{\"@type\":\"ReadAction\",\"target\":[\"https:\\\/\\\/www.twinnyload.com\\\/fr\\\/produit\\\/capuchon-dextremite-de-barre-de-toit-twinny-load-daluminium-60288\\\/\"]}]},{\"@type\":\"ImageObject\",\"inLanguage\":\"fr-FR\",\"@id\":\"https:\\\/\\\/www.twinnyload.com\\\/fr\\\/produit\\\/capuchon-dextremite-de-barre-de-toit-twinny-load-daluminium-60288\\\/#primaryimage\",\"url\":\"https:\\\/\\\/i0.wp.com\\\/www.twinnyload.com\\\/wp-content\\\/uploads\\\/2020\\\/02\\\/TL_CAPALU_1.jpg?fit=800%2C800&ssl=1\",\"contentUrl\":\"https:\\\/\\\/i0.wp.com\\\/www.twinnyload.com\\\/wp-content\\\/uploads\\\/2020\\\/02\\\/TL_CAPALU_1.jpg?fit=800%2C800&ssl=1\",\"width\":800,\"height\":800},{\"@type\":\"BreadcrumbList\",\"@id\":\"https:\\\/\\\/www.twinnyload.com\\\/fr\\\/produit\\\/capuchon-dextremite-de-barre-de-toit-twinny-load-daluminium-60288\\\/#breadcrumb\",\"itemListElement\":[{\"@type\":\"ListItem\",\"position\":1,\"name\":\"Home\",\"item\":\"https:\\\/\\\/www.twinnyload.com\\\/fr\\\/\"},{\"@type\":\"ListItem\",\"position\":2,\"name\":\"Boutique\",\"item\":\"https:\\\/\\\/www.twinnyload.com\\\/fr\\\/shop\\\/\"},{\"@type\":\"ListItem\",\"position\":3,\"name\":\"Capuchon d&#8217;extr\u00e9mit\u00e9 de barre de toit Twinny Load d&#8217;Aluminium (60288)\"}]},{\"@type\":\"WebSite\",\"@id\":\"https:\\\/\\\/www.twinnyload.com\\\/fr\\\/#website\",\"url\":\"https:\\\/\\\/www.twinnyload.com\\\/fr\\\/\",\"name\":\"TwinnyLoad\",\"description\":\"fietsendragers en dakkoffers\",\"publisher\":{\"@id\":\"https:\\\/\\\/www.twinnyload.com\\\/fr\\\/#organization\"},\"potentialAction\":[{\"@type\":\"SearchAction\",\"target\":{\"@type\":\"EntryPoint\",\"urlTemplate\":\"https:\\\/\\\/www.twinnyload.com\\\/fr\\\/?s={search_term_string}\"},\"query-input\":{\"@type\":\"PropertyValueSpecification\",\"valueRequired\":true,\"valueName\":\"search_term_string\"}}],\"inLanguage\":\"fr-FR\"},{\"@type\":\"Organization\",\"@id\":\"https:\\\/\\\/www.twinnyload.com\\\/fr\\\/#organization\",\"name\":\"Twinny Load\",\"url\":\"https:\\\/\\\/www.twinnyload.com\\\/fr\\\/\",\"logo\":{\"@type\":\"ImageObject\",\"inLanguage\":\"fr-FR\",\"@id\":\"https:\\\/\\\/www.twinnyload.com\\\/fr\\\/#\\\/schema\\\/logo\\\/image\\\/\",\"url\":\"https:\\\/\\\/i2.wp.com\\\/www.twinnyload.com\\\/wp-content\\\/uploads\\\/2020\\\/06\\\/Twinny-Load-logo-CMYK.png?fit=531%2C87&ssl=1\",\"contentUrl\":\"https:\\\/\\\/i2.wp.com\\\/www.twinnyload.com\\\/wp-content\\\/uploads\\\/2020\\\/06\\\/Twinny-Load-logo-CMYK.png?fit=531%2C87&ssl=1\",\"width\":531,\"height\":87,\"caption\":\"Twinny Load\"},\"image\":{\"@id\":\"https:\\\/\\\/www.twinnyload.com\\\/fr\\\/#\\\/schema\\\/logo\\\/image\\\/\"}}]}<\/script>\n<!-- \/ Yoast SEO plugin. -->","yoast_head_json":{"title":"Capuchon d'extr\u00e9mit\u00e9 de barre de toit Twinny Load d'Aluminium (60288) - TwinnyLoad","robots":{"index":"index","follow":"follow","max-snippet":"max-snippet:-1","max-image-preview":"max-image-preview:large","max-video-preview":"max-video-preview:-1"},"canonical":"https:\/\/www.twinnyload.com\/fr\/produit\/capuchon-dextremite-de-barre-de-toit-twinny-load-daluminium-60288\/","og_locale":"fr_FR","og_type":"article","og_title":"Capuchon d'extr\u00e9mit\u00e9 de barre de toit Twinny Load d'Aluminium (60288) - TwinnyLoad","og_description":"Capuchon d'extr\u00e9mit\u00e9 de barre de toit Twinny Load d'Aluminium (60288)","og_url":"https:\/\/www.twinnyload.com\/fr\/produit\/capuchon-dextremite-de-barre-de-toit-twinny-load-daluminium-60288\/","og_site_name":"TwinnyLoad","article_modified_time":"2020-10-26T14:15:15+00:00","og_image":[{"width":800,"height":800,"url":"https:\/\/i0.wp.com\/www.twinnyload.com\/wp-content\/uploads\/2020\/02\/TL_CAPALU_1.jpg?fit=800%2C800&ssl=1","type":"image\/jpeg"}],"twitter_card":"summary_large_image","schema":{"@context":"https:\/\/schema.org","@graph":[{"@type":"WebPage","@id":"https:\/\/www.twinnyload.com\/fr\/produit\/capuchon-dextremite-de-barre-de-toit-twinny-load-daluminium-60288\/","url":"https:\/\/www.twinnyload.com\/fr\/produit\/capuchon-dextremite-de-barre-de-toit-twinny-load-daluminium-60288\/","name":"Capuchon d'extr\u00e9mit\u00e9 de barre de toit Twinny Load d'Aluminium (60288) - TwinnyLoad","isPartOf":{"@id":"https:\/\/www.twinnyload.com\/fr\/#website"},"primaryImageOfPage":{"@id":"https:\/\/www.twinnyload.com\/fr\/produit\/capuchon-dextremite-de-barre-de-toit-twinny-load-daluminium-60288\/#primaryimage"},"image":{"@id":"https:\/\/www.twinnyload.com\/fr\/produit\/capuchon-dextremite-de-barre-de-toit-twinny-load-daluminium-60288\/#primaryimage"},"thumbnailUrl":"https:\/\/i0.wp.com\/www.twinnyload.com\/wp-content\/uploads\/2020\/02\/TL_CAPALU_1.jpg?fit=800%2C800&ssl=1","datePublished":"2020-10-26T14:15:12+00:00","dateModified":"2020-10-26T14:15:15+00:00","breadcrumb":{"@id":"https:\/\/www.twinnyload.com\/fr\/produit\/capuchon-dextremite-de-barre-de-toit-twinny-load-daluminium-60288\/#breadcrumb"},"inLanguage":"fr-FR","potentialAction":[{"@type":"ReadAction","target":["https:\/\/www.twinnyload.com\/fr\/produit\/capuchon-dextremite-de-barre-de-toit-twinny-load-daluminium-60288\/"]}]},{"@type":"ImageObject","inLanguage":"fr-FR","@id":"https:\/\/www.twinnyload.com\/fr\/produit\/capuchon-dextremite-de-barre-de-toit-twinny-load-daluminium-60288\/#primaryimage","url":"https:\/\/i0.wp.com\/www.twinnyload.com\/wp-content\/uploads\/2020\/02\/TL_CAPALU_1.jpg?fit=800%2C800&ssl=1","contentUrl":"https:\/\/i0.wp.com\/www.twinnyload.com\/wp-content\/uploads\/2020\/02\/TL_CAPALU_1.jpg?fit=800%2C800&ssl=1","width":800,"height":800},{"@type":"BreadcrumbList","@id":"https:\/\/www.twinnyload.com\/fr\/produit\/capuchon-dextremite-de-barre-de-toit-twinny-load-daluminium-60288\/#breadcrumb","itemListElement":[{"@type":"ListItem","position":1,"name":"Home","item":"https:\/\/www.twinnyload.com\/fr\/"},{"@type":"ListItem","position":2,"name":"Boutique","item":"https:\/\/www.twinnyload.com\/fr\/shop\/"},{"@type":"ListItem","position":3,"name":"Capuchon d&#8217;extr\u00e9mit\u00e9 de barre de toit Twinny Load d&#8217;Aluminium (60288)"}]},{"@type":"WebSite","@id":"https:\/\/www.twinnyload.com\/fr\/#website","url":"https:\/\/www.twinnyload.com\/fr\/","name":"TwinnyLoad","description":"fietsendragers en dakkoffers","publisher":{"@id":"https:\/\/www.twinnyload.com\/fr\/#organization"},"potentialAction":[{"@type":"SearchAction","target":{"@type":"EntryPoint","urlTemplate":"https:\/\/www.twinnyload.com\/fr\/?s={search_term_string}"},"query-input":{"@type":"PropertyValueSpecification","valueRequired":true,"valueName":"search_term_string"}}],"inLanguage":"fr-FR"},{"@type":"Organization","@id":"https:\/\/www.twinnyload.com\/fr\/#organization","name":"Twinny Load","url":"https:\/\/www.twinnyload.com\/fr\/","logo":{"@type":"ImageObject","inLanguage":"fr-FR","@id":"https:\/\/www.twinnyload.com\/fr\/#\/schema\/logo\/image\/","url":"https:\/\/i2.wp.com\/www.twinnyload.com\/wp-content\/uploads\/2020\/06\/Twinny-Load-logo-CMYK.png?fit=531%2C87&ssl=1","contentUrl":"https:\/\/i2.wp.com\/www.twinnyload.com\/wp-content\/uploads\/2020\/06\/Twinny-Load-logo-CMYK.png?fit=531%2C87&ssl=1","width":531,"height":87,"caption":"Twinny Load"},"image":{"@id":"https:\/\/www.twinnyload.com\/fr\/#\/schema\/logo\/image\/"}}]}},"jetpack_sharing_enabled":true,"_links":{"self":[{"href":"https:\/\/www.twinnyload.com\/fr\/wp-json\/wp\/v2\/product\/12106","targetHints":{"allow":["GET"]}}],"collection":[{"href":"https:\/\/www.twinnyload.com\/fr\/wp-json\/wp\/v2\/product"}],"about":[{"href":"https:\/\/www.twinnyload.com\/fr\/wp-json\/wp\/v2\/types\/product"}],"replies":[{"embeddable":true,"href":"https:\/\/www.twinnyload.com\/fr\/wp-json\/wp\/v2\/comments?post=12106"}],"wp:featuredmedia":[{"embeddable":true,"href":"https:\/\/www.twinnyload.com\/fr\/wp-json\/wp\/v2\/media\/10393"}],"wp:attachment":[{"href":"https:\/\/www.twinnyload.com\/fr\/wp-json\/wp\/v2\/media?parent=12106"}],"wp:term":[{"taxonomy":"product_brand","embeddable":true,"href":"https:\/\/www.twinnyload.com\/fr\/wp-json\/wp\/v2\/product_brand?post=12106"},{"taxonomy":"product_cat","embeddable":true,"href":"https:\/\/www.twinnyload.com\/fr\/wp-json\/wp\/v2\/product_cat?post=12106"},{"taxonomy":"product_tag","embeddable":true,"href":"https:\/\/www.twinnyload.com\/fr\/wp-json\/wp\/v2\/product_tag?post=12106"}],"curies":[{"name":"wp","href":"https:\/\/api.w.org\/{rel}","templated":true}]}}