{"id":11945,"date":"2020-10-26T14:43:30","date_gmt":"2020-10-26T14:12:42","guid":{"rendered":"http:\/\/193.23.143.29\/~twinnyload\/product\/supports-mural-pour-coffre-de-toit-twinnyoad\/"},"modified":"2021-02-27T17:21:02","modified_gmt":"2021-02-27T16:21:02","slug":"supports-mural-pour-coffre-de-toit-twinnyoad","status":"publish","type":"product","link":"https:\/\/www.twinnyload.com\/fr\/produit\/supports-mural-pour-coffre-de-toit-twinnyoad\/","title":{"rendered":"Supports mural pour Coffre de to\u00eet Twinnyoad"},"content":{"rendered":"<p>Support mural pour Coffre de to\u00eet Twinny Load<\/p>\n<p>Support mural id\u00e9al pour ranger votre coffre de toit rapidement et facilement sans se mettre en travers. Convient pour une fixation murale et une suspension \u00e0 une hauteur pr\u00e9f\u00e9r\u00e9e. De cette fa\u00e7on, votre coffre est d\u00e9gag\u00e9 du sol et le risque de dommages est r\u00e9duit.<\/p>\n<p>Un coffre de toit d&rsquo;une hauteur maximale de 40 cm peut \u00eatre install\u00e9 dessus.<\/p>\n","protected":false},"excerpt":{"rendered":"<p>Supports mural pour Coffre de to\u00eet Twinnyoad<\/p>\n","protected":false},"featured_media":9503,"comment_status":"closed","ping_status":"closed","template":"","meta":{"_acf_changed":false,"_et_pb_use_builder":"","_et_pb_old_content":"","_et_gb_content_width":""},"product_brand":[],"product_cat":[214,205],"product_tag":[],"class_list":{"0":"post-11945","1":"product","2":"type-product","3":"status-publish","4":"has-post-thumbnail","6":"product_cat-coffres-de-toit","7":"product_cat-pieces-detachees","8":"pa_couleur-noir","9":"pa_kleur-zwart-fr","10":"pa_materiaal-acier","11":"pa_matiere-acier","13":"first","14":"instock","15":"taxable","16":"shipping-taxable","17":"purchasable","18":"product-type-simple"},"acf":[],"yoast_head":"<!-- This site is optimized with the Yoast SEO plugin v27.5 - https:\/\/yoast.com\/product\/yoast-seo-wordpress\/ -->\n<title>Supports mural pour Coffre de to\u00eet Twinnyoad - TwinnyLoad<\/title>\n<meta name=\"robots\" content=\"index, follow, max-snippet:-1, max-image-preview:large, max-video-preview:-1\" \/>\n<link rel=\"canonical\" href=\"https:\/\/www.twinnyload.com\/fr\/produit\/supports-mural-pour-coffre-de-toit-twinnyoad\/\" \/>\n<meta property=\"og:locale\" content=\"fr_FR\" \/>\n<meta property=\"og:type\" content=\"article\" \/>\n<meta property=\"og:title\" content=\"Supports mural pour Coffre de to\u00eet Twinnyoad - TwinnyLoad\" \/>\n<meta property=\"og:description\" content=\"Supports mural pour Coffre de to\u00eet Twinnyoad\" \/>\n<meta property=\"og:url\" content=\"https:\/\/www.twinnyload.com\/fr\/produit\/supports-mural-pour-coffre-de-toit-twinnyoad\/\" \/>\n<meta property=\"og:site_name\" content=\"TwinnyLoad\" \/>\n<meta property=\"article:modified_time\" content=\"2021-02-27T16:21:02+00:00\" \/>\n<meta property=\"og:image\" content=\"https:\/\/i1.wp.com\/www.twinnyload.com\/wp-content\/uploads\/2020\/02\/TL_627915005_1.jpg?fit=800%2C800&ssl=1\" \/>\n\t<meta property=\"og:image:width\" content=\"800\" \/>\n\t<meta property=\"og:image:height\" content=\"800\" \/>\n\t<meta property=\"og:image:type\" content=\"image\/jpeg\" \/>\n<meta name=\"twitter:card\" content=\"summary_large_image\" \/>\n<script type=\"application\/ld+json\" class=\"yoast-schema-graph\">{\"@context\":\"https:\\\/\\\/schema.org\",\"@graph\":[{\"@type\":\"WebPage\",\"@id\":\"https:\\\/\\\/www.twinnyload.com\\\/fr\\\/produit\\\/supports-mural-pour-coffre-de-toit-twinnyoad\\\/\",\"url\":\"https:\\\/\\\/www.twinnyload.com\\\/fr\\\/produit\\\/supports-mural-pour-coffre-de-toit-twinnyoad\\\/\",\"name\":\"Supports mural pour Coffre de to\u00eet Twinnyoad - TwinnyLoad\",\"isPartOf\":{\"@id\":\"https:\\\/\\\/www.twinnyload.com\\\/fr\\\/#website\"},\"primaryImageOfPage\":{\"@id\":\"https:\\\/\\\/www.twinnyload.com\\\/fr\\\/produit\\\/supports-mural-pour-coffre-de-toit-twinnyoad\\\/#primaryimage\"},\"image\":{\"@id\":\"https:\\\/\\\/www.twinnyload.com\\\/fr\\\/produit\\\/supports-mural-pour-coffre-de-toit-twinnyoad\\\/#primaryimage\"},\"thumbnailUrl\":\"https:\\\/\\\/i0.wp.com\\\/www.twinnyload.com\\\/wp-content\\\/uploads\\\/2020\\\/02\\\/TL_627915005_1.jpg?fit=800%2C800&ssl=1\",\"datePublished\":\"2020-10-26T14:12:42+00:00\",\"dateModified\":\"2021-02-27T16:21:02+00:00\",\"breadcrumb\":{\"@id\":\"https:\\\/\\\/www.twinnyload.com\\\/fr\\\/produit\\\/supports-mural-pour-coffre-de-toit-twinnyoad\\\/#breadcrumb\"},\"inLanguage\":\"fr-FR\",\"potentialAction\":[{\"@type\":\"ReadAction\",\"target\":[\"https:\\\/\\\/www.twinnyload.com\\\/fr\\\/produit\\\/supports-mural-pour-coffre-de-toit-twinnyoad\\\/\"]}]},{\"@type\":\"ImageObject\",\"inLanguage\":\"fr-FR\",\"@id\":\"https:\\\/\\\/www.twinnyload.com\\\/fr\\\/produit\\\/supports-mural-pour-coffre-de-toit-twinnyoad\\\/#primaryimage\",\"url\":\"https:\\\/\\\/i0.wp.com\\\/www.twinnyload.com\\\/wp-content\\\/uploads\\\/2020\\\/02\\\/TL_627915005_1.jpg?fit=800%2C800&ssl=1\",\"contentUrl\":\"https:\\\/\\\/i0.wp.com\\\/www.twinnyload.com\\\/wp-content\\\/uploads\\\/2020\\\/02\\\/TL_627915005_1.jpg?fit=800%2C800&ssl=1\",\"width\":800,\"height\":800},{\"@type\":\"BreadcrumbList\",\"@id\":\"https:\\\/\\\/www.twinnyload.com\\\/fr\\\/produit\\\/supports-mural-pour-coffre-de-toit-twinnyoad\\\/#breadcrumb\",\"itemListElement\":[{\"@type\":\"ListItem\",\"position\":1,\"name\":\"Home\",\"item\":\"https:\\\/\\\/www.twinnyload.com\\\/fr\\\/\"},{\"@type\":\"ListItem\",\"position\":2,\"name\":\"Boutique\",\"item\":\"https:\\\/\\\/www.twinnyload.com\\\/fr\\\/shop\\\/\"},{\"@type\":\"ListItem\",\"position\":3,\"name\":\"Supports mural pour Coffre de to\u00eet Twinnyoad\"}]},{\"@type\":\"WebSite\",\"@id\":\"https:\\\/\\\/www.twinnyload.com\\\/fr\\\/#website\",\"url\":\"https:\\\/\\\/www.twinnyload.com\\\/fr\\\/\",\"name\":\"TwinnyLoad\",\"description\":\"fietsendragers en dakkoffers\",\"publisher\":{\"@id\":\"https:\\\/\\\/www.twinnyload.com\\\/fr\\\/#organization\"},\"potentialAction\":[{\"@type\":\"SearchAction\",\"target\":{\"@type\":\"EntryPoint\",\"urlTemplate\":\"https:\\\/\\\/www.twinnyload.com\\\/fr\\\/?s={search_term_string}\"},\"query-input\":{\"@type\":\"PropertyValueSpecification\",\"valueRequired\":true,\"valueName\":\"search_term_string\"}}],\"inLanguage\":\"fr-FR\"},{\"@type\":\"Organization\",\"@id\":\"https:\\\/\\\/www.twinnyload.com\\\/fr\\\/#organization\",\"name\":\"Twinny Load\",\"url\":\"https:\\\/\\\/www.twinnyload.com\\\/fr\\\/\",\"logo\":{\"@type\":\"ImageObject\",\"inLanguage\":\"fr-FR\",\"@id\":\"https:\\\/\\\/www.twinnyload.com\\\/fr\\\/#\\\/schema\\\/logo\\\/image\\\/\",\"url\":\"https:\\\/\\\/i2.wp.com\\\/www.twinnyload.com\\\/wp-content\\\/uploads\\\/2020\\\/06\\\/Twinny-Load-logo-CMYK.png?fit=531%2C87&ssl=1\",\"contentUrl\":\"https:\\\/\\\/i2.wp.com\\\/www.twinnyload.com\\\/wp-content\\\/uploads\\\/2020\\\/06\\\/Twinny-Load-logo-CMYK.png?fit=531%2C87&ssl=1\",\"width\":531,\"height\":87,\"caption\":\"Twinny Load\"},\"image\":{\"@id\":\"https:\\\/\\\/www.twinnyload.com\\\/fr\\\/#\\\/schema\\\/logo\\\/image\\\/\"}}]}<\/script>\n<!-- \/ Yoast SEO plugin. -->","yoast_head_json":{"title":"Supports mural pour Coffre de to\u00eet Twinnyoad - TwinnyLoad","robots":{"index":"index","follow":"follow","max-snippet":"max-snippet:-1","max-image-preview":"max-image-preview:large","max-video-preview":"max-video-preview:-1"},"canonical":"https:\/\/www.twinnyload.com\/fr\/produit\/supports-mural-pour-coffre-de-toit-twinnyoad\/","og_locale":"fr_FR","og_type":"article","og_title":"Supports mural pour Coffre de to\u00eet Twinnyoad - TwinnyLoad","og_description":"Supports mural pour Coffre de to\u00eet Twinnyoad","og_url":"https:\/\/www.twinnyload.com\/fr\/produit\/supports-mural-pour-coffre-de-toit-twinnyoad\/","og_site_name":"TwinnyLoad","article_modified_time":"2021-02-27T16:21:02+00:00","og_image":[{"width":800,"height":800,"url":"https:\/\/i1.wp.com\/www.twinnyload.com\/wp-content\/uploads\/2020\/02\/TL_627915005_1.jpg?fit=800%2C800&ssl=1","type":"image\/jpeg"}],"twitter_card":"summary_large_image","schema":{"@context":"https:\/\/schema.org","@graph":[{"@type":"WebPage","@id":"https:\/\/www.twinnyload.com\/fr\/produit\/supports-mural-pour-coffre-de-toit-twinnyoad\/","url":"https:\/\/www.twinnyload.com\/fr\/produit\/supports-mural-pour-coffre-de-toit-twinnyoad\/","name":"Supports mural pour Coffre de to\u00eet Twinnyoad - TwinnyLoad","isPartOf":{"@id":"https:\/\/www.twinnyload.com\/fr\/#website"},"primaryImageOfPage":{"@id":"https:\/\/www.twinnyload.com\/fr\/produit\/supports-mural-pour-coffre-de-toit-twinnyoad\/#primaryimage"},"image":{"@id":"https:\/\/www.twinnyload.com\/fr\/produit\/supports-mural-pour-coffre-de-toit-twinnyoad\/#primaryimage"},"thumbnailUrl":"https:\/\/i0.wp.com\/www.twinnyload.com\/wp-content\/uploads\/2020\/02\/TL_627915005_1.jpg?fit=800%2C800&ssl=1","datePublished":"2020-10-26T14:12:42+00:00","dateModified":"2021-02-27T16:21:02+00:00","breadcrumb":{"@id":"https:\/\/www.twinnyload.com\/fr\/produit\/supports-mural-pour-coffre-de-toit-twinnyoad\/#breadcrumb"},"inLanguage":"fr-FR","potentialAction":[{"@type":"ReadAction","target":["https:\/\/www.twinnyload.com\/fr\/produit\/supports-mural-pour-coffre-de-toit-twinnyoad\/"]}]},{"@type":"ImageObject","inLanguage":"fr-FR","@id":"https:\/\/www.twinnyload.com\/fr\/produit\/supports-mural-pour-coffre-de-toit-twinnyoad\/#primaryimage","url":"https:\/\/i0.wp.com\/www.twinnyload.com\/wp-content\/uploads\/2020\/02\/TL_627915005_1.jpg?fit=800%2C800&ssl=1","contentUrl":"https:\/\/i0.wp.com\/www.twinnyload.com\/wp-content\/uploads\/2020\/02\/TL_627915005_1.jpg?fit=800%2C800&ssl=1","width":800,"height":800},{"@type":"BreadcrumbList","@id":"https:\/\/www.twinnyload.com\/fr\/produit\/supports-mural-pour-coffre-de-toit-twinnyoad\/#breadcrumb","itemListElement":[{"@type":"ListItem","position":1,"name":"Home","item":"https:\/\/www.twinnyload.com\/fr\/"},{"@type":"ListItem","position":2,"name":"Boutique","item":"https:\/\/www.twinnyload.com\/fr\/shop\/"},{"@type":"ListItem","position":3,"name":"Supports mural pour Coffre de to\u00eet Twinnyoad"}]},{"@type":"WebSite","@id":"https:\/\/www.twinnyload.com\/fr\/#website","url":"https:\/\/www.twinnyload.com\/fr\/","name":"TwinnyLoad","description":"fietsendragers en dakkoffers","publisher":{"@id":"https:\/\/www.twinnyload.com\/fr\/#organization"},"potentialAction":[{"@type":"SearchAction","target":{"@type":"EntryPoint","urlTemplate":"https:\/\/www.twinnyload.com\/fr\/?s={search_term_string}"},"query-input":{"@type":"PropertyValueSpecification","valueRequired":true,"valueName":"search_term_string"}}],"inLanguage":"fr-FR"},{"@type":"Organization","@id":"https:\/\/www.twinnyload.com\/fr\/#organization","name":"Twinny Load","url":"https:\/\/www.twinnyload.com\/fr\/","logo":{"@type":"ImageObject","inLanguage":"fr-FR","@id":"https:\/\/www.twinnyload.com\/fr\/#\/schema\/logo\/image\/","url":"https:\/\/i2.wp.com\/www.twinnyload.com\/wp-content\/uploads\/2020\/06\/Twinny-Load-logo-CMYK.png?fit=531%2C87&ssl=1","contentUrl":"https:\/\/i2.wp.com\/www.twinnyload.com\/wp-content\/uploads\/2020\/06\/Twinny-Load-logo-CMYK.png?fit=531%2C87&ssl=1","width":531,"height":87,"caption":"Twinny Load"},"image":{"@id":"https:\/\/www.twinnyload.com\/fr\/#\/schema\/logo\/image\/"}}]}},"jetpack_sharing_enabled":true,"_links":{"self":[{"href":"https:\/\/www.twinnyload.com\/fr\/wp-json\/wp\/v2\/product\/11945","targetHints":{"allow":["GET"]}}],"collection":[{"href":"https:\/\/www.twinnyload.com\/fr\/wp-json\/wp\/v2\/product"}],"about":[{"href":"https:\/\/www.twinnyload.com\/fr\/wp-json\/wp\/v2\/types\/product"}],"replies":[{"embeddable":true,"href":"https:\/\/www.twinnyload.com\/fr\/wp-json\/wp\/v2\/comments?post=11945"}],"wp:featuredmedia":[{"embeddable":true,"href":"https:\/\/www.twinnyload.com\/fr\/wp-json\/wp\/v2\/media\/9503"}],"wp:attachment":[{"href":"https:\/\/www.twinnyload.com\/fr\/wp-json\/wp\/v2\/media?parent=11945"}],"wp:term":[{"taxonomy":"product_brand","embeddable":true,"href":"https:\/\/www.twinnyload.com\/fr\/wp-json\/wp\/v2\/product_brand?post=11945"},{"taxonomy":"product_cat","embeddable":true,"href":"https:\/\/www.twinnyload.com\/fr\/wp-json\/wp\/v2\/product_cat?post=11945"},{"taxonomy":"product_tag","embeddable":true,"href":"https:\/\/www.twinnyload.com\/fr\/wp-json\/wp\/v2\/product_tag?post=11945"}],"curies":[{"name":"wp","href":"https:\/\/api.w.org\/{rel}","templated":true}]}}