{"id":11930,"date":"2020-10-26T14:42:42","date_gmt":"2020-10-26T14:12:23","guid":{"rendered":"http:\/\/193.23.143.29\/~twinnyload\/product\/twinnyload-porte-velos-easy-joint-ciseaux-30kg\/"},"modified":"2021-01-18T14:51:11","modified_gmt":"2021-01-18T13:51:11","slug":"twinny-load-porte-velos-easy-joint-ciseaux-30kg","status":"publish","type":"product","link":"https:\/\/www.twinnyload.com\/fr\/produit\/twinny-load-porte-velos-easy-joint-ciseaux-30kg\/","title":{"rendered":"Twinny Load Porte-v\u00e9los Easy (Joint-ciseaux) ->30kg"},"content":{"rendered":"<p>Twinny Load Easy<br \/>\nCe porte v\u00e9lo pliable pour 2 v\u00e9los se monte d&rsquo;un simple clic sur la bille du crochet d&rsquo;attelage. Peut \u00eatre ferm\u00e9 a clef. Le cadre du porte v\u00e9lo est pourvus d&rsquo;une couche en mousse pour la protection de vos v\u00e9los. Quand le porte v\u00e9lo est pli\u00e9 il est tr\u00e8s compacte et donc facile \u00e0 ranger.<\/p>\n<p>Pour le transport d\u2019un v\u00e9lo dames nous vous renvoyons \u00e0 point 5 de la page 5 dans le manuel.<br \/>\nSi il par malheur ne correspond pas, alors vous avez besoin le num\u00e9ro d&rsquo;article accessoire TL 629922742<\/p>\n<p>Twinny Load<br \/>\nOn adore votre v\u00e9lo!<\/p>\n<p>Transportez vos v\u00e9los d&rsquo;une fa\u00e7on stable et facile en toute s\u00e9curit\u00e9.<br \/>\nAvec les porteurs de v\u00e9lo s solide Twinny Load sur votre voiture, vous avez toujours votre v\u00e9lo sous la main, pour des raisons pratiques ou pour faire de belles balades. Twinny Load propose plusieurs mod\u00e8les, pour que vous trouverez votre mod\u00e8le pr\u00e9f\u00e9r\u00e9. Les Twinny Loads sont conformes au demandes europ\u00e9ennes et facile a l&#8217;emploie. Les porte v\u00e9los sont livr\u00e9s mont\u00e9s dans la boite. A cot\u00e9 de cela, Twinny Load propose \u00e9galement divers accessoires et pi\u00e8ces comme adaptateurs, \u00e9clairage, pi\u00e8ces pour caravanes et rampe de chargement.<br \/>\nTransportez vos v\u00e9los en toute s\u00e9curit\u00e9, d&rsquo;une fa\u00e7on stable et pratique.<\/p>\n","protected":false},"excerpt":{"rendered":"<p>Twinny Load Porte-v\u00e9los Easy (Joint-ciseaux) ->30kg<\/p>\n","protected":false},"featured_media":9380,"comment_status":"closed","ping_status":"closed","template":"","meta":{"_acf_changed":false,"_et_pb_use_builder":"","_et_pb_old_content":"","_et_gb_content_width":""},"product_brand":[],"product_cat":[190],"product_tag":[334],"class_list":{"0":"post-11930","1":"product","2":"type-product","3":"status-publish","4":"has-post-thumbnail","6":"product_cat-porte-velos","7":"product_tag-porte-velos-fr","8":"pa_couleur-noir","9":"pa_kleur-zwart-fr","10":"pa_materiaal-kunststof-fr","11":"pa_matiere-matiere-synthetique","13":"first","14":"instock","15":"taxable","16":"shipping-taxable","17":"purchasable","18":"product-type-simple"},"acf":[],"yoast_head":"<!-- This site is optimized with the Yoast SEO plugin v27.5 - https:\/\/yoast.com\/product\/yoast-seo-wordpress\/ -->\n<title>Twinny Load Porte-v\u00e9los Easy (Joint-ciseaux) -&gt;30kg - TwinnyLoad<\/title>\n<meta name=\"robots\" content=\"index, follow, max-snippet:-1, max-image-preview:large, max-video-preview:-1\" \/>\n<link rel=\"canonical\" href=\"https:\/\/www.twinnyload.com\/fr\/produit\/twinny-load-porte-velos-easy-joint-ciseaux-30kg\/\" \/>\n<meta property=\"og:locale\" content=\"fr_FR\" \/>\n<meta property=\"og:type\" content=\"article\" \/>\n<meta property=\"og:title\" content=\"Twinny Load Porte-v\u00e9los Easy (Joint-ciseaux) -&gt;30kg - TwinnyLoad\" \/>\n<meta property=\"og:description\" content=\"Twinny Load Porte-v\u00e9los Easy (Joint-ciseaux) -&gt;30kg\" \/>\n<meta property=\"og:url\" content=\"https:\/\/www.twinnyload.com\/fr\/produit\/twinny-load-porte-velos-easy-joint-ciseaux-30kg\/\" \/>\n<meta property=\"og:site_name\" content=\"TwinnyLoad\" \/>\n<meta property=\"article:modified_time\" content=\"2021-01-18T13:51:11+00:00\" \/>\n<meta property=\"og:image\" content=\"https:\/\/i1.wp.com\/www.twinnyload.com\/wp-content\/uploads\/2020\/02\/TL_627913020_1.jpg?fit=800%2C800&ssl=1\" \/>\n\t<meta property=\"og:image:width\" content=\"800\" \/>\n\t<meta property=\"og:image:height\" content=\"800\" \/>\n\t<meta property=\"og:image:type\" content=\"image\/jpeg\" \/>\n<meta name=\"twitter:card\" content=\"summary_large_image\" \/>\n<meta name=\"twitter:label1\" content=\"Dur\u00e9e de lecture estim\u00e9e\" \/>\n\t<meta name=\"twitter:data1\" content=\"1 minute\" \/>\n<script type=\"application\/ld+json\" class=\"yoast-schema-graph\">{\"@context\":\"https:\\\/\\\/schema.org\",\"@graph\":[{\"@type\":\"WebPage\",\"@id\":\"https:\\\/\\\/www.twinnyload.com\\\/fr\\\/produit\\\/twinny-load-porte-velos-easy-joint-ciseaux-30kg\\\/\",\"url\":\"https:\\\/\\\/www.twinnyload.com\\\/fr\\\/produit\\\/twinny-load-porte-velos-easy-joint-ciseaux-30kg\\\/\",\"name\":\"Twinny Load Porte-v\u00e9los Easy (Joint-ciseaux) ->30kg - TwinnyLoad\",\"isPartOf\":{\"@id\":\"https:\\\/\\\/www.twinnyload.com\\\/fr\\\/#website\"},\"primaryImageOfPage\":{\"@id\":\"https:\\\/\\\/www.twinnyload.com\\\/fr\\\/produit\\\/twinny-load-porte-velos-easy-joint-ciseaux-30kg\\\/#primaryimage\"},\"image\":{\"@id\":\"https:\\\/\\\/www.twinnyload.com\\\/fr\\\/produit\\\/twinny-load-porte-velos-easy-joint-ciseaux-30kg\\\/#primaryimage\"},\"thumbnailUrl\":\"https:\\\/\\\/i0.wp.com\\\/www.twinnyload.com\\\/wp-content\\\/uploads\\\/2020\\\/02\\\/TL_627913020_1.jpg?fit=800%2C800&ssl=1\",\"datePublished\":\"2020-10-26T14:12:23+00:00\",\"dateModified\":\"2021-01-18T13:51:11+00:00\",\"breadcrumb\":{\"@id\":\"https:\\\/\\\/www.twinnyload.com\\\/fr\\\/produit\\\/twinny-load-porte-velos-easy-joint-ciseaux-30kg\\\/#breadcrumb\"},\"inLanguage\":\"fr-FR\",\"potentialAction\":[{\"@type\":\"ReadAction\",\"target\":[\"https:\\\/\\\/www.twinnyload.com\\\/fr\\\/produit\\\/twinny-load-porte-velos-easy-joint-ciseaux-30kg\\\/\"]}]},{\"@type\":\"ImageObject\",\"inLanguage\":\"fr-FR\",\"@id\":\"https:\\\/\\\/www.twinnyload.com\\\/fr\\\/produit\\\/twinny-load-porte-velos-easy-joint-ciseaux-30kg\\\/#primaryimage\",\"url\":\"https:\\\/\\\/i0.wp.com\\\/www.twinnyload.com\\\/wp-content\\\/uploads\\\/2020\\\/02\\\/TL_627913020_1.jpg?fit=800%2C800&ssl=1\",\"contentUrl\":\"https:\\\/\\\/i0.wp.com\\\/www.twinnyload.com\\\/wp-content\\\/uploads\\\/2020\\\/02\\\/TL_627913020_1.jpg?fit=800%2C800&ssl=1\",\"width\":800,\"height\":800},{\"@type\":\"BreadcrumbList\",\"@id\":\"https:\\\/\\\/www.twinnyload.com\\\/fr\\\/produit\\\/twinny-load-porte-velos-easy-joint-ciseaux-30kg\\\/#breadcrumb\",\"itemListElement\":[{\"@type\":\"ListItem\",\"position\":1,\"name\":\"Home\",\"item\":\"https:\\\/\\\/www.twinnyload.com\\\/fr\\\/\"},{\"@type\":\"ListItem\",\"position\":2,\"name\":\"Boutique\",\"item\":\"https:\\\/\\\/www.twinnyload.com\\\/fr\\\/shop\\\/\"},{\"@type\":\"ListItem\",\"position\":3,\"name\":\"Twinny Load Porte-v\u00e9los Easy (Joint-ciseaux) ->30kg\"}]},{\"@type\":\"WebSite\",\"@id\":\"https:\\\/\\\/www.twinnyload.com\\\/fr\\\/#website\",\"url\":\"https:\\\/\\\/www.twinnyload.com\\\/fr\\\/\",\"name\":\"TwinnyLoad\",\"description\":\"fietsendragers en dakkoffers\",\"publisher\":{\"@id\":\"https:\\\/\\\/www.twinnyload.com\\\/fr\\\/#organization\"},\"potentialAction\":[{\"@type\":\"SearchAction\",\"target\":{\"@type\":\"EntryPoint\",\"urlTemplate\":\"https:\\\/\\\/www.twinnyload.com\\\/fr\\\/?s={search_term_string}\"},\"query-input\":{\"@type\":\"PropertyValueSpecification\",\"valueRequired\":true,\"valueName\":\"search_term_string\"}}],\"inLanguage\":\"fr-FR\"},{\"@type\":\"Organization\",\"@id\":\"https:\\\/\\\/www.twinnyload.com\\\/fr\\\/#organization\",\"name\":\"Twinny Load\",\"url\":\"https:\\\/\\\/www.twinnyload.com\\\/fr\\\/\",\"logo\":{\"@type\":\"ImageObject\",\"inLanguage\":\"fr-FR\",\"@id\":\"https:\\\/\\\/www.twinnyload.com\\\/fr\\\/#\\\/schema\\\/logo\\\/image\\\/\",\"url\":\"https:\\\/\\\/i2.wp.com\\\/www.twinnyload.com\\\/wp-content\\\/uploads\\\/2020\\\/06\\\/Twinny-Load-logo-CMYK.png?fit=531%2C87&ssl=1\",\"contentUrl\":\"https:\\\/\\\/i2.wp.com\\\/www.twinnyload.com\\\/wp-content\\\/uploads\\\/2020\\\/06\\\/Twinny-Load-logo-CMYK.png?fit=531%2C87&ssl=1\",\"width\":531,\"height\":87,\"caption\":\"Twinny Load\"},\"image\":{\"@id\":\"https:\\\/\\\/www.twinnyload.com\\\/fr\\\/#\\\/schema\\\/logo\\\/image\\\/\"}}]}<\/script>\n<!-- \/ Yoast SEO plugin. -->","yoast_head_json":{"title":"Twinny Load Porte-v\u00e9los Easy (Joint-ciseaux) ->30kg - TwinnyLoad","robots":{"index":"index","follow":"follow","max-snippet":"max-snippet:-1","max-image-preview":"max-image-preview:large","max-video-preview":"max-video-preview:-1"},"canonical":"https:\/\/www.twinnyload.com\/fr\/produit\/twinny-load-porte-velos-easy-joint-ciseaux-30kg\/","og_locale":"fr_FR","og_type":"article","og_title":"Twinny Load Porte-v\u00e9los Easy (Joint-ciseaux) ->30kg - TwinnyLoad","og_description":"Twinny Load Porte-v\u00e9los Easy (Joint-ciseaux) ->30kg","og_url":"https:\/\/www.twinnyload.com\/fr\/produit\/twinny-load-porte-velos-easy-joint-ciseaux-30kg\/","og_site_name":"TwinnyLoad","article_modified_time":"2021-01-18T13:51:11+00:00","og_image":[{"width":800,"height":800,"url":"https:\/\/i1.wp.com\/www.twinnyload.com\/wp-content\/uploads\/2020\/02\/TL_627913020_1.jpg?fit=800%2C800&ssl=1","type":"image\/jpeg"}],"twitter_card":"summary_large_image","twitter_misc":{"Dur\u00e9e de lecture estim\u00e9e":"1 minute"},"schema":{"@context":"https:\/\/schema.org","@graph":[{"@type":"WebPage","@id":"https:\/\/www.twinnyload.com\/fr\/produit\/twinny-load-porte-velos-easy-joint-ciseaux-30kg\/","url":"https:\/\/www.twinnyload.com\/fr\/produit\/twinny-load-porte-velos-easy-joint-ciseaux-30kg\/","name":"Twinny Load Porte-v\u00e9los Easy (Joint-ciseaux) ->30kg - TwinnyLoad","isPartOf":{"@id":"https:\/\/www.twinnyload.com\/fr\/#website"},"primaryImageOfPage":{"@id":"https:\/\/www.twinnyload.com\/fr\/produit\/twinny-load-porte-velos-easy-joint-ciseaux-30kg\/#primaryimage"},"image":{"@id":"https:\/\/www.twinnyload.com\/fr\/produit\/twinny-load-porte-velos-easy-joint-ciseaux-30kg\/#primaryimage"},"thumbnailUrl":"https:\/\/i0.wp.com\/www.twinnyload.com\/wp-content\/uploads\/2020\/02\/TL_627913020_1.jpg?fit=800%2C800&ssl=1","datePublished":"2020-10-26T14:12:23+00:00","dateModified":"2021-01-18T13:51:11+00:00","breadcrumb":{"@id":"https:\/\/www.twinnyload.com\/fr\/produit\/twinny-load-porte-velos-easy-joint-ciseaux-30kg\/#breadcrumb"},"inLanguage":"fr-FR","potentialAction":[{"@type":"ReadAction","target":["https:\/\/www.twinnyload.com\/fr\/produit\/twinny-load-porte-velos-easy-joint-ciseaux-30kg\/"]}]},{"@type":"ImageObject","inLanguage":"fr-FR","@id":"https:\/\/www.twinnyload.com\/fr\/produit\/twinny-load-porte-velos-easy-joint-ciseaux-30kg\/#primaryimage","url":"https:\/\/i0.wp.com\/www.twinnyload.com\/wp-content\/uploads\/2020\/02\/TL_627913020_1.jpg?fit=800%2C800&ssl=1","contentUrl":"https:\/\/i0.wp.com\/www.twinnyload.com\/wp-content\/uploads\/2020\/02\/TL_627913020_1.jpg?fit=800%2C800&ssl=1","width":800,"height":800},{"@type":"BreadcrumbList","@id":"https:\/\/www.twinnyload.com\/fr\/produit\/twinny-load-porte-velos-easy-joint-ciseaux-30kg\/#breadcrumb","itemListElement":[{"@type":"ListItem","position":1,"name":"Home","item":"https:\/\/www.twinnyload.com\/fr\/"},{"@type":"ListItem","position":2,"name":"Boutique","item":"https:\/\/www.twinnyload.com\/fr\/shop\/"},{"@type":"ListItem","position":3,"name":"Twinny Load Porte-v\u00e9los Easy (Joint-ciseaux) ->30kg"}]},{"@type":"WebSite","@id":"https:\/\/www.twinnyload.com\/fr\/#website","url":"https:\/\/www.twinnyload.com\/fr\/","name":"TwinnyLoad","description":"fietsendragers en dakkoffers","publisher":{"@id":"https:\/\/www.twinnyload.com\/fr\/#organization"},"potentialAction":[{"@type":"SearchAction","target":{"@type":"EntryPoint","urlTemplate":"https:\/\/www.twinnyload.com\/fr\/?s={search_term_string}"},"query-input":{"@type":"PropertyValueSpecification","valueRequired":true,"valueName":"search_term_string"}}],"inLanguage":"fr-FR"},{"@type":"Organization","@id":"https:\/\/www.twinnyload.com\/fr\/#organization","name":"Twinny Load","url":"https:\/\/www.twinnyload.com\/fr\/","logo":{"@type":"ImageObject","inLanguage":"fr-FR","@id":"https:\/\/www.twinnyload.com\/fr\/#\/schema\/logo\/image\/","url":"https:\/\/i2.wp.com\/www.twinnyload.com\/wp-content\/uploads\/2020\/06\/Twinny-Load-logo-CMYK.png?fit=531%2C87&ssl=1","contentUrl":"https:\/\/i2.wp.com\/www.twinnyload.com\/wp-content\/uploads\/2020\/06\/Twinny-Load-logo-CMYK.png?fit=531%2C87&ssl=1","width":531,"height":87,"caption":"Twinny Load"},"image":{"@id":"https:\/\/www.twinnyload.com\/fr\/#\/schema\/logo\/image\/"}}]}},"jetpack_sharing_enabled":true,"_links":{"self":[{"href":"https:\/\/www.twinnyload.com\/fr\/wp-json\/wp\/v2\/product\/11930","targetHints":{"allow":["GET"]}}],"collection":[{"href":"https:\/\/www.twinnyload.com\/fr\/wp-json\/wp\/v2\/product"}],"about":[{"href":"https:\/\/www.twinnyload.com\/fr\/wp-json\/wp\/v2\/types\/product"}],"replies":[{"embeddable":true,"href":"https:\/\/www.twinnyload.com\/fr\/wp-json\/wp\/v2\/comments?post=11930"}],"wp:featuredmedia":[{"embeddable":true,"href":"https:\/\/www.twinnyload.com\/fr\/wp-json\/wp\/v2\/media\/9380"}],"wp:attachment":[{"href":"https:\/\/www.twinnyload.com\/fr\/wp-json\/wp\/v2\/media?parent=11930"}],"wp:term":[{"taxonomy":"product_brand","embeddable":true,"href":"https:\/\/www.twinnyload.com\/fr\/wp-json\/wp\/v2\/product_brand?post=11930"},{"taxonomy":"product_cat","embeddable":true,"href":"https:\/\/www.twinnyload.com\/fr\/wp-json\/wp\/v2\/product_cat?post=11930"},{"taxonomy":"product_tag","embeddable":true,"href":"https:\/\/www.twinnyload.com\/fr\/wp-json\/wp\/v2\/product_tag?post=11930"}],"curies":[{"name":"wp","href":"https:\/\/api.w.org\/{rel}","templated":true}]}}