{"id":63056,"date":"2026-04-08T16:58:37","date_gmt":"2026-04-08T14:58:37","guid":{"rendered":"https:\/\/www.twinnyload.com\/product\/twinny-load-faltbare-laderampe-fuer-fahrradtraeger-te-carrier\/"},"modified":"2026-04-08T16:59:12","modified_gmt":"2026-04-08T14:59:12","slug":"twinny-load-faltbare-laderampe-fuer-fahrradtraeger-te-carrier","status":"publish","type":"product","link":"https:\/\/www.twinnyload.com\/de\/produkt\/twinny-load-faltbare-laderampe-fuer-fahrradtraeger-te-carrier\/","title":{"rendered":"Twinny Load Faltbare Laderampe f\u00fcr Fahrradtr\u00e4ger TE-carrier"},"content":{"rendered":"<p>Praktische, leichte Twinny Load Aluminium Laderampe f&uuml;r den Twinny Load E-carrier Fahrradtr&auml;ger. Sie m&uuml;ssen keine (schweren) Elektrofahrr&auml;der mehr allein oder mit zwei Personen heben, um Ihre Fahrr&auml;der auf den Fahrradtr&auml;ger zu bringen. Diese Rampe sorgt daf&uuml;r, dass Sie die Fahrr&auml;der schnell und einfach auf den Fahrradtr&auml;ger fahren k&ouml;nnen. Einfach die Rampe in den Aluminium-Radschacht einklicken, aufklappen, Fahrrad auffahren, sichern und fertig. Die Rampe ist faltbar und hat eine maximale Tragf&auml;higkeit von 30 kg.<\/p>\n<p>Die Rampe hat einen kippbaren Fu&szlig; mit R&auml;ndelprofil am Ende. Dadurch bleibt die Rampe beim Beladen stabil. Nachdem die Fahrr&auml;der auf dem Fahrradtr&auml;ger sind, k&ouml;nnen Sie die Rampe abnehmen und zur Aufbewahrung zusammenklappen. Diese Rampe ist nur f&uuml;r den Twinny Load Fahrradtr&auml;ger E-carrier (Artikelnummer TL 627913065) geeignet.<\/p>\n","protected":false},"excerpt":{"rendered":"<p>Twinny Load Faltbare Laderampe f\u00fcr Fahrradtr\u00e4ger TE-carrier<\/p>\n","protected":false},"featured_media":63042,"comment_status":"closed","ping_status":"closed","template":"","meta":{"_acf_changed":false,"_et_pb_use_builder":"","_et_pb_old_content":"","_et_gb_content_width":""},"product_brand":[],"product_cat":[315,43,309,34],"product_tag":[139,335],"class_list":{"0":"post-63056","1":"product","2":"type-product","3":"status-publish","4":"has-post-thumbnail","6":"product_cat-ecarrier-de","7":"product_cat-onderdelen","8":"product_cat-radkufen","9":"product_cat-unkategorisiert","10":"product_tag-fahrradtraeger","11":"product_tag-fahrradtrager","12":"pa_farbe-schwarz","13":"pa_farbe-silber-de","14":"pa_kleur-zwart","15":"pa_materiaal-aluminium","16":"pa_material-aluminium-de-2","18":"first","19":"onbackorder","20":"taxable","21":"shipping-taxable","22":"purchasable","23":"product-type-simple"},"acf":[],"yoast_head":"<!-- This site is optimized with the Yoast SEO plugin v27.3 - https:\/\/yoast.com\/product\/yoast-seo-wordpress\/ -->\n<title>Twinny Load Faltbare Laderampe f\u00fcr Fahrradtr\u00e4ger TE-carrier - TwinnyLoad<\/title>\n<meta name=\"robots\" content=\"index, follow, max-snippet:-1, max-image-preview:large, max-video-preview:-1\" \/>\n<link rel=\"canonical\" href=\"https:\/\/www.twinnyload.com\/de\/produkt\/twinny-load-faltbare-laderampe-fuer-fahrradtraeger-te-carrier\/\" \/>\n<meta property=\"og:locale\" content=\"de_DE\" \/>\n<meta property=\"og:type\" content=\"article\" \/>\n<meta property=\"og:title\" content=\"Twinny Load Faltbare Laderampe f\u00fcr Fahrradtr\u00e4ger TE-carrier - TwinnyLoad\" \/>\n<meta property=\"og:description\" content=\"Twinny Load Faltbare Laderampe f\u00fcr Fahrradtr\u00e4ger TE-carrier\" \/>\n<meta property=\"og:url\" content=\"https:\/\/www.twinnyload.com\/de\/produkt\/twinny-load-faltbare-laderampe-fuer-fahrradtraeger-te-carrier\/\" \/>\n<meta property=\"og:site_name\" content=\"TwinnyLoad\" \/>\n<meta property=\"article:modified_time\" content=\"2026-04-08T14:59:12+00:00\" \/>\n<meta property=\"og:image\" content=\"https:\/\/www.twinnyload.com\/wp-content\/uploads\/2026\/04\/TL_627913066_1.jpg\" \/>\n\t<meta property=\"og:image:width\" content=\"800\" \/>\n\t<meta property=\"og:image:height\" content=\"800\" \/>\n\t<meta property=\"og:image:type\" content=\"image\/jpeg\" \/>\n<meta name=\"twitter:card\" content=\"summary_large_image\" \/>\n<meta name=\"twitter:label1\" content=\"Gesch\u00e4tzte Lesezeit\" \/>\n\t<meta name=\"twitter:data1\" content=\"1\u00a0Minute\" \/>\n<script type=\"application\/ld+json\" class=\"yoast-schema-graph\">{\"@context\":\"https:\\\/\\\/schema.org\",\"@graph\":[{\"@type\":\"WebPage\",\"@id\":\"https:\\\/\\\/www.twinnyload.com\\\/de\\\/produkt\\\/twinny-load-faltbare-laderampe-fuer-fahrradtraeger-te-carrier\\\/\",\"url\":\"https:\\\/\\\/www.twinnyload.com\\\/de\\\/produkt\\\/twinny-load-faltbare-laderampe-fuer-fahrradtraeger-te-carrier\\\/\",\"name\":\"Twinny Load Faltbare Laderampe f\u00fcr Fahrradtr\u00e4ger TE-carrier - TwinnyLoad\",\"isPartOf\":{\"@id\":\"https:\\\/\\\/www.twinnyload.com\\\/de\\\/#website\"},\"primaryImageOfPage\":{\"@id\":\"https:\\\/\\\/www.twinnyload.com\\\/de\\\/produkt\\\/twinny-load-faltbare-laderampe-fuer-fahrradtraeger-te-carrier\\\/#primaryimage\"},\"image\":{\"@id\":\"https:\\\/\\\/www.twinnyload.com\\\/de\\\/produkt\\\/twinny-load-faltbare-laderampe-fuer-fahrradtraeger-te-carrier\\\/#primaryimage\"},\"thumbnailUrl\":\"https:\\\/\\\/i0.wp.com\\\/www.twinnyload.com\\\/wp-content\\\/uploads\\\/2026\\\/04\\\/TL_627913066_1.jpg?fit=800%2C800&ssl=1\",\"datePublished\":\"2026-04-08T14:58:37+00:00\",\"dateModified\":\"2026-04-08T14:59:12+00:00\",\"breadcrumb\":{\"@id\":\"https:\\\/\\\/www.twinnyload.com\\\/de\\\/produkt\\\/twinny-load-faltbare-laderampe-fuer-fahrradtraeger-te-carrier\\\/#breadcrumb\"},\"inLanguage\":\"de\",\"potentialAction\":[{\"@type\":\"ReadAction\",\"target\":[\"https:\\\/\\\/www.twinnyload.com\\\/de\\\/produkt\\\/twinny-load-faltbare-laderampe-fuer-fahrradtraeger-te-carrier\\\/\"]}]},{\"@type\":\"ImageObject\",\"inLanguage\":\"de\",\"@id\":\"https:\\\/\\\/www.twinnyload.com\\\/de\\\/produkt\\\/twinny-load-faltbare-laderampe-fuer-fahrradtraeger-te-carrier\\\/#primaryimage\",\"url\":\"https:\\\/\\\/i0.wp.com\\\/www.twinnyload.com\\\/wp-content\\\/uploads\\\/2026\\\/04\\\/TL_627913066_1.jpg?fit=800%2C800&ssl=1\",\"contentUrl\":\"https:\\\/\\\/i0.wp.com\\\/www.twinnyload.com\\\/wp-content\\\/uploads\\\/2026\\\/04\\\/TL_627913066_1.jpg?fit=800%2C800&ssl=1\",\"width\":800,\"height\":800},{\"@type\":\"BreadcrumbList\",\"@id\":\"https:\\\/\\\/www.twinnyload.com\\\/de\\\/produkt\\\/twinny-load-faltbare-laderampe-fuer-fahrradtraeger-te-carrier\\\/#breadcrumb\",\"itemListElement\":[{\"@type\":\"ListItem\",\"position\":1,\"name\":\"Home\",\"item\":\"https:\\\/\\\/www.twinnyload.com\\\/de\\\/\"},{\"@type\":\"ListItem\",\"position\":2,\"name\":\"Shop\",\"item\":\"https:\\\/\\\/www.twinnyload.com\\\/de\\\/shop\\\/\"},{\"@type\":\"ListItem\",\"position\":3,\"name\":\"Twinny Load Faltbare Laderampe f\u00fcr Fahrradtr\u00e4ger TE-carrier\"}]},{\"@type\":\"WebSite\",\"@id\":\"https:\\\/\\\/www.twinnyload.com\\\/de\\\/#website\",\"url\":\"https:\\\/\\\/www.twinnyload.com\\\/de\\\/\",\"name\":\"TwinnyLoad\",\"description\":\"fietsendragers en dakkoffers\",\"publisher\":{\"@id\":\"https:\\\/\\\/www.twinnyload.com\\\/de\\\/#organization\"},\"potentialAction\":[{\"@type\":\"SearchAction\",\"target\":{\"@type\":\"EntryPoint\",\"urlTemplate\":\"https:\\\/\\\/www.twinnyload.com\\\/de\\\/?s={search_term_string}\"},\"query-input\":{\"@type\":\"PropertyValueSpecification\",\"valueRequired\":true,\"valueName\":\"search_term_string\"}}],\"inLanguage\":\"de\"},{\"@type\":\"Organization\",\"@id\":\"https:\\\/\\\/www.twinnyload.com\\\/de\\\/#organization\",\"name\":\"Twinny Load\",\"url\":\"https:\\\/\\\/www.twinnyload.com\\\/de\\\/\",\"logo\":{\"@type\":\"ImageObject\",\"inLanguage\":\"de\",\"@id\":\"https:\\\/\\\/www.twinnyload.com\\\/de\\\/#\\\/schema\\\/logo\\\/image\\\/\",\"url\":\"https:\\\/\\\/i2.wp.com\\\/www.twinnyload.com\\\/wp-content\\\/uploads\\\/2020\\\/06\\\/Twinny-Load-logo-CMYK.png?fit=531%2C87&ssl=1\",\"contentUrl\":\"https:\\\/\\\/i2.wp.com\\\/www.twinnyload.com\\\/wp-content\\\/uploads\\\/2020\\\/06\\\/Twinny-Load-logo-CMYK.png?fit=531%2C87&ssl=1\",\"width\":531,\"height\":87,\"caption\":\"Twinny Load\"},\"image\":{\"@id\":\"https:\\\/\\\/www.twinnyload.com\\\/de\\\/#\\\/schema\\\/logo\\\/image\\\/\"}}]}<\/script>\n<!-- \/ Yoast SEO plugin. -->","yoast_head_json":{"title":"Twinny Load Faltbare Laderampe f\u00fcr Fahrradtr\u00e4ger TE-carrier - TwinnyLoad","robots":{"index":"index","follow":"follow","max-snippet":"max-snippet:-1","max-image-preview":"max-image-preview:large","max-video-preview":"max-video-preview:-1"},"canonical":"https:\/\/www.twinnyload.com\/de\/produkt\/twinny-load-faltbare-laderampe-fuer-fahrradtraeger-te-carrier\/","og_locale":"de_DE","og_type":"article","og_title":"Twinny Load Faltbare Laderampe f\u00fcr Fahrradtr\u00e4ger TE-carrier - TwinnyLoad","og_description":"Twinny Load Faltbare Laderampe f\u00fcr Fahrradtr\u00e4ger TE-carrier","og_url":"https:\/\/www.twinnyload.com\/de\/produkt\/twinny-load-faltbare-laderampe-fuer-fahrradtraeger-te-carrier\/","og_site_name":"TwinnyLoad","article_modified_time":"2026-04-08T14:59:12+00:00","og_image":[{"width":800,"height":800,"url":"https:\/\/www.twinnyload.com\/wp-content\/uploads\/2026\/04\/TL_627913066_1.jpg","type":"image\/jpeg"}],"twitter_card":"summary_large_image","twitter_misc":{"Gesch\u00e4tzte Lesezeit":"1\u00a0Minute"},"schema":{"@context":"https:\/\/schema.org","@graph":[{"@type":"WebPage","@id":"https:\/\/www.twinnyload.com\/de\/produkt\/twinny-load-faltbare-laderampe-fuer-fahrradtraeger-te-carrier\/","url":"https:\/\/www.twinnyload.com\/de\/produkt\/twinny-load-faltbare-laderampe-fuer-fahrradtraeger-te-carrier\/","name":"Twinny Load Faltbare Laderampe f\u00fcr Fahrradtr\u00e4ger TE-carrier - TwinnyLoad","isPartOf":{"@id":"https:\/\/www.twinnyload.com\/de\/#website"},"primaryImageOfPage":{"@id":"https:\/\/www.twinnyload.com\/de\/produkt\/twinny-load-faltbare-laderampe-fuer-fahrradtraeger-te-carrier\/#primaryimage"},"image":{"@id":"https:\/\/www.twinnyload.com\/de\/produkt\/twinny-load-faltbare-laderampe-fuer-fahrradtraeger-te-carrier\/#primaryimage"},"thumbnailUrl":"https:\/\/i0.wp.com\/www.twinnyload.com\/wp-content\/uploads\/2026\/04\/TL_627913066_1.jpg?fit=800%2C800&ssl=1","datePublished":"2026-04-08T14:58:37+00:00","dateModified":"2026-04-08T14:59:12+00:00","breadcrumb":{"@id":"https:\/\/www.twinnyload.com\/de\/produkt\/twinny-load-faltbare-laderampe-fuer-fahrradtraeger-te-carrier\/#breadcrumb"},"inLanguage":"de","potentialAction":[{"@type":"ReadAction","target":["https:\/\/www.twinnyload.com\/de\/produkt\/twinny-load-faltbare-laderampe-fuer-fahrradtraeger-te-carrier\/"]}]},{"@type":"ImageObject","inLanguage":"de","@id":"https:\/\/www.twinnyload.com\/de\/produkt\/twinny-load-faltbare-laderampe-fuer-fahrradtraeger-te-carrier\/#primaryimage","url":"https:\/\/i0.wp.com\/www.twinnyload.com\/wp-content\/uploads\/2026\/04\/TL_627913066_1.jpg?fit=800%2C800&ssl=1","contentUrl":"https:\/\/i0.wp.com\/www.twinnyload.com\/wp-content\/uploads\/2026\/04\/TL_627913066_1.jpg?fit=800%2C800&ssl=1","width":800,"height":800},{"@type":"BreadcrumbList","@id":"https:\/\/www.twinnyload.com\/de\/produkt\/twinny-load-faltbare-laderampe-fuer-fahrradtraeger-te-carrier\/#breadcrumb","itemListElement":[{"@type":"ListItem","position":1,"name":"Home","item":"https:\/\/www.twinnyload.com\/de\/"},{"@type":"ListItem","position":2,"name":"Shop","item":"https:\/\/www.twinnyload.com\/de\/shop\/"},{"@type":"ListItem","position":3,"name":"Twinny Load Faltbare Laderampe f\u00fcr Fahrradtr\u00e4ger TE-carrier"}]},{"@type":"WebSite","@id":"https:\/\/www.twinnyload.com\/de\/#website","url":"https:\/\/www.twinnyload.com\/de\/","name":"TwinnyLoad","description":"fietsendragers en dakkoffers","publisher":{"@id":"https:\/\/www.twinnyload.com\/de\/#organization"},"potentialAction":[{"@type":"SearchAction","target":{"@type":"EntryPoint","urlTemplate":"https:\/\/www.twinnyload.com\/de\/?s={search_term_string}"},"query-input":{"@type":"PropertyValueSpecification","valueRequired":true,"valueName":"search_term_string"}}],"inLanguage":"de"},{"@type":"Organization","@id":"https:\/\/www.twinnyload.com\/de\/#organization","name":"Twinny Load","url":"https:\/\/www.twinnyload.com\/de\/","logo":{"@type":"ImageObject","inLanguage":"de","@id":"https:\/\/www.twinnyload.com\/de\/#\/schema\/logo\/image\/","url":"https:\/\/i2.wp.com\/www.twinnyload.com\/wp-content\/uploads\/2020\/06\/Twinny-Load-logo-CMYK.png?fit=531%2C87&ssl=1","contentUrl":"https:\/\/i2.wp.com\/www.twinnyload.com\/wp-content\/uploads\/2020\/06\/Twinny-Load-logo-CMYK.png?fit=531%2C87&ssl=1","width":531,"height":87,"caption":"Twinny Load"},"image":{"@id":"https:\/\/www.twinnyload.com\/de\/#\/schema\/logo\/image\/"}}]}},"jetpack_sharing_enabled":true,"_links":{"self":[{"href":"https:\/\/www.twinnyload.com\/de\/wp-json\/wp\/v2\/product\/63056","targetHints":{"allow":["GET"]}}],"collection":[{"href":"https:\/\/www.twinnyload.com\/de\/wp-json\/wp\/v2\/product"}],"about":[{"href":"https:\/\/www.twinnyload.com\/de\/wp-json\/wp\/v2\/types\/product"}],"replies":[{"embeddable":true,"href":"https:\/\/www.twinnyload.com\/de\/wp-json\/wp\/v2\/comments?post=63056"}],"wp:featuredmedia":[{"embeddable":true,"href":"https:\/\/www.twinnyload.com\/de\/wp-json\/wp\/v2\/media\/63042"}],"wp:attachment":[{"href":"https:\/\/www.twinnyload.com\/de\/wp-json\/wp\/v2\/media?parent=63056"}],"wp:term":[{"taxonomy":"product_brand","embeddable":true,"href":"https:\/\/www.twinnyload.com\/de\/wp-json\/wp\/v2\/product_brand?post=63056"},{"taxonomy":"product_cat","embeddable":true,"href":"https:\/\/www.twinnyload.com\/de\/wp-json\/wp\/v2\/product_cat?post=63056"},{"taxonomy":"product_tag","embeddable":true,"href":"https:\/\/www.twinnyload.com\/de\/wp-json\/wp\/v2\/product_tag?post=63056"}],"curies":[{"name":"wp","href":"https:\/\/api.w.org\/{rel}","templated":true}]}}