{"id":58449,"date":"2024-05-27T08:35:11","date_gmt":"2024-05-27T06:43:03","guid":{"rendered":"https:\/\/www.twinnyload.com\/product\/twinny-load-wandhalterung-fuer-fahrradtraeger\/"},"modified":"2024-05-27T08:43:04","modified_gmt":"2024-05-27T06:43:04","slug":"twinny-load-wandhalterung-fuer-fahrradtraeger","status":"publish","type":"product","link":"https:\/\/www.twinnyload.com\/de\/produkt\/twinny-load-wandhalterung-fuer-fahrradtraeger\/","title":{"rendered":"Twinny Load Wandhalterung f\u00fcr Fahrradtr\u00e4ger"},"content":{"rendered":"<p>Twinny Load Wandhalterung f\u00fcr Fahrradtr\u00e4ger<\/p>\n<p>Mit dieser Twinny Load Wandhalterung l\u00e4sst sich ein Fahrradtr\u00e4ger einfach in der Garage aufh\u00e4ngen. Die Wandhalterung aus Stahl eignet sich f\u00fcr fast jeden Fahrradtr\u00e4ger, der an einer Anh\u00e4ngerkupplung montiert werden kann. Der Fahrradtr\u00e4ger wird an der Halterung in der gleichen Weise befestigt, wie er auf die Anh\u00e4ngerkupplung gesetzt wird. Die Wandhalterung hat eine Gr\u00f6\u00dfe von 17,4x16cm und kann bis maximal 50KG belastet werden.<\/p>\n","protected":false},"excerpt":{"rendered":"<p>Twinny Load Wandhalterung f\u00fcr Fahrradtr\u00e4ger<\/p>\n","protected":false},"featured_media":58438,"comment_status":"closed","ping_status":"closed","template":"","meta":{"_acf_changed":false,"_et_pb_use_builder":"","_et_pb_old_content":"","_et_gb_content_width":""},"product_brand":[],"product_cat":[211],"product_tag":[335],"class_list":{"0":"post-58449","1":"product","2":"type-product","3":"status-publish","4":"has-post-thumbnail","6":"product_cat-zubehor","7":"product_tag-fahrradtrager","8":"pa_farbe-silber-de","9":"pa_materiaal-stahl","10":"pa_material-stahl","12":"first","13":"instock","14":"taxable","15":"shipping-taxable","16":"purchasable","17":"product-type-simple"},"acf":[],"yoast_head":"<!-- This site is optimized with the Yoast SEO plugin v27.4 - https:\/\/yoast.com\/product\/yoast-seo-wordpress\/ -->\n<title>Twinny Load Wandhalterung f\u00fcr Fahrradtr\u00e4ger - TwinnyLoad<\/title>\n<meta name=\"robots\" content=\"index, follow, max-snippet:-1, max-image-preview:large, max-video-preview:-1\" \/>\n<link rel=\"canonical\" href=\"https:\/\/www.twinnyload.com\/de\/produkt\/twinny-load-wandhalterung-fuer-fahrradtraeger\/\" \/>\n<meta property=\"og:locale\" content=\"de_DE\" \/>\n<meta property=\"og:type\" content=\"article\" \/>\n<meta property=\"og:title\" content=\"Twinny Load Wandhalterung f\u00fcr Fahrradtr\u00e4ger - TwinnyLoad\" \/>\n<meta property=\"og:description\" content=\"Twinny Load Wandhalterung f\u00fcr Fahrradtr\u00e4ger\" \/>\n<meta property=\"og:url\" content=\"https:\/\/www.twinnyload.com\/de\/produkt\/twinny-load-wandhalterung-fuer-fahrradtraeger\/\" \/>\n<meta property=\"og:site_name\" content=\"TwinnyLoad\" \/>\n<meta property=\"article:modified_time\" content=\"2024-05-27T06:43:04+00:00\" \/>\n<meta property=\"og:image\" content=\"https:\/\/www.twinnyload.com\/wp-content\/uploads\/2024\/05\/TL_627913509_1.jpg\" \/>\n\t<meta property=\"og:image:width\" content=\"800\" \/>\n\t<meta property=\"og:image:height\" content=\"800\" \/>\n\t<meta property=\"og:image:type\" content=\"image\/jpeg\" \/>\n<meta name=\"twitter:card\" content=\"summary_large_image\" \/>\n<script type=\"application\/ld+json\" class=\"yoast-schema-graph\">{\"@context\":\"https:\\\/\\\/schema.org\",\"@graph\":[{\"@type\":\"WebPage\",\"@id\":\"https:\\\/\\\/www.twinnyload.com\\\/de\\\/produkt\\\/twinny-load-wandhalterung-fuer-fahrradtraeger\\\/\",\"url\":\"https:\\\/\\\/www.twinnyload.com\\\/de\\\/produkt\\\/twinny-load-wandhalterung-fuer-fahrradtraeger\\\/\",\"name\":\"Twinny Load Wandhalterung f\u00fcr Fahrradtr\u00e4ger - TwinnyLoad\",\"isPartOf\":{\"@id\":\"https:\\\/\\\/www.twinnyload.com\\\/de\\\/#website\"},\"primaryImageOfPage\":{\"@id\":\"https:\\\/\\\/www.twinnyload.com\\\/de\\\/produkt\\\/twinny-load-wandhalterung-fuer-fahrradtraeger\\\/#primaryimage\"},\"image\":{\"@id\":\"https:\\\/\\\/www.twinnyload.com\\\/de\\\/produkt\\\/twinny-load-wandhalterung-fuer-fahrradtraeger\\\/#primaryimage\"},\"thumbnailUrl\":\"https:\\\/\\\/i0.wp.com\\\/www.twinnyload.com\\\/wp-content\\\/uploads\\\/2024\\\/05\\\/TL_627913509_1.jpg?fit=800%2C800&ssl=1\",\"datePublished\":\"2024-05-27T06:43:03+00:00\",\"dateModified\":\"2024-05-27T06:43:04+00:00\",\"breadcrumb\":{\"@id\":\"https:\\\/\\\/www.twinnyload.com\\\/de\\\/produkt\\\/twinny-load-wandhalterung-fuer-fahrradtraeger\\\/#breadcrumb\"},\"inLanguage\":\"de\",\"potentialAction\":[{\"@type\":\"ReadAction\",\"target\":[\"https:\\\/\\\/www.twinnyload.com\\\/de\\\/produkt\\\/twinny-load-wandhalterung-fuer-fahrradtraeger\\\/\"]}]},{\"@type\":\"ImageObject\",\"inLanguage\":\"de\",\"@id\":\"https:\\\/\\\/www.twinnyload.com\\\/de\\\/produkt\\\/twinny-load-wandhalterung-fuer-fahrradtraeger\\\/#primaryimage\",\"url\":\"https:\\\/\\\/i0.wp.com\\\/www.twinnyload.com\\\/wp-content\\\/uploads\\\/2024\\\/05\\\/TL_627913509_1.jpg?fit=800%2C800&ssl=1\",\"contentUrl\":\"https:\\\/\\\/i0.wp.com\\\/www.twinnyload.com\\\/wp-content\\\/uploads\\\/2024\\\/05\\\/TL_627913509_1.jpg?fit=800%2C800&ssl=1\",\"width\":800,\"height\":800},{\"@type\":\"BreadcrumbList\",\"@id\":\"https:\\\/\\\/www.twinnyload.com\\\/de\\\/produkt\\\/twinny-load-wandhalterung-fuer-fahrradtraeger\\\/#breadcrumb\",\"itemListElement\":[{\"@type\":\"ListItem\",\"position\":1,\"name\":\"Home\",\"item\":\"https:\\\/\\\/www.twinnyload.com\\\/de\\\/\"},{\"@type\":\"ListItem\",\"position\":2,\"name\":\"Shop\",\"item\":\"https:\\\/\\\/www.twinnyload.com\\\/de\\\/shop\\\/\"},{\"@type\":\"ListItem\",\"position\":3,\"name\":\"Twinny Load Wandhalterung f\u00fcr Fahrradtr\u00e4ger\"}]},{\"@type\":\"WebSite\",\"@id\":\"https:\\\/\\\/www.twinnyload.com\\\/de\\\/#website\",\"url\":\"https:\\\/\\\/www.twinnyload.com\\\/de\\\/\",\"name\":\"TwinnyLoad\",\"description\":\"fietsendragers en dakkoffers\",\"publisher\":{\"@id\":\"https:\\\/\\\/www.twinnyload.com\\\/de\\\/#organization\"},\"potentialAction\":[{\"@type\":\"SearchAction\",\"target\":{\"@type\":\"EntryPoint\",\"urlTemplate\":\"https:\\\/\\\/www.twinnyload.com\\\/de\\\/?s={search_term_string}\"},\"query-input\":{\"@type\":\"PropertyValueSpecification\",\"valueRequired\":true,\"valueName\":\"search_term_string\"}}],\"inLanguage\":\"de\"},{\"@type\":\"Organization\",\"@id\":\"https:\\\/\\\/www.twinnyload.com\\\/de\\\/#organization\",\"name\":\"Twinny Load\",\"url\":\"https:\\\/\\\/www.twinnyload.com\\\/de\\\/\",\"logo\":{\"@type\":\"ImageObject\",\"inLanguage\":\"de\",\"@id\":\"https:\\\/\\\/www.twinnyload.com\\\/de\\\/#\\\/schema\\\/logo\\\/image\\\/\",\"url\":\"https:\\\/\\\/i2.wp.com\\\/www.twinnyload.com\\\/wp-content\\\/uploads\\\/2020\\\/06\\\/Twinny-Load-logo-CMYK.png?fit=531%2C87&ssl=1\",\"contentUrl\":\"https:\\\/\\\/i2.wp.com\\\/www.twinnyload.com\\\/wp-content\\\/uploads\\\/2020\\\/06\\\/Twinny-Load-logo-CMYK.png?fit=531%2C87&ssl=1\",\"width\":531,\"height\":87,\"caption\":\"Twinny Load\"},\"image\":{\"@id\":\"https:\\\/\\\/www.twinnyload.com\\\/de\\\/#\\\/schema\\\/logo\\\/image\\\/\"}}]}<\/script>\n<!-- \/ Yoast SEO plugin. -->","yoast_head_json":{"title":"Twinny Load Wandhalterung f\u00fcr Fahrradtr\u00e4ger - TwinnyLoad","robots":{"index":"index","follow":"follow","max-snippet":"max-snippet:-1","max-image-preview":"max-image-preview:large","max-video-preview":"max-video-preview:-1"},"canonical":"https:\/\/www.twinnyload.com\/de\/produkt\/twinny-load-wandhalterung-fuer-fahrradtraeger\/","og_locale":"de_DE","og_type":"article","og_title":"Twinny Load Wandhalterung f\u00fcr Fahrradtr\u00e4ger - TwinnyLoad","og_description":"Twinny Load Wandhalterung f\u00fcr Fahrradtr\u00e4ger","og_url":"https:\/\/www.twinnyload.com\/de\/produkt\/twinny-load-wandhalterung-fuer-fahrradtraeger\/","og_site_name":"TwinnyLoad","article_modified_time":"2024-05-27T06:43:04+00:00","og_image":[{"width":800,"height":800,"url":"https:\/\/www.twinnyload.com\/wp-content\/uploads\/2024\/05\/TL_627913509_1.jpg","type":"image\/jpeg"}],"twitter_card":"summary_large_image","schema":{"@context":"https:\/\/schema.org","@graph":[{"@type":"WebPage","@id":"https:\/\/www.twinnyload.com\/de\/produkt\/twinny-load-wandhalterung-fuer-fahrradtraeger\/","url":"https:\/\/www.twinnyload.com\/de\/produkt\/twinny-load-wandhalterung-fuer-fahrradtraeger\/","name":"Twinny Load Wandhalterung f\u00fcr Fahrradtr\u00e4ger - TwinnyLoad","isPartOf":{"@id":"https:\/\/www.twinnyload.com\/de\/#website"},"primaryImageOfPage":{"@id":"https:\/\/www.twinnyload.com\/de\/produkt\/twinny-load-wandhalterung-fuer-fahrradtraeger\/#primaryimage"},"image":{"@id":"https:\/\/www.twinnyload.com\/de\/produkt\/twinny-load-wandhalterung-fuer-fahrradtraeger\/#primaryimage"},"thumbnailUrl":"https:\/\/i0.wp.com\/www.twinnyload.com\/wp-content\/uploads\/2024\/05\/TL_627913509_1.jpg?fit=800%2C800&ssl=1","datePublished":"2024-05-27T06:43:03+00:00","dateModified":"2024-05-27T06:43:04+00:00","breadcrumb":{"@id":"https:\/\/www.twinnyload.com\/de\/produkt\/twinny-load-wandhalterung-fuer-fahrradtraeger\/#breadcrumb"},"inLanguage":"de","potentialAction":[{"@type":"ReadAction","target":["https:\/\/www.twinnyload.com\/de\/produkt\/twinny-load-wandhalterung-fuer-fahrradtraeger\/"]}]},{"@type":"ImageObject","inLanguage":"de","@id":"https:\/\/www.twinnyload.com\/de\/produkt\/twinny-load-wandhalterung-fuer-fahrradtraeger\/#primaryimage","url":"https:\/\/i0.wp.com\/www.twinnyload.com\/wp-content\/uploads\/2024\/05\/TL_627913509_1.jpg?fit=800%2C800&ssl=1","contentUrl":"https:\/\/i0.wp.com\/www.twinnyload.com\/wp-content\/uploads\/2024\/05\/TL_627913509_1.jpg?fit=800%2C800&ssl=1","width":800,"height":800},{"@type":"BreadcrumbList","@id":"https:\/\/www.twinnyload.com\/de\/produkt\/twinny-load-wandhalterung-fuer-fahrradtraeger\/#breadcrumb","itemListElement":[{"@type":"ListItem","position":1,"name":"Home","item":"https:\/\/www.twinnyload.com\/de\/"},{"@type":"ListItem","position":2,"name":"Shop","item":"https:\/\/www.twinnyload.com\/de\/shop\/"},{"@type":"ListItem","position":3,"name":"Twinny Load Wandhalterung f\u00fcr Fahrradtr\u00e4ger"}]},{"@type":"WebSite","@id":"https:\/\/www.twinnyload.com\/de\/#website","url":"https:\/\/www.twinnyload.com\/de\/","name":"TwinnyLoad","description":"fietsendragers en dakkoffers","publisher":{"@id":"https:\/\/www.twinnyload.com\/de\/#organization"},"potentialAction":[{"@type":"SearchAction","target":{"@type":"EntryPoint","urlTemplate":"https:\/\/www.twinnyload.com\/de\/?s={search_term_string}"},"query-input":{"@type":"PropertyValueSpecification","valueRequired":true,"valueName":"search_term_string"}}],"inLanguage":"de"},{"@type":"Organization","@id":"https:\/\/www.twinnyload.com\/de\/#organization","name":"Twinny Load","url":"https:\/\/www.twinnyload.com\/de\/","logo":{"@type":"ImageObject","inLanguage":"de","@id":"https:\/\/www.twinnyload.com\/de\/#\/schema\/logo\/image\/","url":"https:\/\/i2.wp.com\/www.twinnyload.com\/wp-content\/uploads\/2020\/06\/Twinny-Load-logo-CMYK.png?fit=531%2C87&ssl=1","contentUrl":"https:\/\/i2.wp.com\/www.twinnyload.com\/wp-content\/uploads\/2020\/06\/Twinny-Load-logo-CMYK.png?fit=531%2C87&ssl=1","width":531,"height":87,"caption":"Twinny Load"},"image":{"@id":"https:\/\/www.twinnyload.com\/de\/#\/schema\/logo\/image\/"}}]}},"jetpack_sharing_enabled":true,"_links":{"self":[{"href":"https:\/\/www.twinnyload.com\/de\/wp-json\/wp\/v2\/product\/58449","targetHints":{"allow":["GET"]}}],"collection":[{"href":"https:\/\/www.twinnyload.com\/de\/wp-json\/wp\/v2\/product"}],"about":[{"href":"https:\/\/www.twinnyload.com\/de\/wp-json\/wp\/v2\/types\/product"}],"replies":[{"embeddable":true,"href":"https:\/\/www.twinnyload.com\/de\/wp-json\/wp\/v2\/comments?post=58449"}],"wp:featuredmedia":[{"embeddable":true,"href":"https:\/\/www.twinnyload.com\/de\/wp-json\/wp\/v2\/media\/58438"}],"wp:attachment":[{"href":"https:\/\/www.twinnyload.com\/de\/wp-json\/wp\/v2\/media?parent=58449"}],"wp:term":[{"taxonomy":"product_brand","embeddable":true,"href":"https:\/\/www.twinnyload.com\/de\/wp-json\/wp\/v2\/product_brand?post=58449"},{"taxonomy":"product_cat","embeddable":true,"href":"https:\/\/www.twinnyload.com\/de\/wp-json\/wp\/v2\/product_cat?post=58449"},{"taxonomy":"product_tag","embeddable":true,"href":"https:\/\/www.twinnyload.com\/de\/wp-json\/wp\/v2\/product_tag?post=58449"}],"curies":[{"name":"wp","href":"https:\/\/api.w.org\/{rel}","templated":true}]}}