{"id":58184,"date":"2024-05-03T09:39:52","date_gmt":"2024-05-03T07:51:44","guid":{"rendered":"https:\/\/www.twinnyload.com\/product\/twinny-load-dachkoffer-tbx-370-liter-matt-schwarz-mit-textur-138x78x36cm\/"},"modified":"2024-05-03T09:51:48","modified_gmt":"2024-05-03T07:51:48","slug":"twinny-load-dachkoffer-tbx-370-liter-matt-schwarz-mit-textur-138x78x36cm","status":"publish","type":"product","link":"https:\/\/www.twinnyload.com\/de\/produkt\/twinny-load-dachkoffer-tbx-370-liter-matt-schwarz-mit-textur-138x78x36cm\/","title":{"rendered":"Twinny Load Dachkoffer TBX 370 Liter Matt Schwarz mit Textur 138x78x36cm"},"content":{"rendered":"<p>Twinny Load Dachkoffer TBX 370 Liter Matt-Schwarz mit Textur &#8211; 138x78x36cm &#8211; mit U-B\u00fcgeln 65 &#038; 100mm<\/p>\n<p>Inhalt: 370 L<br \/>\nL\u00e4nge in cm: 138 cm<\/p>\n<p>Die Twinny Load TBX 370 ist im Hinblick auf ihre Gr\u00f6\u00dfe die kompakteste und bezahlbarste Dachbox der TBX Reihe von Twinny Load. Und doch sollte man diese Twinny Load Dachbox keinesfalls untersch\u00e4tzen, denn mit einem Inhalt von 370 Litern und einer Maximalbelastung von 75 Kilogramm liefert die TBX 370 Topleistungen und geh\u00f6rt damit zum mittleren Marktsegment.<\/p>\n<p>Die aerodynamische Formgebung der Twinny Load Dachbox resultiert im perfekten Reisegef\u00e4hrten mit geringem Einfluss auf den Kraftstoffverbrauch. Die hochwertige Verarbeitung bestehend aus Kratz- und UV-Schutz ist das i-T\u00fcpfelchen der Twinny Load Dachbox.<\/p>\n<p>Die Twinny Load Dachbox TBX 370 kombiniert Qualit\u00e4t mit Funktionalit\u00e4t und ist daher die perfekte Investition f\u00fcr jeden Endverbraucher!<\/p>\n<p>Spezifikationen:<br \/>\nInhalt: 370 Liter<br \/>\nMax Ladegewicht: 75 Kg<br \/>\nSpanngurt: 2<br \/>\nBefestigung: U-B\u00fcgeln 60mm &#038; 90mm<br \/>\n\u00d6ffnung: Rechterseite<br \/>\nAbschlie\u00dfbar: 1 Punkt Zentralverriegelung<br \/>\nPr\u00fcfungen: CityCrash, ISO 11154, TUV\/GS<br \/>\nL\u00e4nge in cm: 138<br \/>\nBreite in cm: 78<br \/>\nH\u00f6he in cm: 36<br \/>\nGewicht: 10 Kg<br \/>\nMaterial:ABS + PST<br \/>\nFarbe: Matt-Schwarz mit textur (Karbon-Optik)<\/p>\n","protected":false},"excerpt":{"rendered":"<p>Twinny Load Dachkoffer TBX 370 Liter Matt Schwarz mit Textur 138x78x36cm<\/p>\n","protected":false},"featured_media":58194,"comment_status":"closed","ping_status":"closed","template":"","meta":{"_acf_changed":false,"_et_pb_use_builder":"","_et_pb_old_content":"","_et_gb_content_width":""},"product_brand":[],"product_cat":[212],"product_tag":[],"class_list":{"0":"post-58184","1":"product","2":"type-product","3":"status-publish","4":"has-post-thumbnail","6":"product_cat-dachboxen","7":"pa_farbe-carbon","8":"pa_farbe-mattschwarz","9":"pa_material-abs-de-2","11":"first","12":"instock","13":"taxable","14":"shipping-taxable","15":"purchasable","16":"product-type-simple"},"acf":[],"yoast_head":"<!-- This site is optimized with the Yoast SEO plugin v27.5 - https:\/\/yoast.com\/product\/yoast-seo-wordpress\/ -->\n<title>Twinny Load Dachkoffer TBX 370 Liter Matt Schwarz mit Textur 138x78x36cm - TwinnyLoad<\/title>\n<meta name=\"robots\" content=\"index, follow, max-snippet:-1, max-image-preview:large, max-video-preview:-1\" \/>\n<link rel=\"canonical\" href=\"https:\/\/www.twinnyload.com\/de\/produkt\/twinny-load-dachkoffer-tbx-370-liter-matt-schwarz-mit-textur-138x78x36cm\/\" \/>\n<meta property=\"og:locale\" content=\"de_DE\" \/>\n<meta property=\"og:type\" content=\"article\" \/>\n<meta property=\"og:title\" content=\"Twinny Load Dachkoffer TBX 370 Liter Matt Schwarz mit Textur 138x78x36cm - TwinnyLoad\" \/>\n<meta property=\"og:description\" content=\"Twinny Load Dachkoffer TBX 370 Liter Matt Schwarz mit Textur 138x78x36cm\" \/>\n<meta property=\"og:url\" content=\"https:\/\/www.twinnyload.com\/de\/produkt\/twinny-load-dachkoffer-tbx-370-liter-matt-schwarz-mit-textur-138x78x36cm\/\" \/>\n<meta property=\"og:site_name\" content=\"TwinnyLoad\" \/>\n<meta property=\"article:modified_time\" content=\"2024-05-03T07:51:48+00:00\" \/>\n<meta property=\"og:image\" content=\"https:\/\/www.twinnyload.com\/wp-content\/uploads\/2024\/05\/TL_627915047_1-1.jpg\" \/>\n\t<meta property=\"og:image:width\" content=\"800\" \/>\n\t<meta property=\"og:image:height\" content=\"800\" \/>\n\t<meta property=\"og:image:type\" content=\"image\/jpeg\" \/>\n<meta name=\"twitter:card\" content=\"summary_large_image\" \/>\n<meta name=\"twitter:label1\" content=\"Gesch\u00e4tzte Lesezeit\" \/>\n\t<meta name=\"twitter:data1\" content=\"1\u00a0Minute\" \/>\n<script type=\"application\/ld+json\" class=\"yoast-schema-graph\">{\"@context\":\"https:\\\/\\\/schema.org\",\"@graph\":[{\"@type\":\"WebPage\",\"@id\":\"https:\\\/\\\/www.twinnyload.com\\\/de\\\/produkt\\\/twinny-load-dachkoffer-tbx-370-liter-matt-schwarz-mit-textur-138x78x36cm\\\/\",\"url\":\"https:\\\/\\\/www.twinnyload.com\\\/de\\\/produkt\\\/twinny-load-dachkoffer-tbx-370-liter-matt-schwarz-mit-textur-138x78x36cm\\\/\",\"name\":\"Twinny Load Dachkoffer TBX 370 Liter Matt Schwarz mit Textur 138x78x36cm - TwinnyLoad\",\"isPartOf\":{\"@id\":\"https:\\\/\\\/www.twinnyload.com\\\/de\\\/#website\"},\"primaryImageOfPage\":{\"@id\":\"https:\\\/\\\/www.twinnyload.com\\\/de\\\/produkt\\\/twinny-load-dachkoffer-tbx-370-liter-matt-schwarz-mit-textur-138x78x36cm\\\/#primaryimage\"},\"image\":{\"@id\":\"https:\\\/\\\/www.twinnyload.com\\\/de\\\/produkt\\\/twinny-load-dachkoffer-tbx-370-liter-matt-schwarz-mit-textur-138x78x36cm\\\/#primaryimage\"},\"thumbnailUrl\":\"https:\\\/\\\/i0.wp.com\\\/www.twinnyload.com\\\/wp-content\\\/uploads\\\/2024\\\/05\\\/TL_627915047_1-1.jpg?fit=800%2C800&ssl=1\",\"datePublished\":\"2024-05-03T07:51:44+00:00\",\"dateModified\":\"2024-05-03T07:51:48+00:00\",\"breadcrumb\":{\"@id\":\"https:\\\/\\\/www.twinnyload.com\\\/de\\\/produkt\\\/twinny-load-dachkoffer-tbx-370-liter-matt-schwarz-mit-textur-138x78x36cm\\\/#breadcrumb\"},\"inLanguage\":\"de\",\"potentialAction\":[{\"@type\":\"ReadAction\",\"target\":[\"https:\\\/\\\/www.twinnyload.com\\\/de\\\/produkt\\\/twinny-load-dachkoffer-tbx-370-liter-matt-schwarz-mit-textur-138x78x36cm\\\/\"]}]},{\"@type\":\"ImageObject\",\"inLanguage\":\"de\",\"@id\":\"https:\\\/\\\/www.twinnyload.com\\\/de\\\/produkt\\\/twinny-load-dachkoffer-tbx-370-liter-matt-schwarz-mit-textur-138x78x36cm\\\/#primaryimage\",\"url\":\"https:\\\/\\\/i0.wp.com\\\/www.twinnyload.com\\\/wp-content\\\/uploads\\\/2024\\\/05\\\/TL_627915047_1-1.jpg?fit=800%2C800&ssl=1\",\"contentUrl\":\"https:\\\/\\\/i0.wp.com\\\/www.twinnyload.com\\\/wp-content\\\/uploads\\\/2024\\\/05\\\/TL_627915047_1-1.jpg?fit=800%2C800&ssl=1\",\"width\":800,\"height\":800},{\"@type\":\"BreadcrumbList\",\"@id\":\"https:\\\/\\\/www.twinnyload.com\\\/de\\\/produkt\\\/twinny-load-dachkoffer-tbx-370-liter-matt-schwarz-mit-textur-138x78x36cm\\\/#breadcrumb\",\"itemListElement\":[{\"@type\":\"ListItem\",\"position\":1,\"name\":\"Home\",\"item\":\"https:\\\/\\\/www.twinnyload.com\\\/de\\\/\"},{\"@type\":\"ListItem\",\"position\":2,\"name\":\"Shop\",\"item\":\"https:\\\/\\\/www.twinnyload.com\\\/de\\\/shop\\\/\"},{\"@type\":\"ListItem\",\"position\":3,\"name\":\"Twinny Load Dachkoffer TBX 370 Liter Matt Schwarz mit Textur 138x78x36cm\"}]},{\"@type\":\"WebSite\",\"@id\":\"https:\\\/\\\/www.twinnyload.com\\\/de\\\/#website\",\"url\":\"https:\\\/\\\/www.twinnyload.com\\\/de\\\/\",\"name\":\"TwinnyLoad\",\"description\":\"fietsendragers en dakkoffers\",\"publisher\":{\"@id\":\"https:\\\/\\\/www.twinnyload.com\\\/de\\\/#organization\"},\"potentialAction\":[{\"@type\":\"SearchAction\",\"target\":{\"@type\":\"EntryPoint\",\"urlTemplate\":\"https:\\\/\\\/www.twinnyload.com\\\/de\\\/?s={search_term_string}\"},\"query-input\":{\"@type\":\"PropertyValueSpecification\",\"valueRequired\":true,\"valueName\":\"search_term_string\"}}],\"inLanguage\":\"de\"},{\"@type\":\"Organization\",\"@id\":\"https:\\\/\\\/www.twinnyload.com\\\/de\\\/#organization\",\"name\":\"Twinny Load\",\"url\":\"https:\\\/\\\/www.twinnyload.com\\\/de\\\/\",\"logo\":{\"@type\":\"ImageObject\",\"inLanguage\":\"de\",\"@id\":\"https:\\\/\\\/www.twinnyload.com\\\/de\\\/#\\\/schema\\\/logo\\\/image\\\/\",\"url\":\"https:\\\/\\\/i2.wp.com\\\/www.twinnyload.com\\\/wp-content\\\/uploads\\\/2020\\\/06\\\/Twinny-Load-logo-CMYK.png?fit=531%2C87&ssl=1\",\"contentUrl\":\"https:\\\/\\\/i2.wp.com\\\/www.twinnyload.com\\\/wp-content\\\/uploads\\\/2020\\\/06\\\/Twinny-Load-logo-CMYK.png?fit=531%2C87&ssl=1\",\"width\":531,\"height\":87,\"caption\":\"Twinny Load\"},\"image\":{\"@id\":\"https:\\\/\\\/www.twinnyload.com\\\/de\\\/#\\\/schema\\\/logo\\\/image\\\/\"}}]}<\/script>\n<!-- \/ Yoast SEO plugin. -->","yoast_head_json":{"title":"Twinny Load Dachkoffer TBX 370 Liter Matt Schwarz mit Textur 138x78x36cm - TwinnyLoad","robots":{"index":"index","follow":"follow","max-snippet":"max-snippet:-1","max-image-preview":"max-image-preview:large","max-video-preview":"max-video-preview:-1"},"canonical":"https:\/\/www.twinnyload.com\/de\/produkt\/twinny-load-dachkoffer-tbx-370-liter-matt-schwarz-mit-textur-138x78x36cm\/","og_locale":"de_DE","og_type":"article","og_title":"Twinny Load Dachkoffer TBX 370 Liter Matt Schwarz mit Textur 138x78x36cm - TwinnyLoad","og_description":"Twinny Load Dachkoffer TBX 370 Liter Matt Schwarz mit Textur 138x78x36cm","og_url":"https:\/\/www.twinnyload.com\/de\/produkt\/twinny-load-dachkoffer-tbx-370-liter-matt-schwarz-mit-textur-138x78x36cm\/","og_site_name":"TwinnyLoad","article_modified_time":"2024-05-03T07:51:48+00:00","og_image":[{"width":800,"height":800,"url":"https:\/\/www.twinnyload.com\/wp-content\/uploads\/2024\/05\/TL_627915047_1-1.jpg","type":"image\/jpeg"}],"twitter_card":"summary_large_image","twitter_misc":{"Gesch\u00e4tzte Lesezeit":"1\u00a0Minute"},"schema":{"@context":"https:\/\/schema.org","@graph":[{"@type":"WebPage","@id":"https:\/\/www.twinnyload.com\/de\/produkt\/twinny-load-dachkoffer-tbx-370-liter-matt-schwarz-mit-textur-138x78x36cm\/","url":"https:\/\/www.twinnyload.com\/de\/produkt\/twinny-load-dachkoffer-tbx-370-liter-matt-schwarz-mit-textur-138x78x36cm\/","name":"Twinny Load Dachkoffer TBX 370 Liter Matt Schwarz mit Textur 138x78x36cm - TwinnyLoad","isPartOf":{"@id":"https:\/\/www.twinnyload.com\/de\/#website"},"primaryImageOfPage":{"@id":"https:\/\/www.twinnyload.com\/de\/produkt\/twinny-load-dachkoffer-tbx-370-liter-matt-schwarz-mit-textur-138x78x36cm\/#primaryimage"},"image":{"@id":"https:\/\/www.twinnyload.com\/de\/produkt\/twinny-load-dachkoffer-tbx-370-liter-matt-schwarz-mit-textur-138x78x36cm\/#primaryimage"},"thumbnailUrl":"https:\/\/i0.wp.com\/www.twinnyload.com\/wp-content\/uploads\/2024\/05\/TL_627915047_1-1.jpg?fit=800%2C800&ssl=1","datePublished":"2024-05-03T07:51:44+00:00","dateModified":"2024-05-03T07:51:48+00:00","breadcrumb":{"@id":"https:\/\/www.twinnyload.com\/de\/produkt\/twinny-load-dachkoffer-tbx-370-liter-matt-schwarz-mit-textur-138x78x36cm\/#breadcrumb"},"inLanguage":"de","potentialAction":[{"@type":"ReadAction","target":["https:\/\/www.twinnyload.com\/de\/produkt\/twinny-load-dachkoffer-tbx-370-liter-matt-schwarz-mit-textur-138x78x36cm\/"]}]},{"@type":"ImageObject","inLanguage":"de","@id":"https:\/\/www.twinnyload.com\/de\/produkt\/twinny-load-dachkoffer-tbx-370-liter-matt-schwarz-mit-textur-138x78x36cm\/#primaryimage","url":"https:\/\/i0.wp.com\/www.twinnyload.com\/wp-content\/uploads\/2024\/05\/TL_627915047_1-1.jpg?fit=800%2C800&ssl=1","contentUrl":"https:\/\/i0.wp.com\/www.twinnyload.com\/wp-content\/uploads\/2024\/05\/TL_627915047_1-1.jpg?fit=800%2C800&ssl=1","width":800,"height":800},{"@type":"BreadcrumbList","@id":"https:\/\/www.twinnyload.com\/de\/produkt\/twinny-load-dachkoffer-tbx-370-liter-matt-schwarz-mit-textur-138x78x36cm\/#breadcrumb","itemListElement":[{"@type":"ListItem","position":1,"name":"Home","item":"https:\/\/www.twinnyload.com\/de\/"},{"@type":"ListItem","position":2,"name":"Shop","item":"https:\/\/www.twinnyload.com\/de\/shop\/"},{"@type":"ListItem","position":3,"name":"Twinny Load Dachkoffer TBX 370 Liter Matt Schwarz mit Textur 138x78x36cm"}]},{"@type":"WebSite","@id":"https:\/\/www.twinnyload.com\/de\/#website","url":"https:\/\/www.twinnyload.com\/de\/","name":"TwinnyLoad","description":"fietsendragers en dakkoffers","publisher":{"@id":"https:\/\/www.twinnyload.com\/de\/#organization"},"potentialAction":[{"@type":"SearchAction","target":{"@type":"EntryPoint","urlTemplate":"https:\/\/www.twinnyload.com\/de\/?s={search_term_string}"},"query-input":{"@type":"PropertyValueSpecification","valueRequired":true,"valueName":"search_term_string"}}],"inLanguage":"de"},{"@type":"Organization","@id":"https:\/\/www.twinnyload.com\/de\/#organization","name":"Twinny Load","url":"https:\/\/www.twinnyload.com\/de\/","logo":{"@type":"ImageObject","inLanguage":"de","@id":"https:\/\/www.twinnyload.com\/de\/#\/schema\/logo\/image\/","url":"https:\/\/i2.wp.com\/www.twinnyload.com\/wp-content\/uploads\/2020\/06\/Twinny-Load-logo-CMYK.png?fit=531%2C87&ssl=1","contentUrl":"https:\/\/i2.wp.com\/www.twinnyload.com\/wp-content\/uploads\/2020\/06\/Twinny-Load-logo-CMYK.png?fit=531%2C87&ssl=1","width":531,"height":87,"caption":"Twinny Load"},"image":{"@id":"https:\/\/www.twinnyload.com\/de\/#\/schema\/logo\/image\/"}}]}},"jetpack_sharing_enabled":true,"_links":{"self":[{"href":"https:\/\/www.twinnyload.com\/de\/wp-json\/wp\/v2\/product\/58184","targetHints":{"allow":["GET"]}}],"collection":[{"href":"https:\/\/www.twinnyload.com\/de\/wp-json\/wp\/v2\/product"}],"about":[{"href":"https:\/\/www.twinnyload.com\/de\/wp-json\/wp\/v2\/types\/product"}],"replies":[{"embeddable":true,"href":"https:\/\/www.twinnyload.com\/de\/wp-json\/wp\/v2\/comments?post=58184"}],"wp:featuredmedia":[{"embeddable":true,"href":"https:\/\/www.twinnyload.com\/de\/wp-json\/wp\/v2\/media\/58194"}],"wp:attachment":[{"href":"https:\/\/www.twinnyload.com\/de\/wp-json\/wp\/v2\/media?parent=58184"}],"wp:term":[{"taxonomy":"product_brand","embeddable":true,"href":"https:\/\/www.twinnyload.com\/de\/wp-json\/wp\/v2\/product_brand?post=58184"},{"taxonomy":"product_cat","embeddable":true,"href":"https:\/\/www.twinnyload.com\/de\/wp-json\/wp\/v2\/product_cat?post=58184"},{"taxonomy":"product_tag","embeddable":true,"href":"https:\/\/www.twinnyload.com\/de\/wp-json\/wp\/v2\/product_tag?post=58184"}],"curies":[{"name":"wp","href":"https:\/\/api.w.org\/{rel}","templated":true}]}}