{"id":56758,"date":"2023-09-29T09:25:37","date_gmt":"2023-09-29T07:25:37","guid":{"rendered":"https:\/\/www.twinnyload.com\/product\/endkappe-fuer-aluminium-twinny-load-dachtraeger-f01-f02-links-und-rechts-altes-modell\/"},"modified":"2023-09-29T09:25:38","modified_gmt":"2023-09-29T07:25:38","slug":"endkappe-fuer-aluminium-twinny-load-dachtraeger-f01-f02-links-und-rechts-altes-modell","status":"publish","type":"product","link":"https:\/\/www.twinnyload.com\/de\/produkt\/endkappe-fuer-aluminium-twinny-load-dachtraeger-f01-f02-links-und-rechts-altes-modell\/","title":{"rendered":"Endkappe f\u00fcr Aluminium Twinny Load Dachtr\u00e4ger F01 &#038; F02 &#8211; Links und Rechts &#8211; Altes Modell"},"content":{"rendered":"<p>Endkappe f\u00fcr Aluminium Twinny Load Dachtr\u00e4ger &#8211; Links und Rechts<\/p>\n<p>1x Original Nummer 63196\/TW<br \/>\n1x Original Nummer 63197\/TW<\/p>\n<p>F\u00fcr Twinny Load F01 (TL F01) &#038; Twinny Load F02 (TL F02) Altes Modell vor September 2021.<\/p>\n","protected":false},"excerpt":{"rendered":"<p>Endkappe f\u00fcr Aluminium Twinny Load Dachtr\u00e4ger F01 &#038; F02 &#8211; Links und Rechts &#8211; Altes Modell<\/p>\n","protected":false},"featured_media":56748,"comment_status":"closed","ping_status":"closed","template":"","meta":{"_acf_changed":false,"_et_pb_use_builder":"","_et_pb_old_content":"","_et_gb_content_width":""},"product_brand":[],"product_cat":[196,201],"product_tag":[346,148],"class_list":{"0":"post-56758","1":"product","2":"type-product","3":"status-publish","4":"has-post-thumbnail","6":"product_cat-dachgepacktrager-teile","7":"product_cat-ersatzteile","8":"product_tag-dachgepacktrager","9":"product_tag-dachtraeger","10":"pa_farbe-schwarz","11":"pa_kleur-zwart-de","12":"pa_material-plastik","14":"first","15":"instock","16":"taxable","17":"shipping-taxable","18":"purchasable","19":"product-type-simple"},"acf":[],"yoast_head":"<!-- This site is optimized with the Yoast SEO plugin v27.3 - https:\/\/yoast.com\/product\/yoast-seo-wordpress\/ -->\n<title>Endkappe f\u00fcr Aluminium Twinny Load Dachtr\u00e4ger F01 &amp; F02 - Links und Rechts - Altes Modell - TwinnyLoad<\/title>\n<meta name=\"robots\" content=\"index, follow, max-snippet:-1, max-image-preview:large, max-video-preview:-1\" \/>\n<link rel=\"canonical\" href=\"https:\/\/www.twinnyload.com\/de\/produkt\/endkappe-fuer-aluminium-twinny-load-dachtraeger-f01-f02-links-und-rechts-altes-modell\/\" \/>\n<meta property=\"og:locale\" content=\"de_DE\" \/>\n<meta property=\"og:type\" content=\"article\" \/>\n<meta property=\"og:title\" content=\"Endkappe f\u00fcr Aluminium Twinny Load Dachtr\u00e4ger F01 &amp; F02 - Links und Rechts - Altes Modell - TwinnyLoad\" \/>\n<meta property=\"og:description\" content=\"Endkappe f\u00fcr Aluminium Twinny Load Dachtr\u00e4ger F01 &amp; F02 - Links und Rechts - Altes Modell\" \/>\n<meta property=\"og:url\" content=\"https:\/\/www.twinnyload.com\/de\/produkt\/endkappe-fuer-aluminium-twinny-load-dachtraeger-f01-f02-links-und-rechts-altes-modell\/\" \/>\n<meta property=\"og:site_name\" content=\"TwinnyLoad\" \/>\n<meta property=\"article:modified_time\" content=\"2023-09-29T07:25:38+00:00\" \/>\n<meta property=\"og:image\" content=\"https:\/\/www.twinnyload.com\/wp-content\/uploads\/2023\/09\/TL_6319697_1.jpg\" \/>\n\t<meta property=\"og:image:width\" content=\"800\" \/>\n\t<meta property=\"og:image:height\" content=\"800\" \/>\n\t<meta property=\"og:image:type\" content=\"image\/jpeg\" \/>\n<meta name=\"twitter:card\" content=\"summary_large_image\" \/>\n<script type=\"application\/ld+json\" class=\"yoast-schema-graph\">{\"@context\":\"https:\\\/\\\/schema.org\",\"@graph\":[{\"@type\":\"WebPage\",\"@id\":\"https:\\\/\\\/www.twinnyload.com\\\/de\\\/produkt\\\/endkappe-fuer-aluminium-twinny-load-dachtraeger-f01-f02-links-und-rechts-altes-modell\\\/\",\"url\":\"https:\\\/\\\/www.twinnyload.com\\\/de\\\/produkt\\\/endkappe-fuer-aluminium-twinny-load-dachtraeger-f01-f02-links-und-rechts-altes-modell\\\/\",\"name\":\"Endkappe f\u00fcr Aluminium Twinny Load Dachtr\u00e4ger F01 & F02 - Links und Rechts - Altes Modell - TwinnyLoad\",\"isPartOf\":{\"@id\":\"https:\\\/\\\/www.twinnyload.com\\\/de\\\/#website\"},\"primaryImageOfPage\":{\"@id\":\"https:\\\/\\\/www.twinnyload.com\\\/de\\\/produkt\\\/endkappe-fuer-aluminium-twinny-load-dachtraeger-f01-f02-links-und-rechts-altes-modell\\\/#primaryimage\"},\"image\":{\"@id\":\"https:\\\/\\\/www.twinnyload.com\\\/de\\\/produkt\\\/endkappe-fuer-aluminium-twinny-load-dachtraeger-f01-f02-links-und-rechts-altes-modell\\\/#primaryimage\"},\"thumbnailUrl\":\"https:\\\/\\\/i0.wp.com\\\/www.twinnyload.com\\\/wp-content\\\/uploads\\\/2023\\\/09\\\/TL_6319697_1.jpg?fit=800%2C800&ssl=1\",\"datePublished\":\"2023-09-29T07:25:37+00:00\",\"dateModified\":\"2023-09-29T07:25:38+00:00\",\"breadcrumb\":{\"@id\":\"https:\\\/\\\/www.twinnyload.com\\\/de\\\/produkt\\\/endkappe-fuer-aluminium-twinny-load-dachtraeger-f01-f02-links-und-rechts-altes-modell\\\/#breadcrumb\"},\"inLanguage\":\"de\",\"potentialAction\":[{\"@type\":\"ReadAction\",\"target\":[\"https:\\\/\\\/www.twinnyload.com\\\/de\\\/produkt\\\/endkappe-fuer-aluminium-twinny-load-dachtraeger-f01-f02-links-und-rechts-altes-modell\\\/\"]}]},{\"@type\":\"ImageObject\",\"inLanguage\":\"de\",\"@id\":\"https:\\\/\\\/www.twinnyload.com\\\/de\\\/produkt\\\/endkappe-fuer-aluminium-twinny-load-dachtraeger-f01-f02-links-und-rechts-altes-modell\\\/#primaryimage\",\"url\":\"https:\\\/\\\/i0.wp.com\\\/www.twinnyload.com\\\/wp-content\\\/uploads\\\/2023\\\/09\\\/TL_6319697_1.jpg?fit=800%2C800&ssl=1\",\"contentUrl\":\"https:\\\/\\\/i0.wp.com\\\/www.twinnyload.com\\\/wp-content\\\/uploads\\\/2023\\\/09\\\/TL_6319697_1.jpg?fit=800%2C800&ssl=1\",\"width\":800,\"height\":800},{\"@type\":\"BreadcrumbList\",\"@id\":\"https:\\\/\\\/www.twinnyload.com\\\/de\\\/produkt\\\/endkappe-fuer-aluminium-twinny-load-dachtraeger-f01-f02-links-und-rechts-altes-modell\\\/#breadcrumb\",\"itemListElement\":[{\"@type\":\"ListItem\",\"position\":1,\"name\":\"Home\",\"item\":\"https:\\\/\\\/www.twinnyload.com\\\/de\\\/\"},{\"@type\":\"ListItem\",\"position\":2,\"name\":\"Shop\",\"item\":\"https:\\\/\\\/www.twinnyload.com\\\/de\\\/shop\\\/\"},{\"@type\":\"ListItem\",\"position\":3,\"name\":\"Endkappe f\u00fcr Aluminium Twinny Load Dachtr\u00e4ger F01 &#038; F02 &#8211; Links und Rechts &#8211; Altes Modell\"}]},{\"@type\":\"WebSite\",\"@id\":\"https:\\\/\\\/www.twinnyload.com\\\/de\\\/#website\",\"url\":\"https:\\\/\\\/www.twinnyload.com\\\/de\\\/\",\"name\":\"TwinnyLoad\",\"description\":\"fietsendragers en dakkoffers\",\"publisher\":{\"@id\":\"https:\\\/\\\/www.twinnyload.com\\\/de\\\/#organization\"},\"potentialAction\":[{\"@type\":\"SearchAction\",\"target\":{\"@type\":\"EntryPoint\",\"urlTemplate\":\"https:\\\/\\\/www.twinnyload.com\\\/de\\\/?s={search_term_string}\"},\"query-input\":{\"@type\":\"PropertyValueSpecification\",\"valueRequired\":true,\"valueName\":\"search_term_string\"}}],\"inLanguage\":\"de\"},{\"@type\":\"Organization\",\"@id\":\"https:\\\/\\\/www.twinnyload.com\\\/de\\\/#organization\",\"name\":\"Twinny Load\",\"url\":\"https:\\\/\\\/www.twinnyload.com\\\/de\\\/\",\"logo\":{\"@type\":\"ImageObject\",\"inLanguage\":\"de\",\"@id\":\"https:\\\/\\\/www.twinnyload.com\\\/de\\\/#\\\/schema\\\/logo\\\/image\\\/\",\"url\":\"https:\\\/\\\/i2.wp.com\\\/www.twinnyload.com\\\/wp-content\\\/uploads\\\/2020\\\/06\\\/Twinny-Load-logo-CMYK.png?fit=531%2C87&ssl=1\",\"contentUrl\":\"https:\\\/\\\/i2.wp.com\\\/www.twinnyload.com\\\/wp-content\\\/uploads\\\/2020\\\/06\\\/Twinny-Load-logo-CMYK.png?fit=531%2C87&ssl=1\",\"width\":531,\"height\":87,\"caption\":\"Twinny Load\"},\"image\":{\"@id\":\"https:\\\/\\\/www.twinnyload.com\\\/de\\\/#\\\/schema\\\/logo\\\/image\\\/\"}}]}<\/script>\n<!-- \/ Yoast SEO plugin. -->","yoast_head_json":{"title":"Endkappe f\u00fcr Aluminium Twinny Load Dachtr\u00e4ger F01 & F02 - Links und Rechts - Altes Modell - TwinnyLoad","robots":{"index":"index","follow":"follow","max-snippet":"max-snippet:-1","max-image-preview":"max-image-preview:large","max-video-preview":"max-video-preview:-1"},"canonical":"https:\/\/www.twinnyload.com\/de\/produkt\/endkappe-fuer-aluminium-twinny-load-dachtraeger-f01-f02-links-und-rechts-altes-modell\/","og_locale":"de_DE","og_type":"article","og_title":"Endkappe f\u00fcr Aluminium Twinny Load Dachtr\u00e4ger F01 & F02 - Links und Rechts - Altes Modell - TwinnyLoad","og_description":"Endkappe f\u00fcr Aluminium Twinny Load Dachtr\u00e4ger F01 & F02 - Links und Rechts - Altes Modell","og_url":"https:\/\/www.twinnyload.com\/de\/produkt\/endkappe-fuer-aluminium-twinny-load-dachtraeger-f01-f02-links-und-rechts-altes-modell\/","og_site_name":"TwinnyLoad","article_modified_time":"2023-09-29T07:25:38+00:00","og_image":[{"width":800,"height":800,"url":"https:\/\/www.twinnyload.com\/wp-content\/uploads\/2023\/09\/TL_6319697_1.jpg","type":"image\/jpeg"}],"twitter_card":"summary_large_image","schema":{"@context":"https:\/\/schema.org","@graph":[{"@type":"WebPage","@id":"https:\/\/www.twinnyload.com\/de\/produkt\/endkappe-fuer-aluminium-twinny-load-dachtraeger-f01-f02-links-und-rechts-altes-modell\/","url":"https:\/\/www.twinnyload.com\/de\/produkt\/endkappe-fuer-aluminium-twinny-load-dachtraeger-f01-f02-links-und-rechts-altes-modell\/","name":"Endkappe f\u00fcr Aluminium Twinny Load Dachtr\u00e4ger F01 & F02 - Links und Rechts - Altes Modell - TwinnyLoad","isPartOf":{"@id":"https:\/\/www.twinnyload.com\/de\/#website"},"primaryImageOfPage":{"@id":"https:\/\/www.twinnyload.com\/de\/produkt\/endkappe-fuer-aluminium-twinny-load-dachtraeger-f01-f02-links-und-rechts-altes-modell\/#primaryimage"},"image":{"@id":"https:\/\/www.twinnyload.com\/de\/produkt\/endkappe-fuer-aluminium-twinny-load-dachtraeger-f01-f02-links-und-rechts-altes-modell\/#primaryimage"},"thumbnailUrl":"https:\/\/i0.wp.com\/www.twinnyload.com\/wp-content\/uploads\/2023\/09\/TL_6319697_1.jpg?fit=800%2C800&ssl=1","datePublished":"2023-09-29T07:25:37+00:00","dateModified":"2023-09-29T07:25:38+00:00","breadcrumb":{"@id":"https:\/\/www.twinnyload.com\/de\/produkt\/endkappe-fuer-aluminium-twinny-load-dachtraeger-f01-f02-links-und-rechts-altes-modell\/#breadcrumb"},"inLanguage":"de","potentialAction":[{"@type":"ReadAction","target":["https:\/\/www.twinnyload.com\/de\/produkt\/endkappe-fuer-aluminium-twinny-load-dachtraeger-f01-f02-links-und-rechts-altes-modell\/"]}]},{"@type":"ImageObject","inLanguage":"de","@id":"https:\/\/www.twinnyload.com\/de\/produkt\/endkappe-fuer-aluminium-twinny-load-dachtraeger-f01-f02-links-und-rechts-altes-modell\/#primaryimage","url":"https:\/\/i0.wp.com\/www.twinnyload.com\/wp-content\/uploads\/2023\/09\/TL_6319697_1.jpg?fit=800%2C800&ssl=1","contentUrl":"https:\/\/i0.wp.com\/www.twinnyload.com\/wp-content\/uploads\/2023\/09\/TL_6319697_1.jpg?fit=800%2C800&ssl=1","width":800,"height":800},{"@type":"BreadcrumbList","@id":"https:\/\/www.twinnyload.com\/de\/produkt\/endkappe-fuer-aluminium-twinny-load-dachtraeger-f01-f02-links-und-rechts-altes-modell\/#breadcrumb","itemListElement":[{"@type":"ListItem","position":1,"name":"Home","item":"https:\/\/www.twinnyload.com\/de\/"},{"@type":"ListItem","position":2,"name":"Shop","item":"https:\/\/www.twinnyload.com\/de\/shop\/"},{"@type":"ListItem","position":3,"name":"Endkappe f\u00fcr Aluminium Twinny Load Dachtr\u00e4ger F01 &#038; F02 &#8211; Links und Rechts &#8211; Altes Modell"}]},{"@type":"WebSite","@id":"https:\/\/www.twinnyload.com\/de\/#website","url":"https:\/\/www.twinnyload.com\/de\/","name":"TwinnyLoad","description":"fietsendragers en dakkoffers","publisher":{"@id":"https:\/\/www.twinnyload.com\/de\/#organization"},"potentialAction":[{"@type":"SearchAction","target":{"@type":"EntryPoint","urlTemplate":"https:\/\/www.twinnyload.com\/de\/?s={search_term_string}"},"query-input":{"@type":"PropertyValueSpecification","valueRequired":true,"valueName":"search_term_string"}}],"inLanguage":"de"},{"@type":"Organization","@id":"https:\/\/www.twinnyload.com\/de\/#organization","name":"Twinny Load","url":"https:\/\/www.twinnyload.com\/de\/","logo":{"@type":"ImageObject","inLanguage":"de","@id":"https:\/\/www.twinnyload.com\/de\/#\/schema\/logo\/image\/","url":"https:\/\/i2.wp.com\/www.twinnyload.com\/wp-content\/uploads\/2020\/06\/Twinny-Load-logo-CMYK.png?fit=531%2C87&ssl=1","contentUrl":"https:\/\/i2.wp.com\/www.twinnyload.com\/wp-content\/uploads\/2020\/06\/Twinny-Load-logo-CMYK.png?fit=531%2C87&ssl=1","width":531,"height":87,"caption":"Twinny Load"},"image":{"@id":"https:\/\/www.twinnyload.com\/de\/#\/schema\/logo\/image\/"}}]}},"jetpack_sharing_enabled":true,"_links":{"self":[{"href":"https:\/\/www.twinnyload.com\/de\/wp-json\/wp\/v2\/product\/56758","targetHints":{"allow":["GET"]}}],"collection":[{"href":"https:\/\/www.twinnyload.com\/de\/wp-json\/wp\/v2\/product"}],"about":[{"href":"https:\/\/www.twinnyload.com\/de\/wp-json\/wp\/v2\/types\/product"}],"replies":[{"embeddable":true,"href":"https:\/\/www.twinnyload.com\/de\/wp-json\/wp\/v2\/comments?post=56758"}],"wp:featuredmedia":[{"embeddable":true,"href":"https:\/\/www.twinnyload.com\/de\/wp-json\/wp\/v2\/media\/56748"}],"wp:attachment":[{"href":"https:\/\/www.twinnyload.com\/de\/wp-json\/wp\/v2\/media?parent=56758"}],"wp:term":[{"taxonomy":"product_brand","embeddable":true,"href":"https:\/\/www.twinnyload.com\/de\/wp-json\/wp\/v2\/product_brand?post=56758"},{"taxonomy":"product_cat","embeddable":true,"href":"https:\/\/www.twinnyload.com\/de\/wp-json\/wp\/v2\/product_cat?post=56758"},{"taxonomy":"product_tag","embeddable":true,"href":"https:\/\/www.twinnyload.com\/de\/wp-json\/wp\/v2\/product_tag?post=56758"}],"curies":[{"name":"wp","href":"https:\/\/api.w.org\/{rel}","templated":true}]}}