{"id":49181,"date":"2021-04-26T09:41:49","date_gmt":"2021-04-26T07:50:13","guid":{"rendered":"https:\/\/www.twinnyload.com\/product\/twinny-load-fahrradtraeger-e-carrier-base-swing-kupplung-50kg\/"},"modified":"2021-04-26T09:50:14","modified_gmt":"2021-04-26T07:50:14","slug":"twinny-load-fahrradtraeger-e-carrier-base-swing-kupplung-50kg","status":"publish","type":"product","link":"https:\/\/www.twinnyload.com\/de\/produkt\/twinny-load-fahrradtraeger-e-carrier-base-swing-kupplung-50kg\/","title":{"rendered":"Twinny Load Fahrradtr\u00e4ger e-Carrier Base (Swing Kupplung) ->50kg"},"content":{"rendered":"<p>Die RDW-gepr\u00fcfte Twinny Load e-Carrier Base ist ein robuster Fahrradtr\u00e4ger, der f\u00fcr 2 (Elektro-) Fahrr\u00e4der geeignet ist. Bequem und schnell mit der Swing-Kupplung an dem Zughaken zu montieren. <\/p>\n<p>Achtung! Die maximale Traglast von 50kg bedeutet eine Montage von 2 Elektrofahrr\u00e4der ohne Batterie, 1 Elektrofahrrad mit Batterie + 1 normales Fahrrad, oder 2 normale Fahrr\u00e4der.<\/p>\n<p>Twinny Load<br \/>\nWe like your bike!<\/p>\n<p>Mit Twinny Load soliden Fahrradtr\u00e4gern an Ihrem Auto, haben Sie immer Ihr Fahrrad zur Hand, f\u00fcr praktische Zwecke oder f\u00fcr sch\u00f6ne Radtouren. Twinny Load bietet verschiedene Modelle an, sodass Ihnen immer ein passender Fahrradtr\u00e4ger zur Verf\u00fcgung steht. Twinny Load Fahrradtr\u00e4ger entsprechen den europ\u00e4ischen Richtlinien und sind einfach zu bedienen. Dar\u00fcber hinaus bietet Twinny Load verschiedene Zubeh\u00f6r und Zubeh\u00f6rteile wie Adapter, Lichtbalken, Wohnwagen Zubeh\u00f6rteile und Auffahrschiene. Mit Twinny Load transportieren Sie Ihre Fahrr\u00e4der sicher, stabil und einfach.<\/p>\n<p>RDW genehmigt (E4-26R)<br \/>\nMaterial: Metall\/Aluminium\/Kunststoff<br \/>\nDimension gebrauchsfertig: 1270x540x740 mm<br \/>\nVerpackungsma\u00dfe: 800x590x200 mm<br \/>\nKupplung am Zughaken: Swing Kupplung<br \/>\nKippbar: Ja, Handbedienung<br \/>\nHochklappbar: Nein<br \/>\nGewicht des Tr\u00e4gers: 13 kg<br \/>\nNetto belastbar: 50 kg<br \/>\nAnzahl der Fahrr\u00e4der: 2 (elektrische) Fahrr\u00e4der<br \/>\nTr\u00e4ger abschlie\u00dfbar am Fahrzeug: als Zubeh\u00f6r m\u00f6glich<br \/>\nFahrrad abschlie\u00dfbar auf Tr\u00e4ger: Nein<br \/>\nBeleuchtung: 7\/13 poliger Stecker: 13-polig<br \/>\nBeleuchtung: Ja (5 Funktionen)<br \/>\nRadkufen: Aluminium<br \/>\nRadbefestigung: Riemen<br \/>\nGarantie: 2 Jahre<\/p>\n","protected":false},"excerpt":{"rendered":"<p>Twinny Load Fahrradtr\u00e4ger e-Carrier Base (Swing Kupplung) ->50kg<\/p>\n","protected":false},"featured_media":49151,"comment_status":"closed","ping_status":"closed","template":"","meta":{"_acf_changed":false,"_et_pb_use_builder":"","_et_pb_old_content":"","_et_gb_content_width":""},"product_brand":[],"product_cat":[189],"product_tag":[335],"class_list":{"0":"post-49181","1":"product","2":"type-product","3":"status-publish","4":"has-post-thumbnail","6":"product_cat-fahrradtrager","7":"product_tag-fahrradtrager","8":"pa_farbe-aluminium","9":"pa_farbe-schwarz","10":"pa_kleur-aluminium-de-2","11":"pa_kleur-zwart-de","12":"pa_materiaal-aluminium-de","13":"pa_material-aluminium-de-2","15":"first","16":"instock","17":"taxable","18":"shipping-taxable","19":"purchasable","20":"product-type-simple"},"acf":[],"yoast_head":"<!-- This site is optimized with the Yoast SEO plugin v27.5 - https:\/\/yoast.com\/product\/yoast-seo-wordpress\/ -->\n<title>Twinny Load Fahrradtr\u00e4ger e-Carrier Base (Swing Kupplung) -&gt;50kg - TwinnyLoad<\/title>\n<meta name=\"robots\" content=\"index, follow, max-snippet:-1, max-image-preview:large, max-video-preview:-1\" \/>\n<link rel=\"canonical\" href=\"https:\/\/www.twinnyload.com\/de\/produkt\/twinny-load-fahrradtraeger-e-carrier-base-swing-kupplung-50kg\/\" \/>\n<meta property=\"og:locale\" content=\"de_DE\" \/>\n<meta property=\"og:type\" content=\"article\" \/>\n<meta property=\"og:title\" content=\"Twinny Load Fahrradtr\u00e4ger e-Carrier Base (Swing Kupplung) -&gt;50kg - TwinnyLoad\" \/>\n<meta property=\"og:description\" content=\"Twinny Load Fahrradtr\u00e4ger e-Carrier Base (Swing Kupplung) -&gt;50kg\" \/>\n<meta property=\"og:url\" content=\"https:\/\/www.twinnyload.com\/de\/produkt\/twinny-load-fahrradtraeger-e-carrier-base-swing-kupplung-50kg\/\" \/>\n<meta property=\"og:site_name\" content=\"TwinnyLoad\" \/>\n<meta property=\"article:modified_time\" content=\"2021-04-26T07:50:14+00:00\" \/>\n<meta property=\"og:image\" content=\"https:\/\/i1.wp.com\/www.twinnyload.com\/wp-content\/uploads\/2021\/04\/TL_627913057_1.jpg?fit=800%2C800&ssl=1\" \/>\n\t<meta property=\"og:image:width\" content=\"800\" \/>\n\t<meta property=\"og:image:height\" content=\"800\" \/>\n\t<meta property=\"og:image:type\" content=\"image\/jpeg\" \/>\n<meta name=\"twitter:card\" content=\"summary_large_image\" \/>\n<meta name=\"twitter:label1\" content=\"Gesch\u00e4tzte Lesezeit\" \/>\n\t<meta name=\"twitter:data1\" content=\"1\u00a0Minute\" \/>\n<script type=\"application\/ld+json\" class=\"yoast-schema-graph\">{\"@context\":\"https:\\\/\\\/schema.org\",\"@graph\":[{\"@type\":\"WebPage\",\"@id\":\"https:\\\/\\\/www.twinnyload.com\\\/de\\\/produkt\\\/twinny-load-fahrradtraeger-e-carrier-base-swing-kupplung-50kg\\\/\",\"url\":\"https:\\\/\\\/www.twinnyload.com\\\/de\\\/produkt\\\/twinny-load-fahrradtraeger-e-carrier-base-swing-kupplung-50kg\\\/\",\"name\":\"Twinny Load Fahrradtr\u00e4ger e-Carrier Base (Swing Kupplung) ->50kg - TwinnyLoad\",\"isPartOf\":{\"@id\":\"https:\\\/\\\/www.twinnyload.com\\\/de\\\/#website\"},\"primaryImageOfPage\":{\"@id\":\"https:\\\/\\\/www.twinnyload.com\\\/de\\\/produkt\\\/twinny-load-fahrradtraeger-e-carrier-base-swing-kupplung-50kg\\\/#primaryimage\"},\"image\":{\"@id\":\"https:\\\/\\\/www.twinnyload.com\\\/de\\\/produkt\\\/twinny-load-fahrradtraeger-e-carrier-base-swing-kupplung-50kg\\\/#primaryimage\"},\"thumbnailUrl\":\"https:\\\/\\\/i0.wp.com\\\/www.twinnyload.com\\\/wp-content\\\/uploads\\\/2021\\\/04\\\/TL_627913057_1.jpg?fit=800%2C800&ssl=1\",\"datePublished\":\"2021-04-26T07:50:13+00:00\",\"dateModified\":\"2021-04-26T07:50:14+00:00\",\"breadcrumb\":{\"@id\":\"https:\\\/\\\/www.twinnyload.com\\\/de\\\/produkt\\\/twinny-load-fahrradtraeger-e-carrier-base-swing-kupplung-50kg\\\/#breadcrumb\"},\"inLanguage\":\"de\",\"potentialAction\":[{\"@type\":\"ReadAction\",\"target\":[\"https:\\\/\\\/www.twinnyload.com\\\/de\\\/produkt\\\/twinny-load-fahrradtraeger-e-carrier-base-swing-kupplung-50kg\\\/\"]}]},{\"@type\":\"ImageObject\",\"inLanguage\":\"de\",\"@id\":\"https:\\\/\\\/www.twinnyload.com\\\/de\\\/produkt\\\/twinny-load-fahrradtraeger-e-carrier-base-swing-kupplung-50kg\\\/#primaryimage\",\"url\":\"https:\\\/\\\/i0.wp.com\\\/www.twinnyload.com\\\/wp-content\\\/uploads\\\/2021\\\/04\\\/TL_627913057_1.jpg?fit=800%2C800&ssl=1\",\"contentUrl\":\"https:\\\/\\\/i0.wp.com\\\/www.twinnyload.com\\\/wp-content\\\/uploads\\\/2021\\\/04\\\/TL_627913057_1.jpg?fit=800%2C800&ssl=1\",\"width\":800,\"height\":800},{\"@type\":\"BreadcrumbList\",\"@id\":\"https:\\\/\\\/www.twinnyload.com\\\/de\\\/produkt\\\/twinny-load-fahrradtraeger-e-carrier-base-swing-kupplung-50kg\\\/#breadcrumb\",\"itemListElement\":[{\"@type\":\"ListItem\",\"position\":1,\"name\":\"Home\",\"item\":\"https:\\\/\\\/www.twinnyload.com\\\/de\\\/\"},{\"@type\":\"ListItem\",\"position\":2,\"name\":\"Shop\",\"item\":\"https:\\\/\\\/www.twinnyload.com\\\/de\\\/shop\\\/\"},{\"@type\":\"ListItem\",\"position\":3,\"name\":\"Twinny Load Fahrradtr\u00e4ger e-Carrier Base (Swing Kupplung) ->50kg\"}]},{\"@type\":\"WebSite\",\"@id\":\"https:\\\/\\\/www.twinnyload.com\\\/de\\\/#website\",\"url\":\"https:\\\/\\\/www.twinnyload.com\\\/de\\\/\",\"name\":\"TwinnyLoad\",\"description\":\"fietsendragers en dakkoffers\",\"publisher\":{\"@id\":\"https:\\\/\\\/www.twinnyload.com\\\/de\\\/#organization\"},\"potentialAction\":[{\"@type\":\"SearchAction\",\"target\":{\"@type\":\"EntryPoint\",\"urlTemplate\":\"https:\\\/\\\/www.twinnyload.com\\\/de\\\/?s={search_term_string}\"},\"query-input\":{\"@type\":\"PropertyValueSpecification\",\"valueRequired\":true,\"valueName\":\"search_term_string\"}}],\"inLanguage\":\"de\"},{\"@type\":\"Organization\",\"@id\":\"https:\\\/\\\/www.twinnyload.com\\\/de\\\/#organization\",\"name\":\"Twinny Load\",\"url\":\"https:\\\/\\\/www.twinnyload.com\\\/de\\\/\",\"logo\":{\"@type\":\"ImageObject\",\"inLanguage\":\"de\",\"@id\":\"https:\\\/\\\/www.twinnyload.com\\\/de\\\/#\\\/schema\\\/logo\\\/image\\\/\",\"url\":\"https:\\\/\\\/i2.wp.com\\\/www.twinnyload.com\\\/wp-content\\\/uploads\\\/2020\\\/06\\\/Twinny-Load-logo-CMYK.png?fit=531%2C87&ssl=1\",\"contentUrl\":\"https:\\\/\\\/i2.wp.com\\\/www.twinnyload.com\\\/wp-content\\\/uploads\\\/2020\\\/06\\\/Twinny-Load-logo-CMYK.png?fit=531%2C87&ssl=1\",\"width\":531,\"height\":87,\"caption\":\"Twinny Load\"},\"image\":{\"@id\":\"https:\\\/\\\/www.twinnyload.com\\\/de\\\/#\\\/schema\\\/logo\\\/image\\\/\"}}]}<\/script>\n<!-- \/ Yoast SEO plugin. -->","yoast_head_json":{"title":"Twinny Load Fahrradtr\u00e4ger e-Carrier Base (Swing Kupplung) ->50kg - TwinnyLoad","robots":{"index":"index","follow":"follow","max-snippet":"max-snippet:-1","max-image-preview":"max-image-preview:large","max-video-preview":"max-video-preview:-1"},"canonical":"https:\/\/www.twinnyload.com\/de\/produkt\/twinny-load-fahrradtraeger-e-carrier-base-swing-kupplung-50kg\/","og_locale":"de_DE","og_type":"article","og_title":"Twinny Load Fahrradtr\u00e4ger e-Carrier Base (Swing Kupplung) ->50kg - TwinnyLoad","og_description":"Twinny Load Fahrradtr\u00e4ger e-Carrier Base (Swing Kupplung) ->50kg","og_url":"https:\/\/www.twinnyload.com\/de\/produkt\/twinny-load-fahrradtraeger-e-carrier-base-swing-kupplung-50kg\/","og_site_name":"TwinnyLoad","article_modified_time":"2021-04-26T07:50:14+00:00","og_image":[{"width":800,"height":800,"url":"https:\/\/i1.wp.com\/www.twinnyload.com\/wp-content\/uploads\/2021\/04\/TL_627913057_1.jpg?fit=800%2C800&ssl=1","type":"image\/jpeg"}],"twitter_card":"summary_large_image","twitter_misc":{"Gesch\u00e4tzte Lesezeit":"1\u00a0Minute"},"schema":{"@context":"https:\/\/schema.org","@graph":[{"@type":"WebPage","@id":"https:\/\/www.twinnyload.com\/de\/produkt\/twinny-load-fahrradtraeger-e-carrier-base-swing-kupplung-50kg\/","url":"https:\/\/www.twinnyload.com\/de\/produkt\/twinny-load-fahrradtraeger-e-carrier-base-swing-kupplung-50kg\/","name":"Twinny Load Fahrradtr\u00e4ger e-Carrier Base (Swing Kupplung) ->50kg - TwinnyLoad","isPartOf":{"@id":"https:\/\/www.twinnyload.com\/de\/#website"},"primaryImageOfPage":{"@id":"https:\/\/www.twinnyload.com\/de\/produkt\/twinny-load-fahrradtraeger-e-carrier-base-swing-kupplung-50kg\/#primaryimage"},"image":{"@id":"https:\/\/www.twinnyload.com\/de\/produkt\/twinny-load-fahrradtraeger-e-carrier-base-swing-kupplung-50kg\/#primaryimage"},"thumbnailUrl":"https:\/\/i0.wp.com\/www.twinnyload.com\/wp-content\/uploads\/2021\/04\/TL_627913057_1.jpg?fit=800%2C800&ssl=1","datePublished":"2021-04-26T07:50:13+00:00","dateModified":"2021-04-26T07:50:14+00:00","breadcrumb":{"@id":"https:\/\/www.twinnyload.com\/de\/produkt\/twinny-load-fahrradtraeger-e-carrier-base-swing-kupplung-50kg\/#breadcrumb"},"inLanguage":"de","potentialAction":[{"@type":"ReadAction","target":["https:\/\/www.twinnyload.com\/de\/produkt\/twinny-load-fahrradtraeger-e-carrier-base-swing-kupplung-50kg\/"]}]},{"@type":"ImageObject","inLanguage":"de","@id":"https:\/\/www.twinnyload.com\/de\/produkt\/twinny-load-fahrradtraeger-e-carrier-base-swing-kupplung-50kg\/#primaryimage","url":"https:\/\/i0.wp.com\/www.twinnyload.com\/wp-content\/uploads\/2021\/04\/TL_627913057_1.jpg?fit=800%2C800&ssl=1","contentUrl":"https:\/\/i0.wp.com\/www.twinnyload.com\/wp-content\/uploads\/2021\/04\/TL_627913057_1.jpg?fit=800%2C800&ssl=1","width":800,"height":800},{"@type":"BreadcrumbList","@id":"https:\/\/www.twinnyload.com\/de\/produkt\/twinny-load-fahrradtraeger-e-carrier-base-swing-kupplung-50kg\/#breadcrumb","itemListElement":[{"@type":"ListItem","position":1,"name":"Home","item":"https:\/\/www.twinnyload.com\/de\/"},{"@type":"ListItem","position":2,"name":"Shop","item":"https:\/\/www.twinnyload.com\/de\/shop\/"},{"@type":"ListItem","position":3,"name":"Twinny Load Fahrradtr\u00e4ger e-Carrier Base (Swing Kupplung) ->50kg"}]},{"@type":"WebSite","@id":"https:\/\/www.twinnyload.com\/de\/#website","url":"https:\/\/www.twinnyload.com\/de\/","name":"TwinnyLoad","description":"fietsendragers en dakkoffers","publisher":{"@id":"https:\/\/www.twinnyload.com\/de\/#organization"},"potentialAction":[{"@type":"SearchAction","target":{"@type":"EntryPoint","urlTemplate":"https:\/\/www.twinnyload.com\/de\/?s={search_term_string}"},"query-input":{"@type":"PropertyValueSpecification","valueRequired":true,"valueName":"search_term_string"}}],"inLanguage":"de"},{"@type":"Organization","@id":"https:\/\/www.twinnyload.com\/de\/#organization","name":"Twinny Load","url":"https:\/\/www.twinnyload.com\/de\/","logo":{"@type":"ImageObject","inLanguage":"de","@id":"https:\/\/www.twinnyload.com\/de\/#\/schema\/logo\/image\/","url":"https:\/\/i2.wp.com\/www.twinnyload.com\/wp-content\/uploads\/2020\/06\/Twinny-Load-logo-CMYK.png?fit=531%2C87&ssl=1","contentUrl":"https:\/\/i2.wp.com\/www.twinnyload.com\/wp-content\/uploads\/2020\/06\/Twinny-Load-logo-CMYK.png?fit=531%2C87&ssl=1","width":531,"height":87,"caption":"Twinny Load"},"image":{"@id":"https:\/\/www.twinnyload.com\/de\/#\/schema\/logo\/image\/"}}]}},"jetpack_sharing_enabled":true,"_links":{"self":[{"href":"https:\/\/www.twinnyload.com\/de\/wp-json\/wp\/v2\/product\/49181","targetHints":{"allow":["GET"]}}],"collection":[{"href":"https:\/\/www.twinnyload.com\/de\/wp-json\/wp\/v2\/product"}],"about":[{"href":"https:\/\/www.twinnyload.com\/de\/wp-json\/wp\/v2\/types\/product"}],"replies":[{"embeddable":true,"href":"https:\/\/www.twinnyload.com\/de\/wp-json\/wp\/v2\/comments?post=49181"}],"wp:featuredmedia":[{"embeddable":true,"href":"https:\/\/www.twinnyload.com\/de\/wp-json\/wp\/v2\/media\/49151"}],"wp:attachment":[{"href":"https:\/\/www.twinnyload.com\/de\/wp-json\/wp\/v2\/media?parent=49181"}],"wp:term":[{"taxonomy":"product_brand","embeddable":true,"href":"https:\/\/www.twinnyload.com\/de\/wp-json\/wp\/v2\/product_brand?post=49181"},{"taxonomy":"product_cat","embeddable":true,"href":"https:\/\/www.twinnyload.com\/de\/wp-json\/wp\/v2\/product_cat?post=49181"},{"taxonomy":"product_tag","embeddable":true,"href":"https:\/\/www.twinnyload.com\/de\/wp-json\/wp\/v2\/product_tag?post=49181"}],"curies":[{"name":"wp","href":"https:\/\/api.w.org\/{rel}","templated":true}]}}