{"id":12339,"date":"2016-03-16T00:00:00","date_gmt":"2016-03-16T00:00:00","guid":{"rendered":"http:\/\/193.23.143.29\/~twinnyload\/product\/ersatzschluessel\/"},"modified":"2022-08-05T13:36:45","modified_gmt":"2022-08-05T11:36:45","slug":"sleutelservice","status":"publish","type":"product","link":"https:\/\/www.twinnyload.com\/de\/produkt\/sleutelservice\/","title":{"rendered":"Ersatzschl\u00fcssel"},"content":{"rendered":"<p>Haben Sie den Schl\u00fcssel Ihres Fahrradtr\u00e4gers verloren? Kein Problem, Twinny Load hat in den meisten F\u00e4llen ein Reserve-Set!<br \/>\nSchl\u00fcssel werden <strong>pro St\u00fcck<\/strong> geliefert. M\u00f6chten Sie mehrere Schl\u00fcssel bestellen? \u00c4ndern Sie die Anzahl dann bitte in Ihrem Einkaufswagen.<\/p>\n<p><em>Kostenloser Schl\u00fcsselversand.<\/em><\/p>\n<p>Leider k\u00f6nnen wir <strong>keine<\/strong> <strong>Schl\u00fcsselnummern<\/strong> liefern, die mit einem <strong>&#8222;W&#8220;, \u201dY\u201d oder \u201dK\u201d<\/strong> beginnen.<\/p>\n<p>Auch f\u00fcr die \u201dErgo-kop\u201d haben wir keine Ersatzschl\u00fcssel lieferbar. Sie k\u00f6nnen eine neue Schloss f\u00fcr bestellen,Hier kunt u een nieuw slot voor bestellen. Diese finden Sie <a href=\"https:\/\/www.twinnyload.com\/de\/produkt\/twinny-load-verschluss-ergo\/\" target=\"new\" rel=\"noopener noreferrer\">hier<\/a>.<br \/>\n<a href=\"https:\/\/www.twinnyload.com\/de\/produkt\/twinny-load-verschluss-ergo\/\" target=\"new\" rel=\"noopener noreferrer\"><img data-recalc-dims=\"1\" decoding=\"async\" class=\"aligncenter size-thumbnail wp-image-530 lazyload\" data-src=\"https:\/\/i0.wp.com\/www.twinnyload.com\/wp-content\/uploads\/2020\/02\/62.99.62411_slot_ergo.jpg?resize=150%2C150&#038;ssl=1\" alt=\"\" width=\"150\" height=\"150\" src=\"data:image\/svg+xml;base64,PHN2ZyB3aWR0aD0iMSIgaGVpZ2h0PSIxIiB4bWxucz0iaHR0cDovL3d3dy53My5vcmcvMjAwMC9zdmciPjwvc3ZnPg==\" style=\"--smush-placeholder-width: 150px; --smush-placeholder-aspect-ratio: 150\/150;\"><\/a><\/p>\n","protected":false},"excerpt":{"rendered":"<p>Haben Sie den Schl\u00fcssel Ihres Fahrradtr\u00e4gers verloren? Kein Problem, Twinny Load hat in den meisten F\u00e4llen ein Reserve-Set!<br \/>\nSchl\u00fcssel werden <strong>pro St\u00fcck<\/strong> geliefert. M\u00f6chten Sie mehrere Schl\u00fcssel bestellen? \u00c4ndern Sie die Anzahl dann bitte in Ihrem Einkaufswagen.<\/p>\n<p><em>Kostenloser Schl\u00fcsselversand.<\/em><\/p>\n<p>Leider k\u00f6nnen wir <strong>keine<\/strong> <strong>Schl\u00fcsselnummern<\/strong> liefern, die mit einem <strong>&#8222;W&#8220;, \u201dY\u201d oder \u201dK\u201d<\/strong> beginnen.<\/p>\n","protected":false},"featured_media":6889,"comment_status":"closed","ping_status":"closed","template":"","meta":{"_acf_changed":false,"_et_pb_use_builder":"","_et_pb_old_content":"","_et_gb_content_width":""},"product_brand":[],"product_cat":[201,203,202],"product_tag":[],"class_list":{"0":"post-12339","1":"product","2":"type-product","3":"status-publish","4":"has-post-thumbnail","6":"product_cat-ersatzteile","7":"product_cat-kostenloser-versand","8":"product_cat-schlussel-und-schlosser","9":"product_shipping_class-ersatzschlussel","11":"first","12":"instock","13":"virtual","14":"taxable","15":"purchasable","16":"product-type-simple"},"acf":[],"yoast_head":"<!-- This site is optimized with the Yoast SEO plugin v27.4 - https:\/\/yoast.com\/product\/yoast-seo-wordpress\/ -->\n<title>Ersatzschl\u00fcssel - TwinnyLoad<\/title>\n<meta name=\"robots\" content=\"index, follow, max-snippet:-1, max-image-preview:large, max-video-preview:-1\" \/>\n<link rel=\"canonical\" href=\"https:\/\/www.twinnyload.com\/de\/produkt\/sleutelservice\/\" \/>\n<meta property=\"og:locale\" content=\"de_DE\" \/>\n<meta property=\"og:type\" content=\"article\" \/>\n<meta property=\"og:title\" content=\"Ersatzschl\u00fcssel - TwinnyLoad\" \/>\n<meta property=\"og:description\" content=\"Haben Sie den Schl\u00fcssel Ihres Fahrradtr\u00e4gers verloren? Kein Problem, Twinny Load hat in den meisten F\u00e4llen ein Reserve-Set! Schl\u00fcssel werden pro St\u00fcck geliefert. M\u00f6chten Sie mehrere Schl\u00fcssel bestellen? \u00c4ndern Sie die Anzahl dann bitte in Ihrem Einkaufswagen. Kostenloser Schl\u00fcsselversand. Leider k\u00f6nnen wir keine Schl\u00fcsselnummern liefern, die mit einem &quot;W&quot;, \u201dY\u201d oder \u201dK\u201d beginnen.\" \/>\n<meta property=\"og:url\" content=\"https:\/\/www.twinnyload.com\/de\/produkt\/sleutelservice\/\" \/>\n<meta property=\"og:site_name\" content=\"TwinnyLoad\" \/>\n<meta property=\"article:modified_time\" content=\"2022-08-05T11:36:45+00:00\" \/>\n<meta property=\"og:image\" content=\"https:\/\/i0.wp.com\/www.twinnyload.com\/wp-content\/uploads\/2020\/02\/3762968.jpg?fit=1654%2C1654&ssl=1\" \/>\n\t<meta property=\"og:image:width\" content=\"1654\" \/>\n\t<meta property=\"og:image:height\" content=\"1654\" \/>\n\t<meta property=\"og:image:type\" content=\"image\/jpeg\" \/>\n<meta name=\"twitter:card\" content=\"summary_large_image\" \/>\n<script type=\"application\/ld+json\" class=\"yoast-schema-graph\">{\"@context\":\"https:\\\/\\\/schema.org\",\"@graph\":[{\"@type\":\"WebPage\",\"@id\":\"https:\\\/\\\/www.twinnyload.com\\\/de\\\/produkt\\\/sleutelservice\\\/\",\"url\":\"https:\\\/\\\/www.twinnyload.com\\\/de\\\/produkt\\\/sleutelservice\\\/\",\"name\":\"Ersatzschl\u00fcssel - TwinnyLoad\",\"isPartOf\":{\"@id\":\"https:\\\/\\\/www.twinnyload.com\\\/de\\\/#website\"},\"primaryImageOfPage\":{\"@id\":\"https:\\\/\\\/www.twinnyload.com\\\/de\\\/produkt\\\/sleutelservice\\\/#primaryimage\"},\"image\":{\"@id\":\"https:\\\/\\\/www.twinnyload.com\\\/de\\\/produkt\\\/sleutelservice\\\/#primaryimage\"},\"thumbnailUrl\":\"https:\\\/\\\/i0.wp.com\\\/www.twinnyload.com\\\/wp-content\\\/uploads\\\/2020\\\/02\\\/3762968.jpg?fit=1654%2C1654&ssl=1\",\"datePublished\":\"2016-03-16T00:00:00+00:00\",\"dateModified\":\"2022-08-05T11:36:45+00:00\",\"breadcrumb\":{\"@id\":\"https:\\\/\\\/www.twinnyload.com\\\/de\\\/produkt\\\/sleutelservice\\\/#breadcrumb\"},\"inLanguage\":\"de\",\"potentialAction\":[{\"@type\":\"ReadAction\",\"target\":[\"https:\\\/\\\/www.twinnyload.com\\\/de\\\/produkt\\\/sleutelservice\\\/\"]}]},{\"@type\":\"ImageObject\",\"inLanguage\":\"de\",\"@id\":\"https:\\\/\\\/www.twinnyload.com\\\/de\\\/produkt\\\/sleutelservice\\\/#primaryimage\",\"url\":\"https:\\\/\\\/i0.wp.com\\\/www.twinnyload.com\\\/wp-content\\\/uploads\\\/2020\\\/02\\\/3762968.jpg?fit=1654%2C1654&ssl=1\",\"contentUrl\":\"https:\\\/\\\/i0.wp.com\\\/www.twinnyload.com\\\/wp-content\\\/uploads\\\/2020\\\/02\\\/3762968.jpg?fit=1654%2C1654&ssl=1\",\"width\":1654,\"height\":1654},{\"@type\":\"BreadcrumbList\",\"@id\":\"https:\\\/\\\/www.twinnyload.com\\\/de\\\/produkt\\\/sleutelservice\\\/#breadcrumb\",\"itemListElement\":[{\"@type\":\"ListItem\",\"position\":1,\"name\":\"Home\",\"item\":\"https:\\\/\\\/www.twinnyload.com\\\/de\\\/\"},{\"@type\":\"ListItem\",\"position\":2,\"name\":\"Shop\",\"item\":\"https:\\\/\\\/www.twinnyload.com\\\/de\\\/shop\\\/\"},{\"@type\":\"ListItem\",\"position\":3,\"name\":\"Ersatzschl\u00fcssel\"}]},{\"@type\":\"WebSite\",\"@id\":\"https:\\\/\\\/www.twinnyload.com\\\/de\\\/#website\",\"url\":\"https:\\\/\\\/www.twinnyload.com\\\/de\\\/\",\"name\":\"TwinnyLoad\",\"description\":\"fietsendragers en dakkoffers\",\"publisher\":{\"@id\":\"https:\\\/\\\/www.twinnyload.com\\\/de\\\/#organization\"},\"potentialAction\":[{\"@type\":\"SearchAction\",\"target\":{\"@type\":\"EntryPoint\",\"urlTemplate\":\"https:\\\/\\\/www.twinnyload.com\\\/de\\\/?s={search_term_string}\"},\"query-input\":{\"@type\":\"PropertyValueSpecification\",\"valueRequired\":true,\"valueName\":\"search_term_string\"}}],\"inLanguage\":\"de\"},{\"@type\":\"Organization\",\"@id\":\"https:\\\/\\\/www.twinnyload.com\\\/de\\\/#organization\",\"name\":\"Twinny Load\",\"url\":\"https:\\\/\\\/www.twinnyload.com\\\/de\\\/\",\"logo\":{\"@type\":\"ImageObject\",\"inLanguage\":\"de\",\"@id\":\"https:\\\/\\\/www.twinnyload.com\\\/de\\\/#\\\/schema\\\/logo\\\/image\\\/\",\"url\":\"https:\\\/\\\/i2.wp.com\\\/www.twinnyload.com\\\/wp-content\\\/uploads\\\/2020\\\/06\\\/Twinny-Load-logo-CMYK.png?fit=531%2C87&ssl=1\",\"contentUrl\":\"https:\\\/\\\/i2.wp.com\\\/www.twinnyload.com\\\/wp-content\\\/uploads\\\/2020\\\/06\\\/Twinny-Load-logo-CMYK.png?fit=531%2C87&ssl=1\",\"width\":531,\"height\":87,\"caption\":\"Twinny Load\"},\"image\":{\"@id\":\"https:\\\/\\\/www.twinnyload.com\\\/de\\\/#\\\/schema\\\/logo\\\/image\\\/\"}}]}<\/script>\n<!-- \/ Yoast SEO plugin. -->","yoast_head_json":{"title":"Ersatzschl\u00fcssel - TwinnyLoad","robots":{"index":"index","follow":"follow","max-snippet":"max-snippet:-1","max-image-preview":"max-image-preview:large","max-video-preview":"max-video-preview:-1"},"canonical":"https:\/\/www.twinnyload.com\/de\/produkt\/sleutelservice\/","og_locale":"de_DE","og_type":"article","og_title":"Ersatzschl\u00fcssel - TwinnyLoad","og_description":"Haben Sie den Schl\u00fcssel Ihres Fahrradtr\u00e4gers verloren? Kein Problem, Twinny Load hat in den meisten F\u00e4llen ein Reserve-Set! Schl\u00fcssel werden pro St\u00fcck geliefert. M\u00f6chten Sie mehrere Schl\u00fcssel bestellen? \u00c4ndern Sie die Anzahl dann bitte in Ihrem Einkaufswagen. Kostenloser Schl\u00fcsselversand. Leider k\u00f6nnen wir keine Schl\u00fcsselnummern liefern, die mit einem \"W\", \u201dY\u201d oder \u201dK\u201d beginnen.","og_url":"https:\/\/www.twinnyload.com\/de\/produkt\/sleutelservice\/","og_site_name":"TwinnyLoad","article_modified_time":"2022-08-05T11:36:45+00:00","og_image":[{"width":1654,"height":1654,"url":"https:\/\/i0.wp.com\/www.twinnyload.com\/wp-content\/uploads\/2020\/02\/3762968.jpg?fit=1654%2C1654&ssl=1","type":"image\/jpeg"}],"twitter_card":"summary_large_image","schema":{"@context":"https:\/\/schema.org","@graph":[{"@type":"WebPage","@id":"https:\/\/www.twinnyload.com\/de\/produkt\/sleutelservice\/","url":"https:\/\/www.twinnyload.com\/de\/produkt\/sleutelservice\/","name":"Ersatzschl\u00fcssel - TwinnyLoad","isPartOf":{"@id":"https:\/\/www.twinnyload.com\/de\/#website"},"primaryImageOfPage":{"@id":"https:\/\/www.twinnyload.com\/de\/produkt\/sleutelservice\/#primaryimage"},"image":{"@id":"https:\/\/www.twinnyload.com\/de\/produkt\/sleutelservice\/#primaryimage"},"thumbnailUrl":"https:\/\/i0.wp.com\/www.twinnyload.com\/wp-content\/uploads\/2020\/02\/3762968.jpg?fit=1654%2C1654&ssl=1","datePublished":"2016-03-16T00:00:00+00:00","dateModified":"2022-08-05T11:36:45+00:00","breadcrumb":{"@id":"https:\/\/www.twinnyload.com\/de\/produkt\/sleutelservice\/#breadcrumb"},"inLanguage":"de","potentialAction":[{"@type":"ReadAction","target":["https:\/\/www.twinnyload.com\/de\/produkt\/sleutelservice\/"]}]},{"@type":"ImageObject","inLanguage":"de","@id":"https:\/\/www.twinnyload.com\/de\/produkt\/sleutelservice\/#primaryimage","url":"https:\/\/i0.wp.com\/www.twinnyload.com\/wp-content\/uploads\/2020\/02\/3762968.jpg?fit=1654%2C1654&ssl=1","contentUrl":"https:\/\/i0.wp.com\/www.twinnyload.com\/wp-content\/uploads\/2020\/02\/3762968.jpg?fit=1654%2C1654&ssl=1","width":1654,"height":1654},{"@type":"BreadcrumbList","@id":"https:\/\/www.twinnyload.com\/de\/produkt\/sleutelservice\/#breadcrumb","itemListElement":[{"@type":"ListItem","position":1,"name":"Home","item":"https:\/\/www.twinnyload.com\/de\/"},{"@type":"ListItem","position":2,"name":"Shop","item":"https:\/\/www.twinnyload.com\/de\/shop\/"},{"@type":"ListItem","position":3,"name":"Ersatzschl\u00fcssel"}]},{"@type":"WebSite","@id":"https:\/\/www.twinnyload.com\/de\/#website","url":"https:\/\/www.twinnyload.com\/de\/","name":"TwinnyLoad","description":"fietsendragers en dakkoffers","publisher":{"@id":"https:\/\/www.twinnyload.com\/de\/#organization"},"potentialAction":[{"@type":"SearchAction","target":{"@type":"EntryPoint","urlTemplate":"https:\/\/www.twinnyload.com\/de\/?s={search_term_string}"},"query-input":{"@type":"PropertyValueSpecification","valueRequired":true,"valueName":"search_term_string"}}],"inLanguage":"de"},{"@type":"Organization","@id":"https:\/\/www.twinnyload.com\/de\/#organization","name":"Twinny Load","url":"https:\/\/www.twinnyload.com\/de\/","logo":{"@type":"ImageObject","inLanguage":"de","@id":"https:\/\/www.twinnyload.com\/de\/#\/schema\/logo\/image\/","url":"https:\/\/i2.wp.com\/www.twinnyload.com\/wp-content\/uploads\/2020\/06\/Twinny-Load-logo-CMYK.png?fit=531%2C87&ssl=1","contentUrl":"https:\/\/i2.wp.com\/www.twinnyload.com\/wp-content\/uploads\/2020\/06\/Twinny-Load-logo-CMYK.png?fit=531%2C87&ssl=1","width":531,"height":87,"caption":"Twinny Load"},"image":{"@id":"https:\/\/www.twinnyload.com\/de\/#\/schema\/logo\/image\/"}}]}},"jetpack_sharing_enabled":true,"_links":{"self":[{"href":"https:\/\/www.twinnyload.com\/de\/wp-json\/wp\/v2\/product\/12339","targetHints":{"allow":["GET"]}}],"collection":[{"href":"https:\/\/www.twinnyload.com\/de\/wp-json\/wp\/v2\/product"}],"about":[{"href":"https:\/\/www.twinnyload.com\/de\/wp-json\/wp\/v2\/types\/product"}],"replies":[{"embeddable":true,"href":"https:\/\/www.twinnyload.com\/de\/wp-json\/wp\/v2\/comments?post=12339"}],"wp:featuredmedia":[{"embeddable":true,"href":"https:\/\/www.twinnyload.com\/de\/wp-json\/wp\/v2\/media\/6889"}],"wp:attachment":[{"href":"https:\/\/www.twinnyload.com\/de\/wp-json\/wp\/v2\/media?parent=12339"}],"wp:term":[{"taxonomy":"product_brand","embeddable":true,"href":"https:\/\/www.twinnyload.com\/de\/wp-json\/wp\/v2\/product_brand?post=12339"},{"taxonomy":"product_cat","embeddable":true,"href":"https:\/\/www.twinnyload.com\/de\/wp-json\/wp\/v2\/product_cat?post=12339"},{"taxonomy":"product_tag","embeddable":true,"href":"https:\/\/www.twinnyload.com\/de\/wp-json\/wp\/v2\/product_tag?post=12339"}],"curies":[{"name":"wp","href":"https:\/\/api.w.org\/{rel}","templated":true}]}}