{"id":11795,"date":"2020-10-26T14:49:31","date_gmt":"2020-10-26T14:38:09","guid":{"rendered":"http:\/\/193.23.143.29\/~twinnyload\/product\/dachtraegersatz-twinny-aluminium-a18-semi-passform-fuer-fahrzeuge-ohne-dachreling\/"},"modified":"2020-10-26T15:38:10","modified_gmt":"2020-10-26T14:38:10","slug":"dachtraegersatz-twinny-load-aluminium-a18-semi-passform-fuer-fahrzeuge-ohne-dachreling","status":"publish","type":"product","link":"https:\/\/www.twinnyload.com\/de\/produkt\/dachtraegersatz-twinny-load-aluminium-a18-semi-passform-fuer-fahrzeuge-ohne-dachreling\/","title":{"rendered":"Dachtr\u00e4gersatz Twinny Load Aluminium A18 Semi-Passform (f\u00fcr Fahrzeuge ohne Dachreling)"},"content":{"rendered":"<p>Twinny Load Aluminium Dachtr\u00e4gersatz, mit T\u00dcV Genehmigung, f\u00fcr Fahrzeuge ohne Dachreling.<\/p>\n<p>Passend f\u00fcr:<br \/>\nAudi 80 Limousine 1986-1995<br \/>\nAudi 100 Limousine 1991-1994<br \/>\nAudi A3 3-t\u00fcrer 1996-2003<br \/>\nAudi A3 5-t\u00fcrer 1996-2003<br \/>\nAudi A3 Sportback 5-t\u00fcrer 2004-2012 ohne Dach-Schiene<br \/>\nAudi A6 Limousine 1997-2004<br \/>\nChevrolet \/ Daewoo Evanda Limousine 2000-2006<br \/>\nChevrolet \/ Daewoo Kalos 5-t\u00fcrer 2002-2007<br \/>\nChevrolet \/ Daewoo Nubira I Limousine 1997-2002<br \/>\nChevrolet \/ Daewoo Nubira I 5-t\u00fcrer 1997-2002<br \/>\nDaihatsu Sirion 5-t\u00fcrer 1998-2005<br \/>\nFiat Brava 1995-2001<br \/>\nFiat Marea Limousine 1996-2007<br \/>\nFiat Panda II 5-t\u00fcrer 2003-2012 ohne Dach-Schiene<br \/>\nFord Fiesta VI 5-t\u00fcrer 2008-2017<br \/>\nHonda Accord V &#8211; VI &#8211; VII Limousine 1995-2002<br \/>\nHonda Civic VII 5-t\u00fcrer 2001-2006<br \/>\nHyundai Accent II Limousine 2000-2005<br \/>\nHyundai Accent II 5-t\u00fcrer 2000-2005<br \/>\nKia Rio I 5-t\u00fcrer 2000-2005<br \/>\nKia Shuma Limousine 1998-2004<br \/>\nKia Shuma 5-t\u00fcrer 1998-2004<br \/>\nMercedes A-Klasse 5-t\u00fcrer 2001-2004 Langer Radstand<br \/>\nRover 75 1999-2005<br \/>\nRover 600 1993-1999<br \/>\nSeat Arosa 3-t\u00fcrer 1997-2004<br \/>\nSuzuki Alto V 5-t\u00fcrer 2002-2008<br \/>\nVolkswagen Lupo 3-t\u00fcrer 1998-2005<br \/>\nVolkswagen Passat 35i Limousine 1988-1997<br \/>\nVolkswagen Passat V Limousine 1997-2005<br \/>\nVolkswagen Passat V Variant SW 2000-2005 ohne Dach-Schiene<br \/>\nVolvo S40 I Limousine 1995-2004<br \/>\nVolvo V40 SW 1995-2004 ohne Dach-Schiene<\/p>\n<p>Spezifikationen:<br \/>\n&#8211; Fahrzeugspezifisch<br \/>\n&#8211; PKW Lastentr\u00e4gersatz aus Aluminium hergestellt<br \/>\n&#8211; Mit Diebstahlsicherung durch modernes Premium Schlo\u00df<br \/>\n&#8211; Nach den DIN 75302 und ISO 11154<br \/>\n&#8211; T\u00dcV-GS Gepr\u00fcft<br \/>\n&#8211; Schnelle und einfache Montage<br \/>\n&#8211; 2 Jahre Twinny Load-Garantie<\/p>\n","protected":false},"excerpt":{"rendered":"<p>Dachtr\u00e4gersatz Twinny Load Aluminium A18 Semi-Passform (f\u00fcr Fahrzeuge ohne Dachreling)<\/p>\n","protected":false},"featured_media":15243,"comment_status":"closed","ping_status":"closed","template":"","meta":{"_acf_changed":false,"_et_pb_use_builder":"","_et_pb_old_content":"","_et_gb_content_width":""},"product_brand":[],"product_cat":[193],"product_tag":[346,121],"class_list":{"0":"post-11795","1":"product","2":"type-product","3":"status-publish","4":"has-post-thumbnail","6":"product_cat-dachgepacktrager","7":"product_tag-dachgepacktrager","8":"product_tag-dakdragers","9":"pa_farbe-aluminium","10":"pa_kleur-aluminium-de-2","11":"pa_materiaal-aluminium-de","12":"pa_material-aluminium-de-2","14":"first","15":"instock","16":"taxable","17":"shipping-taxable","18":"purchasable","19":"product-type-simple"},"acf":[],"yoast_head":"<!-- This site is optimized with the Yoast SEO plugin v27.3 - https:\/\/yoast.com\/product\/yoast-seo-wordpress\/ -->\n<title>Dachtr\u00e4gersatz Twinny Load Aluminium A18 Semi-Passform (f\u00fcr Fahrzeuge ohne Dachreling) - TwinnyLoad<\/title>\n<meta name=\"robots\" content=\"index, follow, max-snippet:-1, max-image-preview:large, max-video-preview:-1\" \/>\n<link rel=\"canonical\" href=\"https:\/\/www.twinnyload.com\/de\/produkt\/dachtraegersatz-twinny-load-aluminium-a18-semi-passform-fuer-fahrzeuge-ohne-dachreling\/\" \/>\n<meta property=\"og:locale\" content=\"de_DE\" \/>\n<meta property=\"og:type\" content=\"article\" \/>\n<meta property=\"og:title\" content=\"Dachtr\u00e4gersatz Twinny Load Aluminium A18 Semi-Passform (f\u00fcr Fahrzeuge ohne Dachreling) - TwinnyLoad\" \/>\n<meta property=\"og:description\" content=\"Dachtr\u00e4gersatz Twinny Load Aluminium A18 Semi-Passform (f\u00fcr Fahrzeuge ohne Dachreling)\" \/>\n<meta property=\"og:url\" content=\"https:\/\/www.twinnyload.com\/de\/produkt\/dachtraegersatz-twinny-load-aluminium-a18-semi-passform-fuer-fahrzeuge-ohne-dachreling\/\" \/>\n<meta property=\"og:site_name\" content=\"TwinnyLoad\" \/>\n<meta property=\"article:modified_time\" content=\"2020-10-26T14:38:10+00:00\" \/>\n<meta property=\"og:image\" content=\"https:\/\/i0.wp.com\/www.twinnyload.com\/wp-content\/uploads\/2020\/08\/TL_A18_1.jpg?fit=800%2C800&ssl=1\" \/>\n\t<meta property=\"og:image:width\" content=\"800\" \/>\n\t<meta property=\"og:image:height\" content=\"800\" \/>\n\t<meta property=\"og:image:type\" content=\"image\/jpeg\" \/>\n<meta name=\"twitter:card\" content=\"summary_large_image\" \/>\n<meta name=\"twitter:label1\" content=\"Gesch\u00e4tzte Lesezeit\" \/>\n\t<meta name=\"twitter:data1\" content=\"1\u00a0Minute\" \/>\n<script type=\"application\/ld+json\" class=\"yoast-schema-graph\">{\"@context\":\"https:\\\/\\\/schema.org\",\"@graph\":[{\"@type\":\"WebPage\",\"@id\":\"https:\\\/\\\/www.twinnyload.com\\\/de\\\/produkt\\\/dachtraegersatz-twinny-load-aluminium-a18-semi-passform-fuer-fahrzeuge-ohne-dachreling\\\/\",\"url\":\"https:\\\/\\\/www.twinnyload.com\\\/de\\\/produkt\\\/dachtraegersatz-twinny-load-aluminium-a18-semi-passform-fuer-fahrzeuge-ohne-dachreling\\\/\",\"name\":\"Dachtr\u00e4gersatz Twinny Load Aluminium A18 Semi-Passform (f\u00fcr Fahrzeuge ohne Dachreling) - TwinnyLoad\",\"isPartOf\":{\"@id\":\"https:\\\/\\\/www.twinnyload.com\\\/de\\\/#website\"},\"primaryImageOfPage\":{\"@id\":\"https:\\\/\\\/www.twinnyload.com\\\/de\\\/produkt\\\/dachtraegersatz-twinny-load-aluminium-a18-semi-passform-fuer-fahrzeuge-ohne-dachreling\\\/#primaryimage\"},\"image\":{\"@id\":\"https:\\\/\\\/www.twinnyload.com\\\/de\\\/produkt\\\/dachtraegersatz-twinny-load-aluminium-a18-semi-passform-fuer-fahrzeuge-ohne-dachreling\\\/#primaryimage\"},\"thumbnailUrl\":\"https:\\\/\\\/i0.wp.com\\\/www.twinnyload.com\\\/wp-content\\\/uploads\\\/2020\\\/08\\\/TL_A18_1.jpg?fit=800%2C800&ssl=1\",\"datePublished\":\"2020-10-26T14:38:09+00:00\",\"dateModified\":\"2020-10-26T14:38:10+00:00\",\"breadcrumb\":{\"@id\":\"https:\\\/\\\/www.twinnyload.com\\\/de\\\/produkt\\\/dachtraegersatz-twinny-load-aluminium-a18-semi-passform-fuer-fahrzeuge-ohne-dachreling\\\/#breadcrumb\"},\"inLanguage\":\"de\",\"potentialAction\":[{\"@type\":\"ReadAction\",\"target\":[\"https:\\\/\\\/www.twinnyload.com\\\/de\\\/produkt\\\/dachtraegersatz-twinny-load-aluminium-a18-semi-passform-fuer-fahrzeuge-ohne-dachreling\\\/\"]}]},{\"@type\":\"ImageObject\",\"inLanguage\":\"de\",\"@id\":\"https:\\\/\\\/www.twinnyload.com\\\/de\\\/produkt\\\/dachtraegersatz-twinny-load-aluminium-a18-semi-passform-fuer-fahrzeuge-ohne-dachreling\\\/#primaryimage\",\"url\":\"https:\\\/\\\/i0.wp.com\\\/www.twinnyload.com\\\/wp-content\\\/uploads\\\/2020\\\/08\\\/TL_A18_1.jpg?fit=800%2C800&ssl=1\",\"contentUrl\":\"https:\\\/\\\/i0.wp.com\\\/www.twinnyload.com\\\/wp-content\\\/uploads\\\/2020\\\/08\\\/TL_A18_1.jpg?fit=800%2C800&ssl=1\",\"width\":800,\"height\":800},{\"@type\":\"BreadcrumbList\",\"@id\":\"https:\\\/\\\/www.twinnyload.com\\\/de\\\/produkt\\\/dachtraegersatz-twinny-load-aluminium-a18-semi-passform-fuer-fahrzeuge-ohne-dachreling\\\/#breadcrumb\",\"itemListElement\":[{\"@type\":\"ListItem\",\"position\":1,\"name\":\"Home\",\"item\":\"https:\\\/\\\/www.twinnyload.com\\\/de\\\/\"},{\"@type\":\"ListItem\",\"position\":2,\"name\":\"Shop\",\"item\":\"https:\\\/\\\/www.twinnyload.com\\\/de\\\/shop\\\/\"},{\"@type\":\"ListItem\",\"position\":3,\"name\":\"Dachtr\u00e4gersatz Twinny Load Aluminium A18 Semi-Passform (f\u00fcr Fahrzeuge ohne Dachreling)\"}]},{\"@type\":\"WebSite\",\"@id\":\"https:\\\/\\\/www.twinnyload.com\\\/de\\\/#website\",\"url\":\"https:\\\/\\\/www.twinnyload.com\\\/de\\\/\",\"name\":\"TwinnyLoad\",\"description\":\"fietsendragers en dakkoffers\",\"publisher\":{\"@id\":\"https:\\\/\\\/www.twinnyload.com\\\/de\\\/#organization\"},\"potentialAction\":[{\"@type\":\"SearchAction\",\"target\":{\"@type\":\"EntryPoint\",\"urlTemplate\":\"https:\\\/\\\/www.twinnyload.com\\\/de\\\/?s={search_term_string}\"},\"query-input\":{\"@type\":\"PropertyValueSpecification\",\"valueRequired\":true,\"valueName\":\"search_term_string\"}}],\"inLanguage\":\"de\"},{\"@type\":\"Organization\",\"@id\":\"https:\\\/\\\/www.twinnyload.com\\\/de\\\/#organization\",\"name\":\"Twinny Load\",\"url\":\"https:\\\/\\\/www.twinnyload.com\\\/de\\\/\",\"logo\":{\"@type\":\"ImageObject\",\"inLanguage\":\"de\",\"@id\":\"https:\\\/\\\/www.twinnyload.com\\\/de\\\/#\\\/schema\\\/logo\\\/image\\\/\",\"url\":\"https:\\\/\\\/i2.wp.com\\\/www.twinnyload.com\\\/wp-content\\\/uploads\\\/2020\\\/06\\\/Twinny-Load-logo-CMYK.png?fit=531%2C87&ssl=1\",\"contentUrl\":\"https:\\\/\\\/i2.wp.com\\\/www.twinnyload.com\\\/wp-content\\\/uploads\\\/2020\\\/06\\\/Twinny-Load-logo-CMYK.png?fit=531%2C87&ssl=1\",\"width\":531,\"height\":87,\"caption\":\"Twinny Load\"},\"image\":{\"@id\":\"https:\\\/\\\/www.twinnyload.com\\\/de\\\/#\\\/schema\\\/logo\\\/image\\\/\"}}]}<\/script>\n<!-- \/ Yoast SEO plugin. -->","yoast_head_json":{"title":"Dachtr\u00e4gersatz Twinny Load Aluminium A18 Semi-Passform (f\u00fcr Fahrzeuge ohne Dachreling) - TwinnyLoad","robots":{"index":"index","follow":"follow","max-snippet":"max-snippet:-1","max-image-preview":"max-image-preview:large","max-video-preview":"max-video-preview:-1"},"canonical":"https:\/\/www.twinnyload.com\/de\/produkt\/dachtraegersatz-twinny-load-aluminium-a18-semi-passform-fuer-fahrzeuge-ohne-dachreling\/","og_locale":"de_DE","og_type":"article","og_title":"Dachtr\u00e4gersatz Twinny Load Aluminium A18 Semi-Passform (f\u00fcr Fahrzeuge ohne Dachreling) - TwinnyLoad","og_description":"Dachtr\u00e4gersatz Twinny Load Aluminium A18 Semi-Passform (f\u00fcr Fahrzeuge ohne Dachreling)","og_url":"https:\/\/www.twinnyload.com\/de\/produkt\/dachtraegersatz-twinny-load-aluminium-a18-semi-passform-fuer-fahrzeuge-ohne-dachreling\/","og_site_name":"TwinnyLoad","article_modified_time":"2020-10-26T14:38:10+00:00","og_image":[{"width":800,"height":800,"url":"https:\/\/i0.wp.com\/www.twinnyload.com\/wp-content\/uploads\/2020\/08\/TL_A18_1.jpg?fit=800%2C800&ssl=1","type":"image\/jpeg"}],"twitter_card":"summary_large_image","twitter_misc":{"Gesch\u00e4tzte Lesezeit":"1\u00a0Minute"},"schema":{"@context":"https:\/\/schema.org","@graph":[{"@type":"WebPage","@id":"https:\/\/www.twinnyload.com\/de\/produkt\/dachtraegersatz-twinny-load-aluminium-a18-semi-passform-fuer-fahrzeuge-ohne-dachreling\/","url":"https:\/\/www.twinnyload.com\/de\/produkt\/dachtraegersatz-twinny-load-aluminium-a18-semi-passform-fuer-fahrzeuge-ohne-dachreling\/","name":"Dachtr\u00e4gersatz Twinny Load Aluminium A18 Semi-Passform (f\u00fcr Fahrzeuge ohne Dachreling) - TwinnyLoad","isPartOf":{"@id":"https:\/\/www.twinnyload.com\/de\/#website"},"primaryImageOfPage":{"@id":"https:\/\/www.twinnyload.com\/de\/produkt\/dachtraegersatz-twinny-load-aluminium-a18-semi-passform-fuer-fahrzeuge-ohne-dachreling\/#primaryimage"},"image":{"@id":"https:\/\/www.twinnyload.com\/de\/produkt\/dachtraegersatz-twinny-load-aluminium-a18-semi-passform-fuer-fahrzeuge-ohne-dachreling\/#primaryimage"},"thumbnailUrl":"https:\/\/i0.wp.com\/www.twinnyload.com\/wp-content\/uploads\/2020\/08\/TL_A18_1.jpg?fit=800%2C800&ssl=1","datePublished":"2020-10-26T14:38:09+00:00","dateModified":"2020-10-26T14:38:10+00:00","breadcrumb":{"@id":"https:\/\/www.twinnyload.com\/de\/produkt\/dachtraegersatz-twinny-load-aluminium-a18-semi-passform-fuer-fahrzeuge-ohne-dachreling\/#breadcrumb"},"inLanguage":"de","potentialAction":[{"@type":"ReadAction","target":["https:\/\/www.twinnyload.com\/de\/produkt\/dachtraegersatz-twinny-load-aluminium-a18-semi-passform-fuer-fahrzeuge-ohne-dachreling\/"]}]},{"@type":"ImageObject","inLanguage":"de","@id":"https:\/\/www.twinnyload.com\/de\/produkt\/dachtraegersatz-twinny-load-aluminium-a18-semi-passform-fuer-fahrzeuge-ohne-dachreling\/#primaryimage","url":"https:\/\/i0.wp.com\/www.twinnyload.com\/wp-content\/uploads\/2020\/08\/TL_A18_1.jpg?fit=800%2C800&ssl=1","contentUrl":"https:\/\/i0.wp.com\/www.twinnyload.com\/wp-content\/uploads\/2020\/08\/TL_A18_1.jpg?fit=800%2C800&ssl=1","width":800,"height":800},{"@type":"BreadcrumbList","@id":"https:\/\/www.twinnyload.com\/de\/produkt\/dachtraegersatz-twinny-load-aluminium-a18-semi-passform-fuer-fahrzeuge-ohne-dachreling\/#breadcrumb","itemListElement":[{"@type":"ListItem","position":1,"name":"Home","item":"https:\/\/www.twinnyload.com\/de\/"},{"@type":"ListItem","position":2,"name":"Shop","item":"https:\/\/www.twinnyload.com\/de\/shop\/"},{"@type":"ListItem","position":3,"name":"Dachtr\u00e4gersatz Twinny Load Aluminium A18 Semi-Passform (f\u00fcr Fahrzeuge ohne Dachreling)"}]},{"@type":"WebSite","@id":"https:\/\/www.twinnyload.com\/de\/#website","url":"https:\/\/www.twinnyload.com\/de\/","name":"TwinnyLoad","description":"fietsendragers en dakkoffers","publisher":{"@id":"https:\/\/www.twinnyload.com\/de\/#organization"},"potentialAction":[{"@type":"SearchAction","target":{"@type":"EntryPoint","urlTemplate":"https:\/\/www.twinnyload.com\/de\/?s={search_term_string}"},"query-input":{"@type":"PropertyValueSpecification","valueRequired":true,"valueName":"search_term_string"}}],"inLanguage":"de"},{"@type":"Organization","@id":"https:\/\/www.twinnyload.com\/de\/#organization","name":"Twinny Load","url":"https:\/\/www.twinnyload.com\/de\/","logo":{"@type":"ImageObject","inLanguage":"de","@id":"https:\/\/www.twinnyload.com\/de\/#\/schema\/logo\/image\/","url":"https:\/\/i2.wp.com\/www.twinnyload.com\/wp-content\/uploads\/2020\/06\/Twinny-Load-logo-CMYK.png?fit=531%2C87&ssl=1","contentUrl":"https:\/\/i2.wp.com\/www.twinnyload.com\/wp-content\/uploads\/2020\/06\/Twinny-Load-logo-CMYK.png?fit=531%2C87&ssl=1","width":531,"height":87,"caption":"Twinny Load"},"image":{"@id":"https:\/\/www.twinnyload.com\/de\/#\/schema\/logo\/image\/"}}]}},"jetpack_sharing_enabled":true,"_links":{"self":[{"href":"https:\/\/www.twinnyload.com\/de\/wp-json\/wp\/v2\/product\/11795","targetHints":{"allow":["GET"]}}],"collection":[{"href":"https:\/\/www.twinnyload.com\/de\/wp-json\/wp\/v2\/product"}],"about":[{"href":"https:\/\/www.twinnyload.com\/de\/wp-json\/wp\/v2\/types\/product"}],"replies":[{"embeddable":true,"href":"https:\/\/www.twinnyload.com\/de\/wp-json\/wp\/v2\/comments?post=11795"}],"wp:featuredmedia":[{"embeddable":true,"href":"https:\/\/www.twinnyload.com\/de\/wp-json\/wp\/v2\/media\/15243"}],"wp:attachment":[{"href":"https:\/\/www.twinnyload.com\/de\/wp-json\/wp\/v2\/media?parent=11795"}],"wp:term":[{"taxonomy":"product_brand","embeddable":true,"href":"https:\/\/www.twinnyload.com\/de\/wp-json\/wp\/v2\/product_brand?post=11795"},{"taxonomy":"product_cat","embeddable":true,"href":"https:\/\/www.twinnyload.com\/de\/wp-json\/wp\/v2\/product_cat?post=11795"},{"taxonomy":"product_tag","embeddable":true,"href":"https:\/\/www.twinnyload.com\/de\/wp-json\/wp\/v2\/product_tag?post=11795"}],"curies":[{"name":"wp","href":"https:\/\/api.w.org\/{rel}","templated":true}]}}