{"id":11684,"date":"2020-10-26T14:43:45","date_gmt":"2020-10-26T14:36:20","guid":{"rendered":"http:\/\/193.23.143.29\/~twinnyload\/product\/twinnyload-dachkoffer-rst-530-liter-matt-anthrazit-201x90x40cm\/"},"modified":"2020-10-26T15:36:25","modified_gmt":"2020-10-26T14:36:25","slug":"twinny-load-dachkoffer-rst-530-liter-matt-anthrazit-201x90x40cm","status":"publish","type":"product","link":"https:\/\/www.twinnyload.com\/de\/produkt\/twinny-load-dachkoffer-rst-530-liter-matt-anthrazit-201x90x40cm\/","title":{"rendered":"Twinny Load Dachkoffer RST+ 530 Liter Matt-Anthrazit 201x90x40cm"},"content":{"rendered":"<p>Twinny Load Dachkoffer RST+ 530 Liter Matt-Anthrazit &#8211; 201x90x40cm &#8211; mit Schnellmontage-System<\/p>\n<p>Inhalt: 530 L<br \/>\nL\u00e4nge in cm: 201 cm<\/p>\n<p>Mit einem Inhalt von 530 Litern und einer Maximalbelastung von 75 Kilogramm liefert die RST+ 530 Topleistungen und geh\u00f6rt damit zum oberen Marktsegment.<\/p>\n<p>Die aerodynamische Formgebung der Twinny Load Dachbox resultiert im perfekten Reisegef\u00e4hrten mit geringem Einfluss auf den Kraftstoffverbrauch. Die hochwertige Verarbeitung bestehend aus Kratz- und UV-Schutz ist das i-T\u00fcpfelchen der Twinny Load Dachbox.<\/p>\n<p>Die Twinny Load Dachbox RST+ 530 kombiniert Qualit\u00e4t mit Funktionalit\u00e4t und ist daher die perfekte Investition f\u00fcr jeden Endverbraucher!<\/p>\n<p>Spezifikationen:<br \/>\nInhalt: 530 Liter<br \/>\nMax Ladegewicht: 75 Kg<br \/>\nSpanngurt: 2<br \/>\nBefestigung: Schnellmontage bis zu 85mm Tr\u00e4gerbreite<br \/>\n\u00d6ffnung: Rechterseite<br \/>\nAbschlie\u00dfbar: 3 Punkt Zentralverriegelung<br \/>\nPr\u00fcfungen: CityCrash, ISO 11154, TUV\/GS<br \/>\nL\u00e4nge in cm: 201<br \/>\nBreite in cm: 90<br \/>\nH\u00f6he in cm: 40<br \/>\nGewicht: 16,5 Kg<br \/>\nMaterial:ABS + PMMA<br \/>\nFarbe: Matt-Anthrazit\/Schwarz<\/p>\n","protected":false},"excerpt":{"rendered":"<p>Twinny Load Dachkoffer RST+ 530 Liter Matt-Anthrazit 201x90x40cm<\/p>\n","protected":false},"featured_media":14831,"comment_status":"closed","ping_status":"closed","template":"","meta":{"_acf_changed":false,"_et_pb_use_builder":"","_et_pb_old_content":"","_et_gb_content_width":""},"product_brand":[],"product_cat":[212],"product_tag":[],"class_list":{"0":"post-11684","1":"product","2":"type-product","3":"status-publish","4":"has-post-thumbnail","6":"product_cat-dachboxen","7":"pa_farbe-grau","8":"pa_farbe-matt-schwarz","9":"pa_material-abs-de-2","11":"first","12":"instock","13":"taxable","14":"shipping-taxable","15":"purchasable","16":"product-type-simple"},"acf":[],"yoast_head":"<!-- This site is optimized with the Yoast SEO plugin v27.5 - https:\/\/yoast.com\/product\/yoast-seo-wordpress\/ -->\n<title>Twinny Load Dachkoffer RST+ 530 Liter Matt-Anthrazit 201x90x40cm - TwinnyLoad<\/title>\n<meta name=\"robots\" content=\"index, follow, max-snippet:-1, max-image-preview:large, max-video-preview:-1\" \/>\n<link rel=\"canonical\" href=\"https:\/\/www.twinnyload.com\/de\/produkt\/twinny-load-dachkoffer-rst-530-liter-matt-anthrazit-201x90x40cm\/\" \/>\n<meta property=\"og:locale\" content=\"de_DE\" \/>\n<meta property=\"og:type\" content=\"article\" \/>\n<meta property=\"og:title\" content=\"Twinny Load Dachkoffer RST+ 530 Liter Matt-Anthrazit 201x90x40cm - TwinnyLoad\" \/>\n<meta property=\"og:description\" content=\"Twinny Load Dachkoffer RST+ 530 Liter Matt-Anthrazit 201x90x40cm\" \/>\n<meta property=\"og:url\" content=\"https:\/\/www.twinnyload.com\/de\/produkt\/twinny-load-dachkoffer-rst-530-liter-matt-anthrazit-201x90x40cm\/\" \/>\n<meta property=\"og:site_name\" content=\"TwinnyLoad\" \/>\n<meta property=\"article:modified_time\" content=\"2020-10-26T14:36:25+00:00\" \/>\n<meta property=\"og:image\" content=\"https:\/\/i0.wp.com\/www.twinnyload.com\/wp-content\/uploads\/2020\/08\/TL_627915044_1.jpg?fit=800%2C800&ssl=1\" \/>\n\t<meta property=\"og:image:width\" content=\"800\" \/>\n\t<meta property=\"og:image:height\" content=\"800\" \/>\n\t<meta property=\"og:image:type\" content=\"image\/jpeg\" \/>\n<meta name=\"twitter:card\" content=\"summary_large_image\" \/>\n<meta name=\"twitter:label1\" content=\"Gesch\u00e4tzte Lesezeit\" \/>\n\t<meta name=\"twitter:data1\" content=\"1\u00a0Minute\" \/>\n<script type=\"application\/ld+json\" class=\"yoast-schema-graph\">{\"@context\":\"https:\\\/\\\/schema.org\",\"@graph\":[{\"@type\":\"WebPage\",\"@id\":\"https:\\\/\\\/www.twinnyload.com\\\/de\\\/produkt\\\/twinny-load-dachkoffer-rst-530-liter-matt-anthrazit-201x90x40cm\\\/\",\"url\":\"https:\\\/\\\/www.twinnyload.com\\\/de\\\/produkt\\\/twinny-load-dachkoffer-rst-530-liter-matt-anthrazit-201x90x40cm\\\/\",\"name\":\"Twinny Load Dachkoffer RST+ 530 Liter Matt-Anthrazit 201x90x40cm - TwinnyLoad\",\"isPartOf\":{\"@id\":\"https:\\\/\\\/www.twinnyload.com\\\/de\\\/#website\"},\"primaryImageOfPage\":{\"@id\":\"https:\\\/\\\/www.twinnyload.com\\\/de\\\/produkt\\\/twinny-load-dachkoffer-rst-530-liter-matt-anthrazit-201x90x40cm\\\/#primaryimage\"},\"image\":{\"@id\":\"https:\\\/\\\/www.twinnyload.com\\\/de\\\/produkt\\\/twinny-load-dachkoffer-rst-530-liter-matt-anthrazit-201x90x40cm\\\/#primaryimage\"},\"thumbnailUrl\":\"https:\\\/\\\/i0.wp.com\\\/www.twinnyload.com\\\/wp-content\\\/uploads\\\/2020\\\/08\\\/TL_627915044_1.jpg?fit=800%2C800&ssl=1\",\"datePublished\":\"2020-10-26T14:36:20+00:00\",\"dateModified\":\"2020-10-26T14:36:25+00:00\",\"breadcrumb\":{\"@id\":\"https:\\\/\\\/www.twinnyload.com\\\/de\\\/produkt\\\/twinny-load-dachkoffer-rst-530-liter-matt-anthrazit-201x90x40cm\\\/#breadcrumb\"},\"inLanguage\":\"de\",\"potentialAction\":[{\"@type\":\"ReadAction\",\"target\":[\"https:\\\/\\\/www.twinnyload.com\\\/de\\\/produkt\\\/twinny-load-dachkoffer-rst-530-liter-matt-anthrazit-201x90x40cm\\\/\"]}]},{\"@type\":\"ImageObject\",\"inLanguage\":\"de\",\"@id\":\"https:\\\/\\\/www.twinnyload.com\\\/de\\\/produkt\\\/twinny-load-dachkoffer-rst-530-liter-matt-anthrazit-201x90x40cm\\\/#primaryimage\",\"url\":\"https:\\\/\\\/i0.wp.com\\\/www.twinnyload.com\\\/wp-content\\\/uploads\\\/2020\\\/08\\\/TL_627915044_1.jpg?fit=800%2C800&ssl=1\",\"contentUrl\":\"https:\\\/\\\/i0.wp.com\\\/www.twinnyload.com\\\/wp-content\\\/uploads\\\/2020\\\/08\\\/TL_627915044_1.jpg?fit=800%2C800&ssl=1\",\"width\":800,\"height\":800},{\"@type\":\"BreadcrumbList\",\"@id\":\"https:\\\/\\\/www.twinnyload.com\\\/de\\\/produkt\\\/twinny-load-dachkoffer-rst-530-liter-matt-anthrazit-201x90x40cm\\\/#breadcrumb\",\"itemListElement\":[{\"@type\":\"ListItem\",\"position\":1,\"name\":\"Home\",\"item\":\"https:\\\/\\\/www.twinnyload.com\\\/de\\\/\"},{\"@type\":\"ListItem\",\"position\":2,\"name\":\"Shop\",\"item\":\"https:\\\/\\\/www.twinnyload.com\\\/de\\\/shop\\\/\"},{\"@type\":\"ListItem\",\"position\":3,\"name\":\"Twinny Load Dachkoffer RST+ 530 Liter Matt-Anthrazit 201x90x40cm\"}]},{\"@type\":\"WebSite\",\"@id\":\"https:\\\/\\\/www.twinnyload.com\\\/de\\\/#website\",\"url\":\"https:\\\/\\\/www.twinnyload.com\\\/de\\\/\",\"name\":\"TwinnyLoad\",\"description\":\"fietsendragers en dakkoffers\",\"publisher\":{\"@id\":\"https:\\\/\\\/www.twinnyload.com\\\/de\\\/#organization\"},\"potentialAction\":[{\"@type\":\"SearchAction\",\"target\":{\"@type\":\"EntryPoint\",\"urlTemplate\":\"https:\\\/\\\/www.twinnyload.com\\\/de\\\/?s={search_term_string}\"},\"query-input\":{\"@type\":\"PropertyValueSpecification\",\"valueRequired\":true,\"valueName\":\"search_term_string\"}}],\"inLanguage\":\"de\"},{\"@type\":\"Organization\",\"@id\":\"https:\\\/\\\/www.twinnyload.com\\\/de\\\/#organization\",\"name\":\"Twinny Load\",\"url\":\"https:\\\/\\\/www.twinnyload.com\\\/de\\\/\",\"logo\":{\"@type\":\"ImageObject\",\"inLanguage\":\"de\",\"@id\":\"https:\\\/\\\/www.twinnyload.com\\\/de\\\/#\\\/schema\\\/logo\\\/image\\\/\",\"url\":\"https:\\\/\\\/i2.wp.com\\\/www.twinnyload.com\\\/wp-content\\\/uploads\\\/2020\\\/06\\\/Twinny-Load-logo-CMYK.png?fit=531%2C87&ssl=1\",\"contentUrl\":\"https:\\\/\\\/i2.wp.com\\\/www.twinnyload.com\\\/wp-content\\\/uploads\\\/2020\\\/06\\\/Twinny-Load-logo-CMYK.png?fit=531%2C87&ssl=1\",\"width\":531,\"height\":87,\"caption\":\"Twinny Load\"},\"image\":{\"@id\":\"https:\\\/\\\/www.twinnyload.com\\\/de\\\/#\\\/schema\\\/logo\\\/image\\\/\"}}]}<\/script>\n<!-- \/ Yoast SEO plugin. -->","yoast_head_json":{"title":"Twinny Load Dachkoffer RST+ 530 Liter Matt-Anthrazit 201x90x40cm - TwinnyLoad","robots":{"index":"index","follow":"follow","max-snippet":"max-snippet:-1","max-image-preview":"max-image-preview:large","max-video-preview":"max-video-preview:-1"},"canonical":"https:\/\/www.twinnyload.com\/de\/produkt\/twinny-load-dachkoffer-rst-530-liter-matt-anthrazit-201x90x40cm\/","og_locale":"de_DE","og_type":"article","og_title":"Twinny Load Dachkoffer RST+ 530 Liter Matt-Anthrazit 201x90x40cm - TwinnyLoad","og_description":"Twinny Load Dachkoffer RST+ 530 Liter Matt-Anthrazit 201x90x40cm","og_url":"https:\/\/www.twinnyload.com\/de\/produkt\/twinny-load-dachkoffer-rst-530-liter-matt-anthrazit-201x90x40cm\/","og_site_name":"TwinnyLoad","article_modified_time":"2020-10-26T14:36:25+00:00","og_image":[{"width":800,"height":800,"url":"https:\/\/i0.wp.com\/www.twinnyload.com\/wp-content\/uploads\/2020\/08\/TL_627915044_1.jpg?fit=800%2C800&ssl=1","type":"image\/jpeg"}],"twitter_card":"summary_large_image","twitter_misc":{"Gesch\u00e4tzte Lesezeit":"1\u00a0Minute"},"schema":{"@context":"https:\/\/schema.org","@graph":[{"@type":"WebPage","@id":"https:\/\/www.twinnyload.com\/de\/produkt\/twinny-load-dachkoffer-rst-530-liter-matt-anthrazit-201x90x40cm\/","url":"https:\/\/www.twinnyload.com\/de\/produkt\/twinny-load-dachkoffer-rst-530-liter-matt-anthrazit-201x90x40cm\/","name":"Twinny Load Dachkoffer RST+ 530 Liter Matt-Anthrazit 201x90x40cm - TwinnyLoad","isPartOf":{"@id":"https:\/\/www.twinnyload.com\/de\/#website"},"primaryImageOfPage":{"@id":"https:\/\/www.twinnyload.com\/de\/produkt\/twinny-load-dachkoffer-rst-530-liter-matt-anthrazit-201x90x40cm\/#primaryimage"},"image":{"@id":"https:\/\/www.twinnyload.com\/de\/produkt\/twinny-load-dachkoffer-rst-530-liter-matt-anthrazit-201x90x40cm\/#primaryimage"},"thumbnailUrl":"https:\/\/i0.wp.com\/www.twinnyload.com\/wp-content\/uploads\/2020\/08\/TL_627915044_1.jpg?fit=800%2C800&ssl=1","datePublished":"2020-10-26T14:36:20+00:00","dateModified":"2020-10-26T14:36:25+00:00","breadcrumb":{"@id":"https:\/\/www.twinnyload.com\/de\/produkt\/twinny-load-dachkoffer-rst-530-liter-matt-anthrazit-201x90x40cm\/#breadcrumb"},"inLanguage":"de","potentialAction":[{"@type":"ReadAction","target":["https:\/\/www.twinnyload.com\/de\/produkt\/twinny-load-dachkoffer-rst-530-liter-matt-anthrazit-201x90x40cm\/"]}]},{"@type":"ImageObject","inLanguage":"de","@id":"https:\/\/www.twinnyload.com\/de\/produkt\/twinny-load-dachkoffer-rst-530-liter-matt-anthrazit-201x90x40cm\/#primaryimage","url":"https:\/\/i0.wp.com\/www.twinnyload.com\/wp-content\/uploads\/2020\/08\/TL_627915044_1.jpg?fit=800%2C800&ssl=1","contentUrl":"https:\/\/i0.wp.com\/www.twinnyload.com\/wp-content\/uploads\/2020\/08\/TL_627915044_1.jpg?fit=800%2C800&ssl=1","width":800,"height":800},{"@type":"BreadcrumbList","@id":"https:\/\/www.twinnyload.com\/de\/produkt\/twinny-load-dachkoffer-rst-530-liter-matt-anthrazit-201x90x40cm\/#breadcrumb","itemListElement":[{"@type":"ListItem","position":1,"name":"Home","item":"https:\/\/www.twinnyload.com\/de\/"},{"@type":"ListItem","position":2,"name":"Shop","item":"https:\/\/www.twinnyload.com\/de\/shop\/"},{"@type":"ListItem","position":3,"name":"Twinny Load Dachkoffer RST+ 530 Liter Matt-Anthrazit 201x90x40cm"}]},{"@type":"WebSite","@id":"https:\/\/www.twinnyload.com\/de\/#website","url":"https:\/\/www.twinnyload.com\/de\/","name":"TwinnyLoad","description":"fietsendragers en dakkoffers","publisher":{"@id":"https:\/\/www.twinnyload.com\/de\/#organization"},"potentialAction":[{"@type":"SearchAction","target":{"@type":"EntryPoint","urlTemplate":"https:\/\/www.twinnyload.com\/de\/?s={search_term_string}"},"query-input":{"@type":"PropertyValueSpecification","valueRequired":true,"valueName":"search_term_string"}}],"inLanguage":"de"},{"@type":"Organization","@id":"https:\/\/www.twinnyload.com\/de\/#organization","name":"Twinny Load","url":"https:\/\/www.twinnyload.com\/de\/","logo":{"@type":"ImageObject","inLanguage":"de","@id":"https:\/\/www.twinnyload.com\/de\/#\/schema\/logo\/image\/","url":"https:\/\/i2.wp.com\/www.twinnyload.com\/wp-content\/uploads\/2020\/06\/Twinny-Load-logo-CMYK.png?fit=531%2C87&ssl=1","contentUrl":"https:\/\/i2.wp.com\/www.twinnyload.com\/wp-content\/uploads\/2020\/06\/Twinny-Load-logo-CMYK.png?fit=531%2C87&ssl=1","width":531,"height":87,"caption":"Twinny Load"},"image":{"@id":"https:\/\/www.twinnyload.com\/de\/#\/schema\/logo\/image\/"}}]}},"jetpack_sharing_enabled":true,"_links":{"self":[{"href":"https:\/\/www.twinnyload.com\/de\/wp-json\/wp\/v2\/product\/11684","targetHints":{"allow":["GET"]}}],"collection":[{"href":"https:\/\/www.twinnyload.com\/de\/wp-json\/wp\/v2\/product"}],"about":[{"href":"https:\/\/www.twinnyload.com\/de\/wp-json\/wp\/v2\/types\/product"}],"replies":[{"embeddable":true,"href":"https:\/\/www.twinnyload.com\/de\/wp-json\/wp\/v2\/comments?post=11684"}],"wp:featuredmedia":[{"embeddable":true,"href":"https:\/\/www.twinnyload.com\/de\/wp-json\/wp\/v2\/media\/14831"}],"wp:attachment":[{"href":"https:\/\/www.twinnyload.com\/de\/wp-json\/wp\/v2\/media?parent=11684"}],"wp:term":[{"taxonomy":"product_brand","embeddable":true,"href":"https:\/\/www.twinnyload.com\/de\/wp-json\/wp\/v2\/product_brand?post=11684"},{"taxonomy":"product_cat","embeddable":true,"href":"https:\/\/www.twinnyload.com\/de\/wp-json\/wp\/v2\/product_cat?post=11684"},{"taxonomy":"product_tag","embeddable":true,"href":"https:\/\/www.twinnyload.com\/de\/wp-json\/wp\/v2\/product_tag?post=11684"}],"curies":[{"name":"wp","href":"https:\/\/api.w.org\/{rel}","templated":true}]}}