{"id":11664,"date":"2020-10-26T14:42:42","date_gmt":"2020-10-26T14:36:01","guid":{"rendered":"http:\/\/193.23.143.29\/~twinnyload\/product\/twinnyload-fahrradtraeger-easy-schere-kupplung-30kg\/"},"modified":"2021-03-07T16:31:49","modified_gmt":"2021-03-07T15:31:49","slug":"twinny-load-fahrradtraeger-easy-schere-kupplung-30kg","status":"publish","type":"product","link":"https:\/\/www.twinnyload.com\/de\/produkt\/twinny-load-fahrradtraeger-easy-schere-kupplung-30kg\/","title":{"rendered":"Twinny Load Fahrradtr\u00e4ger Easy (Schere-Kupplung) ->30kg"},"content":{"rendered":"<p>Twinny Load Easy<br \/>\nDieser zusammenklappbare Fahrradtr\u00e4ger ist f\u00fcr zwei Fahrr\u00e4der geeignet und durch einen einfachen Klick auf den Kugelkopf der Anh\u00e4ngerkupplung anzubringen. Der Tr\u00e4ger kann mit Hilfe eines Schlosses an der Anh\u00e4ngerkupplung verriegelt werden. Der Rahmen des Fahrradtr\u00e4gers ist mit einer Schaumschicht versehen, sodass der Rahmen des Fahrrads gesch\u00fctzt wird. Zusammengeklappt ist dieser Fahrradtr\u00e4ger kompakt und einfach zu verstauen.<\/p>\n<p>F\u00fcr transportieren von ein Damenrad wollen wir Sie Verweisen nach punkt 5 auf Seite 5 in der Anleitung. Wann es unerwartet nicht passt denn ben\u00f6tigen Sie das Zubeh\u00f6rteil TL 629922742<\/p>\n<p>Twinny Load<br \/>\nWe like your bike!<\/p>\n<p>Mit Twinny Load soliden Fahrradtr\u00e4gern auf ihrem Auto, haben Sie ihr Fahrrad immer zur Hand, egal ob aus praktischen \u00dcberlegungen oder um eine sch\u00f6ne Fahrradtour zu veranstalten. Twinny Load bietet viele verschiedene Modelle, somit hat Twinny Load auch f\u00fcr Sie den geeigneten Fahrradtr\u00e4ger zur Verf\u00fcgung. Twinny Load Fahrradtr\u00e4ger stimmen mit der entsprechenden europ\u00e4ischen Richtlinie \u00fcberein und sind einfach in der Handhabung. Die Fahrradtr\u00e4ger werden in 1 Paket verpackt geliefert. Daneben bietet Twinny Load auch verschiedene Accessoires und Ersatzteile wie z.B. Adapter, Lichtleisten, Wohnwagen-Zubeh\u00f6r oder Rampen an. Transportieren Sie ihr Fahrrad sicher, stabil und einfach.<\/p>\n<p>Twinny Load Easy<br \/>\nDieser zusammenklappbare Fahrradtr\u00e4ger ist f\u00fcr zwei Fahrr\u00e4der geeignet und durch einen einfachen Klick auf den Kugelkopf der Anh\u00e4ngerkupplung anzubringen. Der Tr\u00e4ger kann mit Hilfe eines Schlosses an der Anh\u00e4ngerkupplung verriegelt werden. Der Rahmen des Fahrradtr\u00e4gers ist mit einer Schaumschicht versehen, sodass der Rahmen des Fahrrads gesch\u00fctzt wird. Zusammengeklappt ist dieser Fahrradtr\u00e4ger kompakt und einfach zu verstauen.<\/p>\n","protected":false},"excerpt":{"rendered":"<p>Twinny Load Fahrradtr\u00e4ger Easy (Schere-Kupplung) ->30kg<\/p>\n","protected":false},"featured_media":9381,"comment_status":"closed","ping_status":"closed","template":"","meta":{"_acf_changed":false,"_et_pb_use_builder":"","_et_pb_old_content":"","_et_gb_content_width":""},"product_brand":[],"product_cat":[189],"product_tag":[335],"class_list":{"0":"post-11664","1":"product","2":"type-product","3":"status-publish","4":"has-post-thumbnail","6":"product_cat-fahrradtrager","7":"product_tag-fahrradtrager","8":"pa_farbe-schwarz","9":"pa_kleur-zwart-de","10":"pa_materiaal-kunststof-de","11":"pa_material-kunststoff","13":"first","14":"instock","15":"taxable","16":"shipping-taxable","17":"purchasable","18":"product-type-simple"},"acf":[],"yoast_head":"<!-- This site is optimized with the Yoast SEO plugin v27.5 - https:\/\/yoast.com\/product\/yoast-seo-wordpress\/ -->\n<title>Twinny Load Fahrradtr\u00e4ger Easy (Schere-Kupplung) -&gt;30kg - TwinnyLoad<\/title>\n<meta name=\"robots\" content=\"index, follow, max-snippet:-1, max-image-preview:large, max-video-preview:-1\" \/>\n<link rel=\"canonical\" href=\"https:\/\/www.twinnyload.com\/de\/produkt\/twinny-load-fahrradtraeger-easy-schere-kupplung-30kg\/\" \/>\n<meta property=\"og:locale\" content=\"de_DE\" \/>\n<meta property=\"og:type\" content=\"article\" \/>\n<meta property=\"og:title\" content=\"Twinny Load Fahrradtr\u00e4ger Easy (Schere-Kupplung) -&gt;30kg - TwinnyLoad\" \/>\n<meta property=\"og:description\" content=\"Twinny Load Fahrradtr\u00e4ger Easy (Schere-Kupplung) -&gt;30kg\" \/>\n<meta property=\"og:url\" content=\"https:\/\/www.twinnyload.com\/de\/produkt\/twinny-load-fahrradtraeger-easy-schere-kupplung-30kg\/\" \/>\n<meta property=\"og:site_name\" content=\"TwinnyLoad\" \/>\n<meta property=\"article:modified_time\" content=\"2021-03-07T15:31:49+00:00\" \/>\n<meta property=\"og:image\" content=\"https:\/\/i1.wp.com\/www.twinnyload.com\/wp-content\/uploads\/2020\/02\/TL_627913020_1.jpg?fit=800%2C800&ssl=1\" \/>\n\t<meta property=\"og:image:width\" content=\"800\" \/>\n\t<meta property=\"og:image:height\" content=\"800\" \/>\n\t<meta property=\"og:image:type\" content=\"image\/jpeg\" \/>\n<meta name=\"twitter:card\" content=\"summary_large_image\" \/>\n<meta name=\"twitter:label1\" content=\"Gesch\u00e4tzte Lesezeit\" \/>\n\t<meta name=\"twitter:data1\" content=\"1\u00a0Minute\" \/>\n<script type=\"application\/ld+json\" class=\"yoast-schema-graph\">{\"@context\":\"https:\\\/\\\/schema.org\",\"@graph\":[{\"@type\":\"WebPage\",\"@id\":\"https:\\\/\\\/www.twinnyload.com\\\/de\\\/produkt\\\/twinny-load-fahrradtraeger-easy-schere-kupplung-30kg\\\/\",\"url\":\"https:\\\/\\\/www.twinnyload.com\\\/de\\\/produkt\\\/twinny-load-fahrradtraeger-easy-schere-kupplung-30kg\\\/\",\"name\":\"Twinny Load Fahrradtr\u00e4ger Easy (Schere-Kupplung) ->30kg - TwinnyLoad\",\"isPartOf\":{\"@id\":\"https:\\\/\\\/www.twinnyload.com\\\/de\\\/#website\"},\"primaryImageOfPage\":{\"@id\":\"https:\\\/\\\/www.twinnyload.com\\\/de\\\/produkt\\\/twinny-load-fahrradtraeger-easy-schere-kupplung-30kg\\\/#primaryimage\"},\"image\":{\"@id\":\"https:\\\/\\\/www.twinnyload.com\\\/de\\\/produkt\\\/twinny-load-fahrradtraeger-easy-schere-kupplung-30kg\\\/#primaryimage\"},\"thumbnailUrl\":\"https:\\\/\\\/i0.wp.com\\\/www.twinnyload.com\\\/wp-content\\\/uploads\\\/2020\\\/02\\\/TL_627913020_1.jpg?fit=800%2C800&ssl=1\",\"datePublished\":\"2020-10-26T14:36:01+00:00\",\"dateModified\":\"2021-03-07T15:31:49+00:00\",\"breadcrumb\":{\"@id\":\"https:\\\/\\\/www.twinnyload.com\\\/de\\\/produkt\\\/twinny-load-fahrradtraeger-easy-schere-kupplung-30kg\\\/#breadcrumb\"},\"inLanguage\":\"de\",\"potentialAction\":[{\"@type\":\"ReadAction\",\"target\":[\"https:\\\/\\\/www.twinnyload.com\\\/de\\\/produkt\\\/twinny-load-fahrradtraeger-easy-schere-kupplung-30kg\\\/\"]}]},{\"@type\":\"ImageObject\",\"inLanguage\":\"de\",\"@id\":\"https:\\\/\\\/www.twinnyload.com\\\/de\\\/produkt\\\/twinny-load-fahrradtraeger-easy-schere-kupplung-30kg\\\/#primaryimage\",\"url\":\"https:\\\/\\\/i0.wp.com\\\/www.twinnyload.com\\\/wp-content\\\/uploads\\\/2020\\\/02\\\/TL_627913020_1.jpg?fit=800%2C800&ssl=1\",\"contentUrl\":\"https:\\\/\\\/i0.wp.com\\\/www.twinnyload.com\\\/wp-content\\\/uploads\\\/2020\\\/02\\\/TL_627913020_1.jpg?fit=800%2C800&ssl=1\",\"width\":800,\"height\":800},{\"@type\":\"BreadcrumbList\",\"@id\":\"https:\\\/\\\/www.twinnyload.com\\\/de\\\/produkt\\\/twinny-load-fahrradtraeger-easy-schere-kupplung-30kg\\\/#breadcrumb\",\"itemListElement\":[{\"@type\":\"ListItem\",\"position\":1,\"name\":\"Home\",\"item\":\"https:\\\/\\\/www.twinnyload.com\\\/de\\\/\"},{\"@type\":\"ListItem\",\"position\":2,\"name\":\"Shop\",\"item\":\"https:\\\/\\\/www.twinnyload.com\\\/de\\\/shop\\\/\"},{\"@type\":\"ListItem\",\"position\":3,\"name\":\"Twinny Load Fahrradtr\u00e4ger Easy (Schere-Kupplung) ->30kg\"}]},{\"@type\":\"WebSite\",\"@id\":\"https:\\\/\\\/www.twinnyload.com\\\/de\\\/#website\",\"url\":\"https:\\\/\\\/www.twinnyload.com\\\/de\\\/\",\"name\":\"TwinnyLoad\",\"description\":\"fietsendragers en dakkoffers\",\"publisher\":{\"@id\":\"https:\\\/\\\/www.twinnyload.com\\\/de\\\/#organization\"},\"potentialAction\":[{\"@type\":\"SearchAction\",\"target\":{\"@type\":\"EntryPoint\",\"urlTemplate\":\"https:\\\/\\\/www.twinnyload.com\\\/de\\\/?s={search_term_string}\"},\"query-input\":{\"@type\":\"PropertyValueSpecification\",\"valueRequired\":true,\"valueName\":\"search_term_string\"}}],\"inLanguage\":\"de\"},{\"@type\":\"Organization\",\"@id\":\"https:\\\/\\\/www.twinnyload.com\\\/de\\\/#organization\",\"name\":\"Twinny Load\",\"url\":\"https:\\\/\\\/www.twinnyload.com\\\/de\\\/\",\"logo\":{\"@type\":\"ImageObject\",\"inLanguage\":\"de\",\"@id\":\"https:\\\/\\\/www.twinnyload.com\\\/de\\\/#\\\/schema\\\/logo\\\/image\\\/\",\"url\":\"https:\\\/\\\/i2.wp.com\\\/www.twinnyload.com\\\/wp-content\\\/uploads\\\/2020\\\/06\\\/Twinny-Load-logo-CMYK.png?fit=531%2C87&ssl=1\",\"contentUrl\":\"https:\\\/\\\/i2.wp.com\\\/www.twinnyload.com\\\/wp-content\\\/uploads\\\/2020\\\/06\\\/Twinny-Load-logo-CMYK.png?fit=531%2C87&ssl=1\",\"width\":531,\"height\":87,\"caption\":\"Twinny Load\"},\"image\":{\"@id\":\"https:\\\/\\\/www.twinnyload.com\\\/de\\\/#\\\/schema\\\/logo\\\/image\\\/\"}}]}<\/script>\n<!-- \/ Yoast SEO plugin. -->","yoast_head_json":{"title":"Twinny Load Fahrradtr\u00e4ger Easy (Schere-Kupplung) ->30kg - TwinnyLoad","robots":{"index":"index","follow":"follow","max-snippet":"max-snippet:-1","max-image-preview":"max-image-preview:large","max-video-preview":"max-video-preview:-1"},"canonical":"https:\/\/www.twinnyload.com\/de\/produkt\/twinny-load-fahrradtraeger-easy-schere-kupplung-30kg\/","og_locale":"de_DE","og_type":"article","og_title":"Twinny Load Fahrradtr\u00e4ger Easy (Schere-Kupplung) ->30kg - TwinnyLoad","og_description":"Twinny Load Fahrradtr\u00e4ger Easy (Schere-Kupplung) ->30kg","og_url":"https:\/\/www.twinnyload.com\/de\/produkt\/twinny-load-fahrradtraeger-easy-schere-kupplung-30kg\/","og_site_name":"TwinnyLoad","article_modified_time":"2021-03-07T15:31:49+00:00","og_image":[{"width":800,"height":800,"url":"https:\/\/i1.wp.com\/www.twinnyload.com\/wp-content\/uploads\/2020\/02\/TL_627913020_1.jpg?fit=800%2C800&ssl=1","type":"image\/jpeg"}],"twitter_card":"summary_large_image","twitter_misc":{"Gesch\u00e4tzte Lesezeit":"1\u00a0Minute"},"schema":{"@context":"https:\/\/schema.org","@graph":[{"@type":"WebPage","@id":"https:\/\/www.twinnyload.com\/de\/produkt\/twinny-load-fahrradtraeger-easy-schere-kupplung-30kg\/","url":"https:\/\/www.twinnyload.com\/de\/produkt\/twinny-load-fahrradtraeger-easy-schere-kupplung-30kg\/","name":"Twinny Load Fahrradtr\u00e4ger Easy (Schere-Kupplung) ->30kg - TwinnyLoad","isPartOf":{"@id":"https:\/\/www.twinnyload.com\/de\/#website"},"primaryImageOfPage":{"@id":"https:\/\/www.twinnyload.com\/de\/produkt\/twinny-load-fahrradtraeger-easy-schere-kupplung-30kg\/#primaryimage"},"image":{"@id":"https:\/\/www.twinnyload.com\/de\/produkt\/twinny-load-fahrradtraeger-easy-schere-kupplung-30kg\/#primaryimage"},"thumbnailUrl":"https:\/\/i0.wp.com\/www.twinnyload.com\/wp-content\/uploads\/2020\/02\/TL_627913020_1.jpg?fit=800%2C800&ssl=1","datePublished":"2020-10-26T14:36:01+00:00","dateModified":"2021-03-07T15:31:49+00:00","breadcrumb":{"@id":"https:\/\/www.twinnyload.com\/de\/produkt\/twinny-load-fahrradtraeger-easy-schere-kupplung-30kg\/#breadcrumb"},"inLanguage":"de","potentialAction":[{"@type":"ReadAction","target":["https:\/\/www.twinnyload.com\/de\/produkt\/twinny-load-fahrradtraeger-easy-schere-kupplung-30kg\/"]}]},{"@type":"ImageObject","inLanguage":"de","@id":"https:\/\/www.twinnyload.com\/de\/produkt\/twinny-load-fahrradtraeger-easy-schere-kupplung-30kg\/#primaryimage","url":"https:\/\/i0.wp.com\/www.twinnyload.com\/wp-content\/uploads\/2020\/02\/TL_627913020_1.jpg?fit=800%2C800&ssl=1","contentUrl":"https:\/\/i0.wp.com\/www.twinnyload.com\/wp-content\/uploads\/2020\/02\/TL_627913020_1.jpg?fit=800%2C800&ssl=1","width":800,"height":800},{"@type":"BreadcrumbList","@id":"https:\/\/www.twinnyload.com\/de\/produkt\/twinny-load-fahrradtraeger-easy-schere-kupplung-30kg\/#breadcrumb","itemListElement":[{"@type":"ListItem","position":1,"name":"Home","item":"https:\/\/www.twinnyload.com\/de\/"},{"@type":"ListItem","position":2,"name":"Shop","item":"https:\/\/www.twinnyload.com\/de\/shop\/"},{"@type":"ListItem","position":3,"name":"Twinny Load Fahrradtr\u00e4ger Easy (Schere-Kupplung) ->30kg"}]},{"@type":"WebSite","@id":"https:\/\/www.twinnyload.com\/de\/#website","url":"https:\/\/www.twinnyload.com\/de\/","name":"TwinnyLoad","description":"fietsendragers en dakkoffers","publisher":{"@id":"https:\/\/www.twinnyload.com\/de\/#organization"},"potentialAction":[{"@type":"SearchAction","target":{"@type":"EntryPoint","urlTemplate":"https:\/\/www.twinnyload.com\/de\/?s={search_term_string}"},"query-input":{"@type":"PropertyValueSpecification","valueRequired":true,"valueName":"search_term_string"}}],"inLanguage":"de"},{"@type":"Organization","@id":"https:\/\/www.twinnyload.com\/de\/#organization","name":"Twinny Load","url":"https:\/\/www.twinnyload.com\/de\/","logo":{"@type":"ImageObject","inLanguage":"de","@id":"https:\/\/www.twinnyload.com\/de\/#\/schema\/logo\/image\/","url":"https:\/\/i2.wp.com\/www.twinnyload.com\/wp-content\/uploads\/2020\/06\/Twinny-Load-logo-CMYK.png?fit=531%2C87&ssl=1","contentUrl":"https:\/\/i2.wp.com\/www.twinnyload.com\/wp-content\/uploads\/2020\/06\/Twinny-Load-logo-CMYK.png?fit=531%2C87&ssl=1","width":531,"height":87,"caption":"Twinny Load"},"image":{"@id":"https:\/\/www.twinnyload.com\/de\/#\/schema\/logo\/image\/"}}]}},"jetpack_sharing_enabled":true,"_links":{"self":[{"href":"https:\/\/www.twinnyload.com\/de\/wp-json\/wp\/v2\/product\/11664","targetHints":{"allow":["GET"]}}],"collection":[{"href":"https:\/\/www.twinnyload.com\/de\/wp-json\/wp\/v2\/product"}],"about":[{"href":"https:\/\/www.twinnyload.com\/de\/wp-json\/wp\/v2\/types\/product"}],"replies":[{"embeddable":true,"href":"https:\/\/www.twinnyload.com\/de\/wp-json\/wp\/v2\/comments?post=11664"}],"wp:featuredmedia":[{"embeddable":true,"href":"https:\/\/www.twinnyload.com\/de\/wp-json\/wp\/v2\/media\/9381"}],"wp:attachment":[{"href":"https:\/\/www.twinnyload.com\/de\/wp-json\/wp\/v2\/media?parent=11664"}],"wp:term":[{"taxonomy":"product_brand","embeddable":true,"href":"https:\/\/www.twinnyload.com\/de\/wp-json\/wp\/v2\/product_brand?post=11664"},{"taxonomy":"product_cat","embeddable":true,"href":"https:\/\/www.twinnyload.com\/de\/wp-json\/wp\/v2\/product_cat?post=11664"},{"taxonomy":"product_tag","embeddable":true,"href":"https:\/\/www.twinnyload.com\/de\/wp-json\/wp\/v2\/product_tag?post=11664"}],"curies":[{"name":"wp","href":"https:\/\/api.w.org\/{rel}","templated":true}]}}